{"id":1319,"date":"2024-03-01T12:21:33","date_gmt":"2024-03-01T11:21:33","guid":{"rendered":"https:\/\/www.mtcontainer.com\/pl\/?page_id=1319"},"modified":"2024-03-01T15:16:56","modified_gmt":"2024-03-01T14:16:56","slug":"kontener-platformowy","status":"publish","type":"page","link":"https:\/\/www.mtcontainer.com\/pl\/kontener-platformowy\/","title":{"rendered":"Kontener Platformowy"},"content":{"rendered":"<style>.kb-row-layout-id1319_3a60bf-2d > .kt-row-column-wrap{align-content:center;}:where(.kb-row-layout-id1319_3a60bf-2d > .kt-row-column-wrap) > .wp-block-kadence-column{justify-content:center;}.kb-row-layout-id1319_3a60bf-2d > .kt-row-column-wrap{column-gap:var(--global-kb-gap-md, 2rem);row-gap:var(--global-kb-gap-md, 2rem);max-width:var( --global-content-width, 1600px );padding-left:var(--global-content-edge-padding);padding-right:var(--global-content-edge-padding);padding-top:50px;padding-bottom:50px;grid-template-columns:minmax(0, calc(55% - ((var(--global-kb-gap-md, 2rem) * 1 )\/2)))minmax(0, calc(45% - ((var(--global-kb-gap-md, 2rem) * 1 )\/2)));}.kb-row-layout-id1319_3a60bf-2d{background-color:#f7fafc;}.kb-row-layout-id1319_3a60bf-2d > .kt-row-layout-overlay{opacity:0.30;}@media all and (max-width: 1024px){.kb-row-layout-id1319_3a60bf-2d > .kt-row-column-wrap{padding-top:0px;grid-template-columns:minmax(0, 1fr);}}@media all and (max-width: 767px){.kb-row-layout-id1319_3a60bf-2d > .kt-row-column-wrap{padding-bottom:51px;grid-template-columns:minmax(0, 1fr);}}<\/style><div class=\"kb-row-layout-wrap kb-row-layout-id1319_3a60bf-2d alignfull kt-row-has-bg wp-block-kadence-rowlayout\" id=\"hero\"><div class=\"kt-row-column-wrap kt-has-2-columns kt-row-layout-equal kt-tab-layout-row kt-mobile-layout-row kt-row-valign-middle kb-theme-content-width\">\n<style>.kadence-column1319_442bba-2e > .kt-inside-inner-col{padding-top:var(--global-kb-spacing-md, 2rem);padding-right:var(--global-kb-spacing-md, 2rem);padding-bottom:var(--global-kb-spacing-md, 2rem);padding-left:var(--global-kb-spacing-md, 2rem);}.kadence-column1319_442bba-2e > .kt-inside-inner-col,.kadence-column1319_442bba-2e > .kt-inside-inner-col:before{border-top-left-radius:0px;border-top-right-radius:0px;border-bottom-right-radius:0px;border-bottom-left-radius:0px;}.kadence-column1319_442bba-2e > .kt-inside-inner-col{column-gap:var(--global-kb-gap-sm, 1rem);}.kadence-column1319_442bba-2e > .kt-inside-inner-col{flex-direction:column;}.kadence-column1319_442bba-2e > .kt-inside-inner-col > .aligncenter{width:100%;}.kadence-column1319_442bba-2e > .kt-inside-inner-col:before{opacity:0.5;background-color:var(--global-palette9, #ffffff);}.kadence-column1319_442bba-2e{position:relative;}@media all and (max-width: 1024px){.kadence-column1319_442bba-2e > .kt-inside-inner-col{flex-direction:column;justify-content:center;}}@media all and (max-width: 767px){.kadence-column1319_442bba-2e > .kt-inside-inner-col{flex-direction:column;justify-content:center;}}<\/style>\n<div class=\"wp-block-kadence-column kadence-column1319_442bba-2e kb-section-has-overlay inner-column-2\"><div class=\"kt-inside-inner-col\"><style>.wp-block-kadence-advancedheading.kt-adv-heading1319_46ee73-3f, .wp-block-kadence-advancedheading.kt-adv-heading1319_46ee73-3f[data-kb-block=\"kb-adv-heading1319_46ee73-3f\"]{font-size:var(--global-kb-font-size-xl, 3rem);font-style:normal;color:#00187c;}.wp-block-kadence-advancedheading.kt-adv-heading1319_46ee73-3f mark.kt-highlight, .wp-block-kadence-advancedheading.kt-adv-heading1319_46ee73-3f[data-kb-block=\"kb-adv-heading1319_46ee73-3f\"] mark.kt-highlight{font-style:normal;color:#f76a0c;-webkit-box-decoration-break:clone;box-decoration-break:clone;padding-top:0px;padding-right:0px;padding-bottom:0px;padding-left:0px;}.wp-block-kadence-advancedheading.kt-adv-heading1319_46ee73-3f img.kb-inline-image, .wp-block-kadence-advancedheading.kt-adv-heading1319_46ee73-3f[data-kb-block=\"kb-adv-heading1319_46ee73-3f\"] img.kb-inline-image{width:150px;vertical-align:baseline;}@media all and (max-width: 767px){.wp-block-kadence-advancedheading.kt-adv-heading1319_46ee73-3f, .wp-block-kadence-advancedheading.kt-adv-heading1319_46ee73-3f[data-kb-block=\"kb-adv-heading1319_46ee73-3f\"]{font-size:var(--global-kb-font-size-lg, 2rem);}}<\/style>\n<h1 class=\"kt-adv-heading1319_46ee73-3f wp-block-kadence-advancedheading\" data-kb-block=\"kb-adv-heading1319_46ee73-3f\">Kontener Platformowy<\/h1>\n\n\n\n<p>Kontener platformowy zapewnia mo\u017cliwo\u015b\u0107 transportu towar\u00f3w o specyficznych wymaganiach.&nbsp;<\/p>\n<\/div><\/div>\n\n\n<style>.kadence-column1319_86cbe7-97 > .kt-inside-inner-col{display:flex;}.kadence-column1319_86cbe7-97 > .kt-inside-inner-col,.kadence-column1319_86cbe7-97 > .kt-inside-inner-col:before{border-top-left-radius:0px;border-top-right-radius:0px;border-bottom-right-radius:0px;border-bottom-left-radius:0px;}.kadence-column1319_86cbe7-97 > .kt-inside-inner-col{column-gap:var(--global-kb-gap-sm, 1rem);}.kadence-column1319_86cbe7-97 > .kt-inside-inner-col{flex-direction:column;justify-content:center;}.kadence-column1319_86cbe7-97 > .kt-inside-inner-col > .aligncenter{width:100%;}.kt-row-column-wrap > .kadence-column1319_86cbe7-97{align-self:center;}.kt-inner-column-height-full:not(.kt-has-1-columns) > .wp-block-kadence-column.kadence-column1319_86cbe7-97{align-self:auto;}.kt-inner-column-height-full:not(.kt-has-1-columns) > .wp-block-kadence-column.kadence-column1319_86cbe7-97 > .kt-inside-inner-col{flex-direction:column;justify-content:center;}.kadence-column1319_86cbe7-97 > .kt-inside-inner-col:before{opacity:0.3;}.kadence-column1319_86cbe7-97{position:relative;}@media all and (max-width: 1024px){.kt-row-column-wrap > .kadence-column1319_86cbe7-97{align-self:center;}}@media all and (max-width: 1024px){.kt-inner-column-height-full:not(.kt-has-1-columns) > .wp-block-kadence-column.kadence-column1319_86cbe7-97{align-self:auto;}}@media all and (max-width: 1024px){.kt-inner-column-height-full:not(.kt-has-1-columns) > .wp-block-kadence-column.kadence-column1319_86cbe7-97 > .kt-inside-inner-col{flex-direction:column;justify-content:center;}}@media all and (max-width: 1024px){.kadence-column1319_86cbe7-97 > .kt-inside-inner-col{flex-direction:column;justify-content:center;}}@media all and (max-width: 767px){.kt-row-column-wrap > .kadence-column1319_86cbe7-97{align-self:center;}.kt-inner-column-height-full:not(.kt-has-1-columns) > .wp-block-kadence-column.kadence-column1319_86cbe7-97{align-self:auto;}.kt-inner-column-height-full:not(.kt-has-1-columns) > .wp-block-kadence-column.kadence-column1319_86cbe7-97 > .kt-inside-inner-col{flex-direction:column;justify-content:center;}.kadence-column1319_86cbe7-97 > .kt-inside-inner-col{flex-direction:column;justify-content:center;}}<\/style>\n<div class=\"wp-block-kadence-column kadence-column1319_86cbe7-97 inner-column-1\"><div class=\"kt-inside-inner-col\"><style>.kb-image1319_dd00bf-be.kb-image-is-ratio-size, .kb-image1319_dd00bf-be .kb-image-is-ratio-size{max-width:448px;width:100%;}.wp-block-kadence-column > .kt-inside-inner-col > .kb-image1319_dd00bf-be.kb-image-is-ratio-size, .wp-block-kadence-column > .kt-inside-inner-col > .kb-image1319_dd00bf-be .kb-image-is-ratio-size{align-self:unset;}.kb-image1319_dd00bf-be figure{max-width:448px;}.kb-image1319_dd00bf-be .image-is-svg, .kb-image1319_dd00bf-be .image-is-svg img{width:100%;}.kb-image1319_dd00bf-be .kb-image-has-overlay:after{opacity:0.3;}<\/style>\n<div class=\"wp-block-kadence-image kb-image1319_dd00bf-be\"><figure class=\"aligncenter size-full\"><img decoding=\"async\" width=\"605\" height=\"448\" src=\"https:\/\/www.mtcontainer.com\/pl\/wp-content\/uploads\/sites\/12\/2024\/03\/Kontener-Platformowy.png\" alt=\"\" class=\"kb-img wp-image-1320 skip-lazy kb-skip-lazy\" srcset=\"https:\/\/www.mtcontainer.com\/pl\/wp-content\/uploads\/sites\/12\/2024\/03\/Kontener-Platformowy.png 605w, https:\/\/www.mtcontainer.com\/pl\/wp-content\/uploads\/sites\/12\/2024\/03\/Kontener-Platformowy-300x222.png 300w\" sizes=\"(max-width: 605px) 100vw, 605px\" \/><\/figure><\/div>\n<\/div><\/div>\n\n<\/div><\/div>\n\n<style>.kb-row-layout-wrap.wp-block-kadence-rowlayout.kb-row-layout-id1319_faaf5e-2a{margin-top:0px;}.kb-row-layout-id1319_faaf5e-2a > .kt-row-column-wrap{align-content:start;}:where(.kb-row-layout-id1319_faaf5e-2a > .kt-row-column-wrap) > .wp-block-kadence-column{justify-content:start;}.kb-row-layout-id1319_faaf5e-2a > .kt-row-column-wrap{column-gap:var(--global-kb-gap-lg, 4rem);row-gap:var(--global-kb-gap-md, 2rem);max-width:var( --global-content-width, 1600px );padding-left:var(--global-content-edge-padding);padding-right:var(--global-content-edge-padding);padding-top:45px;padding-bottom:45px;grid-template-columns:minmax(0, 1fr);}.kb-row-layout-id1319_faaf5e-2a > .kt-row-layout-overlay{opacity:0.30;}@media all and (max-width: 1024px){.kb-row-layout-id1319_faaf5e-2a > .kt-row-column-wrap{grid-template-columns:minmax(0, 1fr);}}@media all and (max-width: 767px){.kb-row-layout-id1319_faaf5e-2a > .kt-row-column-wrap{grid-template-columns:minmax(0, 1fr);}}<\/style><div class=\"kb-row-layout-wrap kb-row-layout-id1319_faaf5e-2a alignfull has-theme-palette9-background-color kt-row-has-bg wp-block-kadence-rowlayout\"><div class=\"kt-row-column-wrap kt-has-1-columns kt-row-layout-equal kt-tab-layout-inherit kt-mobile-layout-row kt-row-valign-top kb-theme-content-width\">\n<style>.kadence-column1319_c1d76c-71 > .kt-inside-inner-col,.kadence-column1319_c1d76c-71 > .kt-inside-inner-col:before{border-top-left-radius:0px;border-top-right-radius:0px;border-bottom-right-radius:0px;border-bottom-left-radius:0px;}.kadence-column1319_c1d76c-71 > .kt-inside-inner-col{column-gap:var(--global-kb-gap-sm, 1rem);}.kadence-column1319_c1d76c-71 > .kt-inside-inner-col{flex-direction:column;}.kadence-column1319_c1d76c-71 > .kt-inside-inner-col > .aligncenter{width:100%;}.kadence-column1319_c1d76c-71 > .kt-inside-inner-col:before{opacity:0.3;}.kadence-column1319_c1d76c-71{position:relative;}@media all and (max-width: 1024px){.kadence-column1319_c1d76c-71 > .kt-inside-inner-col{flex-direction:column;justify-content:center;}}@media all and (max-width: 767px){.kadence-column1319_c1d76c-71 > .kt-inside-inner-col{flex-direction:column;justify-content:center;}}<\/style>\n<div class=\"wp-block-kadence-column kadence-column1319_c1d76c-71 inner-column-2\" id=\"content\"><div class=\"kt-inside-inner-col\"><style>.wp-block-kadence-advancedheading.kt-adv-heading1319_3dd234-e8, .wp-block-kadence-advancedheading.kt-adv-heading1319_3dd234-e8[data-kb-block=\"kb-adv-heading1319_3dd234-e8\"]{padding-top:0px;margin-top:0px;font-style:normal;color:#00187c;}.wp-block-kadence-advancedheading.kt-adv-heading1319_3dd234-e8 mark.kt-highlight, .wp-block-kadence-advancedheading.kt-adv-heading1319_3dd234-e8[data-kb-block=\"kb-adv-heading1319_3dd234-e8\"] mark.kt-highlight{font-style:normal;color:#f76a0c;-webkit-box-decoration-break:clone;box-decoration-break:clone;padding-top:0px;padding-right:0px;padding-bottom:0px;padding-left:0px;}.wp-block-kadence-advancedheading.kt-adv-heading1319_3dd234-e8 img.kb-inline-image, .wp-block-kadence-advancedheading.kt-adv-heading1319_3dd234-e8[data-kb-block=\"kb-adv-heading1319_3dd234-e8\"] img.kb-inline-image{width:150px;vertical-align:baseline;}<\/style>\n<h2 class=\"kt-adv-heading1319_3dd234-e8 wp-block-kadence-advancedheading\" data-kb-block=\"kb-adv-heading1319_3dd234-e8\">MO\u017bLIWO\u015aCI KONTENERA PLATFORMOWEGO<\/h2>\n\n\n\n<p>Kontener platformowy r\u00f3\u017cni si\u0119 ju\u017c na pierwszy rzut oka od kontenera standardowego, poniewa\u017c nie posiada \u015bcian bocznych ani czo\u0142owych. To odr\u00f3\u017cnia go od kontener\u00f3w Flat Rack, kt\u00f3re wyposa\u017cone s\u0105 w \u015bciany czo\u0142owe.<\/p>\n\n\n\n<p>Szczeg\u00f3lnie wytrzyma\u0142a konstrukcja stalowa wraz z drewnian\u0105 pod\u0142og\u0105 oferuje odpowiednie pod\u0142o\u017ce dla ci\u0119\u017ckich i niepor\u0119cznych towar\u00f3w. Dzi\u0119ki nadzwyczajnej no\u015bno\u015bci, mo\u017cna umieszcza\u0107 szczeg\u00f3lnie ci\u0119\u017ckie przedmioty na ma\u0142ej powierzchni.<\/p>\n\n\n\n<p>Zasadnicza powierzchnia kontenera platformowego odpowiada standardowym wymiarom kontener\u00f3w, tj. 20 st\u00f3p lub 40 st\u00f3p. Wielko\u015bc \u0142adunku nie stanowi prawie \u017cadnych ogranicze\u0144. Kontener platformowy spe\u0142nia wszystkie wymagania. W celu ich sk\u0142adowania mo\u017cna umie\u015bci\u0107 kilka kontener\u00f3w platformowych obok siebie.<\/p>\n\n\n\n<p>Aby bezpiecznie i stabilnie zamocowa\u0107 \u0142adunek, wzd\u0142u\u017c element\u00f3w bocznych przytwierdzone s\u0105 liczne pier\u015bcienie mocuj\u0105ce.<\/p>\n\n\n\n<p>Szczeg\u00f3lnie przydatne ,w przypadku zwi\u0119kszonego \u0142adunku, s\u0105 kontenery platformowe o d\u0142ugo\u015bci 40 st\u00f3p, kt\u00f3re maj\u0105 tunel \u201cg\u0119sia szyja\u201d (gooseneck-tunel) na obu ko\u0144cach.<\/p>\n\n\n<style>.wp-block-kadence-spacer.kt-block-spacer-1319_2bae1c-70 .kt-block-spacer{height:36px;}.wp-block-kadence-spacer.kt-block-spacer-1319_2bae1c-70 .kt-divider{border-top-width:2px;border-top-color:#00187c;width:80%;border-top-style:solid;}<\/style>\n<div class=\"wp-block-kadence-spacer aligncenter kt-block-spacer-1319_2bae1c-70\"><div class=\"kt-block-spacer kt-block-spacer-halign-center\"><hr class=\"kt-divider\"\/><\/div><\/div>\n\n\n<style>.wp-block-kadence-advancedheading.kt-adv-heading1319_c2c94c-f6, .wp-block-kadence-advancedheading.kt-adv-heading1319_c2c94c-f6[data-kb-block=\"kb-adv-heading1319_c2c94c-f6\"]{padding-top:0px;margin-top:0px;font-style:normal;color:#00187c;}.wp-block-kadence-advancedheading.kt-adv-heading1319_c2c94c-f6 mark.kt-highlight, .wp-block-kadence-advancedheading.kt-adv-heading1319_c2c94c-f6[data-kb-block=\"kb-adv-heading1319_c2c94c-f6\"] mark.kt-highlight{font-style:normal;color:#f76a0c;-webkit-box-decoration-break:clone;box-decoration-break:clone;padding-top:0px;padding-right:0px;padding-bottom:0px;padding-left:0px;}.wp-block-kadence-advancedheading.kt-adv-heading1319_c2c94c-f6 img.kb-inline-image, .wp-block-kadence-advancedheading.kt-adv-heading1319_c2c94c-f6[data-kb-block=\"kb-adv-heading1319_c2c94c-f6\"] img.kb-inline-image{width:150px;vertical-align:baseline;}<\/style>\n<h2 class=\"kt-adv-heading1319_c2c94c-f6 wp-block-kadence-advancedheading\" data-kb-block=\"kb-adv-heading1319_c2c94c-f6\">W\u0141A\u015aCIWO\u015aCI I OBSZARY ZASTOSOWANIA KONTENERA PLATFORMOWEGO<\/h2>\n\n\n\n<p>Kontenery platformowe charakteryzuje przede wszystkim drewniana konstrukcja pod\u0142ogi, kt\u00f3ra jest odporna na wysokie obci\u0105\u017cenia. Ten typ kontenera nie posiada \u015bcian bocznych oraz czo\u0142owych. Kontener uzbrojony jest w pier\u015bcienie mocuj\u0105ce, kt\u00f3re maj\u0105 na celu zabezpieczenie \u0142adunku.<\/p>\n\n\n\n<p>Kontenery platformowe doskonale sprawdz\u0105 si\u0119 w przypadku transportu nadwymiarowych i bardzo ci\u0119\u017ckich towar\u00f3w takich jak maszyny XXL, traktory czy cz\u0119\u015bci do budowy samolot\u00f3w.<\/p>\n\n\n<style>.wp-block-kadence-spacer.kt-block-spacer-1319_715fe1-3a .kt-block-spacer{height:36px;}.wp-block-kadence-spacer.kt-block-spacer-1319_715fe1-3a .kt-divider{border-top-width:2px;border-top-color:#00187c;width:80%;border-top-style:solid;}<\/style>\n<div class=\"wp-block-kadence-spacer aligncenter kt-block-spacer-1319_715fe1-3a\"><div class=\"kt-block-spacer kt-block-spacer-halign-center\"><hr class=\"kt-divider\"\/><\/div><\/div>\n\n\n<style>.wp-block-kadence-advancedheading.kt-adv-heading1319_a711e3-4a, .wp-block-kadence-advancedheading.kt-adv-heading1319_a711e3-4a[data-kb-block=\"kb-adv-heading1319_a711e3-4a\"]{padding-top:0px;margin-top:0px;font-style:normal;color:#00187c;}.wp-block-kadence-advancedheading.kt-adv-heading1319_a711e3-4a mark.kt-highlight, .wp-block-kadence-advancedheading.kt-adv-heading1319_a711e3-4a[data-kb-block=\"kb-adv-heading1319_a711e3-4a\"] mark.kt-highlight{font-style:normal;color:#f76a0c;-webkit-box-decoration-break:clone;box-decoration-break:clone;padding-top:0px;padding-right:0px;padding-bottom:0px;padding-left:0px;}.wp-block-kadence-advancedheading.kt-adv-heading1319_a711e3-4a img.kb-inline-image, .wp-block-kadence-advancedheading.kt-adv-heading1319_a711e3-4a[data-kb-block=\"kb-adv-heading1319_a711e3-4a\"] img.kb-inline-image{width:150px;vertical-align:baseline;}<\/style>\n<h2 class=\"kt-adv-heading1319_a711e3-4a wp-block-kadence-advancedheading\" data-kb-block=\"kb-adv-heading1319_a711e3-4a\">ZAKUP LUB WYNAJEM KONTENER\u00d3W PLATFORMOWYCH<\/h2>\n\n\n\n<p>W MT Container GmbH w Hamburgu mo\u017cna zakupi\u0107 lub kr\u00f3tkoterminowo wynaj\u0105\u0107 kontenery platformowe. Na \u017cyczenie klienta transportujemy kontenery z portu hamburskiego do miejsca docelowego.<\/p>\n\n\n\n<p><a href=\"tel:+494027160909\">Zach\u0119camy do kontaktu<\/a>&nbsp;z naszym kompetentym zespo\u0142em. Przygotujemy niezobowi\u0105zuj\u0105c\u0105 ofert\u0119. Poza kontenerami platformowymi oferujemy r\u00f3wnie\u017c inne kontenery \u2013 np. kontenery morskie, ch\u0142odnicze, magazynowe, biurowe, cysterny, jak r\u00f3wnie\u017c kontenery Hard Top, Flat Rack lub Open Side.<\/p>\n\n\n\n<figure class=\"wp-block-table is-style-regular\"><table class=\"has-theme-palette-3-color has-theme-palette-9-background-color has-text-color has-background has-link-color\"><tbody><tr><td><strong><strong>Typ pojemnika<\/strong><\/strong><\/td><td><strong>Wymiary zewn\u0119trzne<\/strong><\/td><td><strong>Waga<\/strong><\/td><\/tr><tr><td><strong>20 ST\u00d3P KONTENER PLATFORMOWY<\/strong><\/td><td>D\u0142ugo\u015b\u0107 6085 mm | Szeroko\u015b\u0107 2438 mm | Wysoko\u015b\u0107 2233 mm<\/td><td>Masa w\u0142asna 2700 kg | \u0141adowno\u015b\u0107 24000 kg |<\/td><\/tr><tr><td><strong><strong>40 ST\u00d3P KONTENER PLATFORMOWY<\/strong><\/strong><\/td><td>D\u0142ugo\u015b\u0107 12190 mm | Szeroko\u015b\u0107 2430 mm | Wysoko\u015b\u0107 1950 mm<\/td><td>Masa w\u0142asna 5800 kg | \u0141adowno\u015b\u0107 39200 kg<\/td><\/tr><\/tbody><\/table><\/figure>\n\n\n<style>.wp-block-kadence-advancedbtn.kb-btns1319_1fcb19-52{gap:var(--global-kb-gap-xs, 0.5rem );justify-content:flex-start;align-items:center;}.kt-btns1319_1fcb19-52 .kt-button{font-weight:normal;font-style:normal;}.kt-btns1319_1fcb19-52 .kt-btn-wrap-0{margin-right:5px;}.wp-block-kadence-advancedbtn.kt-btns1319_1fcb19-52 .kt-btn-wrap-0 .kt-button{color:#555555;border-color:#555555;}.wp-block-kadence-advancedbtn.kt-btns1319_1fcb19-52 .kt-btn-wrap-0 .kt-button:hover, .wp-block-kadence-advancedbtn.kt-btns1319_1fcb19-52 .kt-btn-wrap-0 .kt-button:focus{color:#ffffff;border-color:#444444;}.wp-block-kadence-advancedbtn.kt-btns1319_1fcb19-52 .kt-btn-wrap-0 .kt-button::before{display:none;}.wp-block-kadence-advancedbtn.kt-btns1319_1fcb19-52 .kt-btn-wrap-0 .kt-button:hover, .wp-block-kadence-advancedbtn.kt-btns1319_1fcb19-52 .kt-btn-wrap-0 .kt-button:focus{background:#444444;}<\/style>\n<div class=\"wp-block-kadence-advancedbtn kb-buttons-wrap kb-btns1319_1fcb19-52\"><style>ul.menu .wp-block-kadence-advancedbtn .kb-btn1319_ff7940-6a.kb-button{width:initial;}.wp-block-kadence-advancedbtn .kb-btn1319_ff7940-6a.kb-button{color:#00187c;background:#ffe783;border-top-left-radius:0px;border-top-right-radius:0px;border-bottom-right-radius:0px;border-bottom-left-radius:0px;border-top:2px solid #ffe783;border-right:2px solid #ffe783;border-bottom:2px solid #ffe783;border-left:2px solid #ffe783;}.wp-block-kadence-advancedbtn .kb-btn1319_ff7940-6a.kb-button:hover, .wp-block-kadence-advancedbtn .kb-btn1319_ff7940-6a.kb-button:focus{background:var(--global-palette9, #ffffff);border-top-left-radius:0px;border-top-right-radius:0px;border-bottom-right-radius:0px;border-bottom-left-radius:0px;border-top:2px solid var(--global-palette2, #2B6CB0);border-right:2px solid var(--global-palette2, #2B6CB0);border-bottom:2px solid var(--global-palette2, #2B6CB0);border-left:2px solid var(--global-palette2, #2B6CB0);}@media all and (max-width: 1024px){.wp-block-kadence-advancedbtn .kb-btn1319_ff7940-6a.kb-button{border-top:2px solid #ffe783;border-right:2px solid #ffe783;border-bottom:2px solid #ffe783;border-left:2px solid #ffe783;}}@media all and (max-width: 1024px){.wp-block-kadence-advancedbtn .kb-btn1319_ff7940-6a.kb-button:hover, .wp-block-kadence-advancedbtn .kb-btn1319_ff7940-6a.kb-button:focus{border-top:2px solid var(--global-palette2, #2B6CB0);border-right:2px solid var(--global-palette2, #2B6CB0);border-bottom:2px solid var(--global-palette2, #2B6CB0);border-left:2px solid var(--global-palette2, #2B6CB0);}}@media all and (max-width: 767px){.wp-block-kadence-advancedbtn .kb-btn1319_ff7940-6a.kb-button{border-top:2px solid #ffe783;border-right:2px solid #ffe783;border-bottom:2px solid #ffe783;border-left:2px solid #ffe783;}.wp-block-kadence-advancedbtn .kb-btn1319_ff7940-6a.kb-button:hover, .wp-block-kadence-advancedbtn .kb-btn1319_ff7940-6a.kb-button:focus{border-top:2px solid var(--global-palette2, #2B6CB0);border-right:2px solid var(--global-palette2, #2B6CB0);border-bottom:2px solid var(--global-palette2, #2B6CB0);border-left:2px solid var(--global-palette2, #2B6CB0);}}<\/style><a class=\"kb-button kt-button button kb-btn1319_ff7940-6a kt-btn-size-standard kt-btn-width-type-auto kb-btn-global-fill  kt-btn-has-text-true kt-btn-has-svg-true  wp-block-kadence-singlebtn\" href=\"\/contact\"><span class=\"kt-btn-inner-text\">Kontakt<\/span><span class=\"kb-svg-icon-wrap kb-svg-icon-fe_arrowRight kt-btn-icon-side-right\"><svg viewBox=\"0 0 24 24\"  fill=\"none\" stroke=\"currentColor\" stroke-width=\"2\" stroke-linecap=\"round\" stroke-linejoin=\"round\" xmlns=\"http:\/\/www.w3.org\/2000\/svg\"  aria-hidden=\"true\"><line x1=\"5\" y1=\"12\" x2=\"19\" y2=\"12\"\/><polyline points=\"12 5 19 12 12 19\"\/><\/svg><\/span><\/a><\/div>\n<\/div><\/div>\n\n<\/div><\/div>","protected":false},"excerpt":{"rendered":"<p>Kontener Platformowy Kontener platformowy zapewnia mo\u017cliwo\u015b\u0107 transportu towar\u00f3w o specyficznych wymaganiach.&nbsp; MO\u017bLIWO\u015aCI KONTENERA PLATFORMOWEGO Kontener platformowy r\u00f3\u017cni si\u0119 ju\u017c na pierwszy rzut oka od kontenera standardowego, poniewa\u017c nie posiada \u015bcian bocznych ani czo\u0142owych. To odr\u00f3\u017cnia go od kontener\u00f3w Flat Rack, kt\u00f3re wyposa\u017cone s\u0105 w \u015bciany czo\u0142owe. Szczeg\u00f3lnie wytrzyma\u0142a konstrukcja stalowa wraz z drewnian\u0105 pod\u0142og\u0105 oferuje&#8230;<\/p>\n","protected":false},"author":7,"featured_media":0,"parent":1368,"menu_order":0,"comment_status":"closed","ping_status":"closed","template":"","meta":{"_acf_changed":false,"_kad_blocks_custom_css":"","_kad_blocks_head_custom_js":"","_kad_blocks_body_custom_js":"","_kad_blocks_footer_custom_js":"","_kad_post_transparent":"","_kad_post_title":"","_kad_post_layout":"","_kad_post_sidebar_id":"","_kad_post_content_style":"","_kad_post_vertical_padding":"","_kad_post_feature":"","_kad_post_feature_position":"","_kad_post_header":false,"_kad_post_footer":false,"_kad_post_classname":"","footnotes":""},"class_list":["post-1319","page","type-page","status-publish","hentry"],"acf":[],"taxonomy_info":[],"featured_image_src_large":false,"author_info":{"display_name":"marlon","author_link":"https:\/\/www.mtcontainer.com\/pl\/author\/marlon\/"},"comment_info":0,"_links":{"self":[{"href":"https:\/\/www.mtcontainer.com\/pl\/wp-json\/wp\/v2\/pages\/1319","targetHints":{"allow":["GET"]}}],"collection":[{"href":"https:\/\/www.mtcontainer.com\/pl\/wp-json\/wp\/v2\/pages"}],"about":[{"href":"https:\/\/www.mtcontainer.com\/pl\/wp-json\/wp\/v2\/types\/page"}],"author":[{"embeddable":true,"href":"https:\/\/www.mtcontainer.com\/pl\/wp-json\/wp\/v2\/users\/7"}],"replies":[{"embeddable":true,"href":"https:\/\/www.mtcontainer.com\/pl\/wp-json\/wp\/v2\/comments?post=1319"}],"version-history":[{"count":1,"href":"https:\/\/www.mtcontainer.com\/pl\/wp-json\/wp\/v2\/pages\/1319\/revisions"}],"predecessor-version":[{"id":1321,"href":"https:\/\/www.mtcontainer.com\/pl\/wp-json\/wp\/v2\/pages\/1319\/revisions\/1321"}],"up":[{"embeddable":true,"href":"https:\/\/www.mtcontainer.com\/pl\/wp-json\/wp\/v2\/pages\/1368"}],"wp:attachment":[{"href":"https:\/\/www.mtcontainer.com\/pl\/wp-json\/wp\/v2\/media?parent=1319"}],"curies":[{"name":"wp","href":"https:\/\/api.w.org\/{rel}","templated":true}]}}