{"id":1316,"date":"2024-03-01T12:18:11","date_gmt":"2024-03-01T11:18:11","guid":{"rendered":"https:\/\/www.mtcontainer.com\/pl\/?page_id=1316"},"modified":"2024-03-01T15:14:23","modified_gmt":"2024-03-01T14:14:23","slug":"kontener-biurowy","status":"publish","type":"page","link":"https:\/\/www.mtcontainer.com\/pl\/kontener-biurowy\/","title":{"rendered":"Kontener biurowy"},"content":{"rendered":"<style>.kb-row-layout-id1316_5e1eee-00 > .kt-row-column-wrap{align-content:center;}:where(.kb-row-layout-id1316_5e1eee-00 > .kt-row-column-wrap) > .wp-block-kadence-column{justify-content:center;}.kb-row-layout-id1316_5e1eee-00 > .kt-row-column-wrap{column-gap:var(--global-kb-gap-md, 2rem);row-gap:var(--global-kb-gap-md, 2rem);max-width:var( --global-content-width, 1600px );padding-left:var(--global-content-edge-padding);padding-right:var(--global-content-edge-padding);padding-top:50px;padding-bottom:50px;grid-template-columns:minmax(0, calc(55% - ((var(--global-kb-gap-md, 2rem) * 1 )\/2)))minmax(0, calc(45% - ((var(--global-kb-gap-md, 2rem) * 1 )\/2)));}.kb-row-layout-id1316_5e1eee-00{background-color:#f7fafc;}.kb-row-layout-id1316_5e1eee-00 > .kt-row-layout-overlay{opacity:0.30;}@media all and (max-width: 1024px){.kb-row-layout-id1316_5e1eee-00 > .kt-row-column-wrap{padding-top:0px;grid-template-columns:minmax(0, 1fr);}}@media all and (max-width: 767px){.kb-row-layout-id1316_5e1eee-00 > .kt-row-column-wrap{padding-bottom:51px;grid-template-columns:minmax(0, 1fr);}}<\/style><div class=\"kb-row-layout-wrap kb-row-layout-id1316_5e1eee-00 alignfull kt-row-has-bg wp-block-kadence-rowlayout\" id=\"hero\"><div class=\"kt-row-column-wrap kt-has-2-columns kt-row-layout-equal kt-tab-layout-row kt-mobile-layout-row kt-row-valign-middle kb-theme-content-width\">\n<style>.kadence-column1316_f922e3-45 > .kt-inside-inner-col{padding-top:var(--global-kb-spacing-md, 2rem);padding-right:var(--global-kb-spacing-md, 2rem);padding-bottom:var(--global-kb-spacing-md, 2rem);padding-left:var(--global-kb-spacing-md, 2rem);}.kadence-column1316_f922e3-45 > .kt-inside-inner-col,.kadence-column1316_f922e3-45 > .kt-inside-inner-col:before{border-top-left-radius:0px;border-top-right-radius:0px;border-bottom-right-radius:0px;border-bottom-left-radius:0px;}.kadence-column1316_f922e3-45 > .kt-inside-inner-col{column-gap:var(--global-kb-gap-sm, 1rem);}.kadence-column1316_f922e3-45 > .kt-inside-inner-col{flex-direction:column;}.kadence-column1316_f922e3-45 > .kt-inside-inner-col > .aligncenter{width:100%;}.kadence-column1316_f922e3-45 > .kt-inside-inner-col:before{opacity:0.5;background-color:var(--global-palette9, #ffffff);}.kadence-column1316_f922e3-45{position:relative;}@media all and (max-width: 1024px){.kadence-column1316_f922e3-45 > .kt-inside-inner-col{flex-direction:column;justify-content:center;}}@media all and (max-width: 767px){.kadence-column1316_f922e3-45 > .kt-inside-inner-col{flex-direction:column;justify-content:center;}}<\/style>\n<div class=\"wp-block-kadence-column kadence-column1316_f922e3-45 kb-section-has-overlay inner-column-2\"><div class=\"kt-inside-inner-col\"><style>.wp-block-kadence-advancedheading.kt-adv-heading1316_46cbfa-3b, .wp-block-kadence-advancedheading.kt-adv-heading1316_46cbfa-3b[data-kb-block=\"kb-adv-heading1316_46cbfa-3b\"]{font-size:var(--global-kb-font-size-xl, 3rem);font-style:normal;color:#00187c;}.wp-block-kadence-advancedheading.kt-adv-heading1316_46cbfa-3b mark.kt-highlight, .wp-block-kadence-advancedheading.kt-adv-heading1316_46cbfa-3b[data-kb-block=\"kb-adv-heading1316_46cbfa-3b\"] mark.kt-highlight{font-style:normal;color:#f76a0c;-webkit-box-decoration-break:clone;box-decoration-break:clone;padding-top:0px;padding-right:0px;padding-bottom:0px;padding-left:0px;}.wp-block-kadence-advancedheading.kt-adv-heading1316_46cbfa-3b img.kb-inline-image, .wp-block-kadence-advancedheading.kt-adv-heading1316_46cbfa-3b[data-kb-block=\"kb-adv-heading1316_46cbfa-3b\"] img.kb-inline-image{width:150px;vertical-align:baseline;}@media all and (max-width: 767px){.wp-block-kadence-advancedheading.kt-adv-heading1316_46cbfa-3b, .wp-block-kadence-advancedheading.kt-adv-heading1316_46cbfa-3b[data-kb-block=\"kb-adv-heading1316_46cbfa-3b\"]{font-size:var(--global-kb-font-size-lg, 2rem);}}<\/style>\n<h1 class=\"kt-adv-heading1316_46cbfa-3b wp-block-kadence-advancedheading\" data-kb-block=\"kb-adv-heading1316_46cbfa-3b\">Kontener biurowy<\/h1>\n\n\n\n<p>Kontener biurowy to idealny, elastyczny system do tworzenia miejsc pracy w praktycznie ka\u017cdym miejscu bez konieczno\u015bci wcze\u015bniejszego przygotowania.\u00a0<\/p>\n<\/div><\/div>\n\n\n<style>.kadence-column1316_361bb8-21 > .kt-inside-inner-col{display:flex;}.kadence-column1316_361bb8-21 > .kt-inside-inner-col,.kadence-column1316_361bb8-21 > .kt-inside-inner-col:before{border-top-left-radius:0px;border-top-right-radius:0px;border-bottom-right-radius:0px;border-bottom-left-radius:0px;}.kadence-column1316_361bb8-21 > .kt-inside-inner-col{column-gap:var(--global-kb-gap-sm, 1rem);}.kadence-column1316_361bb8-21 > .kt-inside-inner-col{flex-direction:column;justify-content:center;}.kadence-column1316_361bb8-21 > .kt-inside-inner-col > .aligncenter{width:100%;}.kt-row-column-wrap > .kadence-column1316_361bb8-21{align-self:center;}.kt-inner-column-height-full:not(.kt-has-1-columns) > .wp-block-kadence-column.kadence-column1316_361bb8-21{align-self:auto;}.kt-inner-column-height-full:not(.kt-has-1-columns) > .wp-block-kadence-column.kadence-column1316_361bb8-21 > .kt-inside-inner-col{flex-direction:column;justify-content:center;}.kadence-column1316_361bb8-21 > .kt-inside-inner-col:before{opacity:0.3;}.kadence-column1316_361bb8-21{position:relative;}@media all and (max-width: 1024px){.kt-row-column-wrap > .kadence-column1316_361bb8-21{align-self:center;}}@media all and (max-width: 1024px){.kt-inner-column-height-full:not(.kt-has-1-columns) > .wp-block-kadence-column.kadence-column1316_361bb8-21{align-self:auto;}}@media all and (max-width: 1024px){.kt-inner-column-height-full:not(.kt-has-1-columns) > .wp-block-kadence-column.kadence-column1316_361bb8-21 > .kt-inside-inner-col{flex-direction:column;justify-content:center;}}@media all and (max-width: 1024px){.kadence-column1316_361bb8-21 > .kt-inside-inner-col{flex-direction:column;justify-content:center;}}@media all and (max-width: 767px){.kt-row-column-wrap > .kadence-column1316_361bb8-21{align-self:center;}.kt-inner-column-height-full:not(.kt-has-1-columns) > .wp-block-kadence-column.kadence-column1316_361bb8-21{align-self:auto;}.kt-inner-column-height-full:not(.kt-has-1-columns) > .wp-block-kadence-column.kadence-column1316_361bb8-21 > .kt-inside-inner-col{flex-direction:column;justify-content:center;}.kadence-column1316_361bb8-21 > .kt-inside-inner-col{flex-direction:column;justify-content:center;}}<\/style>\n<div class=\"wp-block-kadence-column kadence-column1316_361bb8-21 inner-column-1\"><div class=\"kt-inside-inner-col\"><style>.kb-image1316_d93675-79.kb-image-is-ratio-size, .kb-image1316_d93675-79 .kb-image-is-ratio-size{max-width:448px;width:100%;}.wp-block-kadence-column > .kt-inside-inner-col > .kb-image1316_d93675-79.kb-image-is-ratio-size, .wp-block-kadence-column > .kt-inside-inner-col > .kb-image1316_d93675-79 .kb-image-is-ratio-size{align-self:unset;}.kb-image1316_d93675-79 figure{max-width:448px;}.kb-image1316_d93675-79 .image-is-svg, .kb-image1316_d93675-79 .image-is-svg img{width:100%;}.kb-image1316_d93675-79 .kb-image-has-overlay:after{opacity:0.3;}<\/style>\n<div class=\"wp-block-kadence-image kb-image1316_d93675-79\"><figure class=\"aligncenter size-full\"><img decoding=\"async\" width=\"605\" height=\"448\" src=\"https:\/\/www.mtcontainer.com\/pl\/wp-content\/uploads\/sites\/12\/2024\/03\/Kontener-biurowy.png\" alt=\"\" class=\"kb-img wp-image-1317 skip-lazy kb-skip-lazy\" srcset=\"https:\/\/www.mtcontainer.com\/pl\/wp-content\/uploads\/sites\/12\/2024\/03\/Kontener-biurowy.png 605w, https:\/\/www.mtcontainer.com\/pl\/wp-content\/uploads\/sites\/12\/2024\/03\/Kontener-biurowy-300x222.png 300w\" sizes=\"(max-width: 605px) 100vw, 605px\" \/><\/figure><\/div>\n<\/div><\/div>\n\n<\/div><\/div>\n\n<style>.kb-row-layout-wrap.wp-block-kadence-rowlayout.kb-row-layout-id1316_678377-e0{margin-top:0px;}.kb-row-layout-id1316_678377-e0 > .kt-row-column-wrap{align-content:start;}:where(.kb-row-layout-id1316_678377-e0 > .kt-row-column-wrap) > .wp-block-kadence-column{justify-content:start;}.kb-row-layout-id1316_678377-e0 > .kt-row-column-wrap{column-gap:var(--global-kb-gap-lg, 4rem);row-gap:var(--global-kb-gap-md, 2rem);max-width:var( --global-content-width, 1600px );padding-left:var(--global-content-edge-padding);padding-right:var(--global-content-edge-padding);padding-top:45px;padding-bottom:45px;grid-template-columns:minmax(0, 1fr);}.kb-row-layout-id1316_678377-e0 > .kt-row-layout-overlay{opacity:0.30;}@media all and (max-width: 1024px){.kb-row-layout-id1316_678377-e0 > .kt-row-column-wrap{grid-template-columns:minmax(0, 1fr);}}@media all and (max-width: 767px){.kb-row-layout-id1316_678377-e0 > .kt-row-column-wrap{grid-template-columns:minmax(0, 1fr);}}<\/style><div class=\"kb-row-layout-wrap kb-row-layout-id1316_678377-e0 alignfull has-theme-palette9-background-color kt-row-has-bg wp-block-kadence-rowlayout\"><div class=\"kt-row-column-wrap kt-has-1-columns kt-row-layout-equal kt-tab-layout-inherit kt-mobile-layout-row kt-row-valign-top kb-theme-content-width\">\n<style>.kadence-column1316_a5ab2f-7a > .kt-inside-inner-col,.kadence-column1316_a5ab2f-7a > .kt-inside-inner-col:before{border-top-left-radius:0px;border-top-right-radius:0px;border-bottom-right-radius:0px;border-bottom-left-radius:0px;}.kadence-column1316_a5ab2f-7a > .kt-inside-inner-col{column-gap:var(--global-kb-gap-sm, 1rem);}.kadence-column1316_a5ab2f-7a > .kt-inside-inner-col{flex-direction:column;}.kadence-column1316_a5ab2f-7a > .kt-inside-inner-col > .aligncenter{width:100%;}.kadence-column1316_a5ab2f-7a > .kt-inside-inner-col:before{opacity:0.3;}.kadence-column1316_a5ab2f-7a{position:relative;}@media all and (max-width: 1024px){.kadence-column1316_a5ab2f-7a > .kt-inside-inner-col{flex-direction:column;justify-content:center;}}@media all and (max-width: 767px){.kadence-column1316_a5ab2f-7a > .kt-inside-inner-col{flex-direction:column;justify-content:center;}}<\/style>\n<div class=\"wp-block-kadence-column kadence-column1316_a5ab2f-7a inner-column-2\" id=\"content\"><div class=\"kt-inside-inner-col\"><style>.wp-block-kadence-advancedheading.kt-adv-heading1316_a66f6e-9f, .wp-block-kadence-advancedheading.kt-adv-heading1316_a66f6e-9f[data-kb-block=\"kb-adv-heading1316_a66f6e-9f\"]{padding-top:0px;margin-top:0px;font-style:normal;color:#00187c;}.wp-block-kadence-advancedheading.kt-adv-heading1316_a66f6e-9f mark.kt-highlight, .wp-block-kadence-advancedheading.kt-adv-heading1316_a66f6e-9f[data-kb-block=\"kb-adv-heading1316_a66f6e-9f\"] mark.kt-highlight{font-style:normal;color:#f76a0c;-webkit-box-decoration-break:clone;box-decoration-break:clone;padding-top:0px;padding-right:0px;padding-bottom:0px;padding-left:0px;}.wp-block-kadence-advancedheading.kt-adv-heading1316_a66f6e-9f img.kb-inline-image, .wp-block-kadence-advancedheading.kt-adv-heading1316_a66f6e-9f[data-kb-block=\"kb-adv-heading1316_a66f6e-9f\"] img.kb-inline-image{width:150px;vertical-align:baseline;}<\/style>\n<h2 class=\"kt-adv-heading1316_a66f6e-9f wp-block-kadence-advancedheading\" data-kb-block=\"kb-adv-heading1316_a66f6e-9f\">MO\u017bLIWO\u015aCI KONTENERA BIUROWEGO<\/h2>\n\n\n\n<p>Pod wzgl\u0119dem komfortu i wyposa\u017cenia, kontener biurowy nie jest gorszy od klasycznego budynku, a pod wzgl\u0119dem mobilno\u015bci i mo\u017cliwo\u015bci rozbudowy przestrzeni jest znacznie lepszy.<\/p>\n\n\n\n<p>Kontener biurowy ma prawie nieograniczone mo\u017cliwo\u015bci zastosowania. Istnieje mo\u017cliwo\u015b\u0107 stworzenia z kontener\u00f3w m. in. salon\u00f3w sprzeda\u017cy samochod\u00f3w czy powierzchni dla pracownik\u00f3w w halach magazynowych. Popularne jest r\u00f3wnie\u017c wykorzystanie kontener\u00f3w biurowych jako poczekalnie, pomieszczenia socjalne oraz wykorzystywanie ich wsz\u0119dzie tam, gdzie potrzebna jest ka\u017cda mobilna przestrze\u0144 biurowa. W kontenerze biurowym mo\u017cna idealnie umiejscowi\u0107 nawet przeno\u015bne laboratorium.<\/p>\n\n\n\n<p>Dzi\u0119ki modu\u0142owo\u015bci system\u00f3w kontenerowych mo\u017cemy korzysta\u0107 z pojedynczych kontener\u00f3w biurowych b\u0105d\u017a z wielopi\u0119trowych budynk\u00f3w z konstrukcj\u0105 przestrzenn\u0105.&nbsp;<\/p>\n\n\n<style>.wp-block-kadence-spacer.kt-block-spacer-1316_283439-9f .kt-block-spacer{height:36px;}.wp-block-kadence-spacer.kt-block-spacer-1316_283439-9f .kt-divider{border-top-width:2px;border-top-color:#00187c;width:80%;border-top-style:solid;}<\/style>\n<div class=\"wp-block-kadence-spacer aligncenter kt-block-spacer-1316_283439-9f\"><div class=\"kt-block-spacer kt-block-spacer-halign-center\"><hr class=\"kt-divider\"\/><\/div><\/div>\n\n\n<style>.wp-block-kadence-advancedheading.kt-adv-heading1316_98d14a-1f, .wp-block-kadence-advancedheading.kt-adv-heading1316_98d14a-1f[data-kb-block=\"kb-adv-heading1316_98d14a-1f\"]{padding-top:0px;margin-top:0px;font-style:normal;color:#00187c;}.wp-block-kadence-advancedheading.kt-adv-heading1316_98d14a-1f mark.kt-highlight, .wp-block-kadence-advancedheading.kt-adv-heading1316_98d14a-1f[data-kb-block=\"kb-adv-heading1316_98d14a-1f\"] mark.kt-highlight{font-style:normal;color:#f76a0c;-webkit-box-decoration-break:clone;box-decoration-break:clone;padding-top:0px;padding-right:0px;padding-bottom:0px;padding-left:0px;}.wp-block-kadence-advancedheading.kt-adv-heading1316_98d14a-1f img.kb-inline-image, .wp-block-kadence-advancedheading.kt-adv-heading1316_98d14a-1f[data-kb-block=\"kb-adv-heading1316_98d14a-1f\"] img.kb-inline-image{width:150px;vertical-align:baseline;}<\/style>\n<h2 class=\"kt-adv-heading1316_98d14a-1f wp-block-kadence-advancedheading\" data-kb-block=\"kb-adv-heading1316_98d14a-1f\">CECHY KONTENERA BIUROWEGO<\/h2>\n\n\n\n<p>Kontener biurowy mo\u017ce by\u0107 idealn\u0105 alternatyw\u0105 dla budowli trwa\u0142ych, pe\u0142ni\u0105c sw\u0105 rol\u0119 nawet d\u0142ugoterminowo. Kontener przeznaczony na mobilne biuro dostarczamy zawsze w wymaganym rozmiarze i z zam\u00f3wionym wyposa\u017ceniem.<\/p>\n\n\n\n<p>W przypadku gdy potrzebne s\u0105 stabilne, pogodoodporne pomieszczenia przeznaczone do tymczasowego u\u017cytkowania, najlepszym rozwi\u0105zaniem s\u0105 kontenery biurowe lub mieszkalne. Oferuj\u0105 one ten sam komfort co budynki trwa\u0142e, ale charakteryzuj\u0105 si\u0119 znacznie ni\u017cszymi kosztami i du\u017co kr\u00f3tszym czasem budowy.<\/p>\n\n\n\n<p>Sekretem budowy systemu kontener\u00f3w jest budowa modu\u0142owa. Dzi\u0119ki modu\u0142om mo\u017cna zrealizowa\u0107 wszelkie za\u0142o\u017cenia i wymagania w kwestiach wyposa\u017cenia. Budowa panelowa pozwala na dowolne wstawienie okien i drzwi, zgodne z \u017cyczeniem klienta. Dostarczane przez nas kontenery biurowe s\u0105 gotowe i ca\u0142kowicie izolowane.<\/p>\n\n\n\n<p>Zalety kontenera biurowego:<\/p>\n\n\n\n<ul class=\"wp-block-list\">\n<li>Nieograniczone mo\u017cliwo\u015bci modernizacji i rozbudowy przestrzeni<\/li>\n\n\n\n<li>Wysoka ochrona przed wandalizmem i korozj\u0105<\/li>\n\n\n\n<li>Nie ma potrzeby specjalnych zezwole\u0144 na przebudow\u0119<\/li>\n\n\n\n<li>Pe\u0142na zgodno\u015b\u0107 pod wzgl\u0119dem komfortu z klasycznymi budynkami.<\/li>\n<\/ul>\n\n\n\n<p>W zale\u017cno\u015bci od zapotrzebowania, projekt naszych kontener\u00f3w jest aktualizowany przez naszych specjalist\u00f3w. Z przyjemno\u015bci\u0105 opracujemy wszystkie mo\u017cliwe warianty. Kontener biurowy mo\u017ce by\u0107 wyposa\u017cony w ogrzewanie, klimatyzacj\u0119, specjalne pod\u0142ogi, dodatkowe drzwi i okna, a tak\u017ce system bezpiecze\u0144stwa po\u017carowego.<\/p>\n\n\n<style>.wp-block-kadence-spacer.kt-block-spacer-1316_3673db-83 .kt-block-spacer{height:36px;}.wp-block-kadence-spacer.kt-block-spacer-1316_3673db-83 .kt-divider{border-top-width:2px;border-top-color:#00187c;width:80%;border-top-style:solid;}<\/style>\n<div class=\"wp-block-kadence-spacer aligncenter kt-block-spacer-1316_3673db-83\"><div class=\"kt-block-spacer kt-block-spacer-halign-center\"><hr class=\"kt-divider\"\/><\/div><\/div>\n\n\n<style>.wp-block-kadence-advancedheading.kt-adv-heading1316_d6b109-5a, .wp-block-kadence-advancedheading.kt-adv-heading1316_d6b109-5a[data-kb-block=\"kb-adv-heading1316_d6b109-5a\"]{padding-top:0px;margin-top:0px;font-style:normal;color:#00187c;}.wp-block-kadence-advancedheading.kt-adv-heading1316_d6b109-5a mark.kt-highlight, .wp-block-kadence-advancedheading.kt-adv-heading1316_d6b109-5a[data-kb-block=\"kb-adv-heading1316_d6b109-5a\"] mark.kt-highlight{font-style:normal;color:#f76a0c;-webkit-box-decoration-break:clone;box-decoration-break:clone;padding-top:0px;padding-right:0px;padding-bottom:0px;padding-left:0px;}.wp-block-kadence-advancedheading.kt-adv-heading1316_d6b109-5a img.kb-inline-image, .wp-block-kadence-advancedheading.kt-adv-heading1316_d6b109-5a[data-kb-block=\"kb-adv-heading1316_d6b109-5a\"] img.kb-inline-image{width:150px;vertical-align:baseline;}<\/style>\n<h2 class=\"kt-adv-heading1316_d6b109-5a wp-block-kadence-advancedheading\" data-kb-block=\"kb-adv-heading1316_d6b109-5a\">WYNAJEM CZY KUPNO KONTENERA BIUROWEGO<\/h2>\n\n\n\n<p>Decyzja o tym, czy lepiej zakupi\u0107, czy wynaj\u0105\u0107 kontener biurowy zale\u017cy przede wszystkim od planowanego okresu jego eksploatacji czy zakresu przebudowy.<\/p>\n\n\n\n<p>Dostosowujemy si\u0119 ca\u0142kowicie do przedstawionych nam wymaga\u0144 i ch\u0119tnie pomagamy przy podj\u0119ciu odpowiedniej decyzji.<\/p>\n\n\n\n<p>MT Container GmbH w Hamburgu oferuje r\u00f3\u017cnorodne rozwi\u0105zania dotycz\u0105ce kontener\u00f3w biurowych. W naszym magazynie, po\u0142o\u017conym bezpo\u015brednio w porcie hamburskim, oferujemy zakup lub wynajem wszelkiego rodzaju kontener\u00f3w, od magazynowych poprzez morskie, a\u017c po ch\u0142odnicze.<\/p>\n\n\n\n<p>W zale\u017cno\u015bci od cel\u00f3w Twojej dzia\u0142alno\u015bci MT Container GmbH oferuje elastyczn\u0105 polityk\u0119 cenow\u0105. Mo\u017cesz wynaj\u0105\u0107 kontener biurowy na wymagany okres.<\/p>\n\n\n\n<p>Nasza firma dostarczy kontener biurowy w dowolne miejsce i odbierze, gdy ju\u017c go nie b\u0119dziesz jego potrzebowa\u0107.<\/p>\n\n\n\n<p>Nasza baza techniczna umo\u017cliwia napraw\u0119 kontener\u00f3w o dowolnym stopniu z\u0142o\u017cono\u015bci. Mo\u017cemy r\u00f3wnie\u017c zorganizowa\u0107 bie\u017c\u0105c\u0105 konserwacj\u0119 i monitorowanie stanu kontenera biurowego.<\/p>\n\n\n\n<p><a href=\"mailto:info@mt-container.de\">Skontaktuj si\u0119 z nami ju\u017c dzi\u015b!<\/a><\/p>\n\n\n\n<figure class=\"wp-block-table is-style-regular\"><table class=\"has-theme-palette-3-color has-theme-palette-9-background-color has-text-color has-background has-link-color\"><tbody><tr><td><strong><strong>Typ pojemnika<\/strong><\/strong><\/td><td><strong>Wymiary zewn\u0119trzne<\/strong><\/td><td><strong>Wymiary wewn\u0119trzne<\/strong><\/td><\/tr><tr><td><strong>20 ST\u00d3P KONTENER BIUROWY \/ DOMY KONTENEROWE<\/strong><\/td><td>D\u0142ugo\u015b\u0107 6058 mm | Szeroko\u015b\u0107 2438 mm | Wysoko\u015b\u0107 2591 mm<\/td><td>D\u0142ugo\u015b\u0107 5875 mm | Szeroko\u015b\u0107 2255 mm | Wysoko\u015b\u0107 2500 mm<\/td><\/tr><tr><td><strong><strong>10 ST\u00d3P KONTENER BIUROWY \/ DOMY KONTENEROWE<\/strong><\/strong><\/td><td>D\u0142ugo\u015b\u0107 3050 mm | Szeroko\u015b\u0107 2430 mm | Wysoko\u015b\u0107 2800 mm<\/td><td>D\u0142ugo\u015b\u0107 2815 mm | Szeroko\u015b\u0107 2255 mm | Wysoko\u015b\u0107 2500 mm<\/td><\/tr><\/tbody><\/table><\/figure>\n\n\n<style>.wp-block-kadence-advancedbtn.kb-btns1316_be64b0-96{gap:var(--global-kb-gap-xs, 0.5rem );justify-content:flex-start;align-items:center;}.kt-btns1316_be64b0-96 .kt-button{font-weight:normal;font-style:normal;}.kt-btns1316_be64b0-96 .kt-btn-wrap-0{margin-right:5px;}.wp-block-kadence-advancedbtn.kt-btns1316_be64b0-96 .kt-btn-wrap-0 .kt-button{color:#555555;border-color:#555555;}.wp-block-kadence-advancedbtn.kt-btns1316_be64b0-96 .kt-btn-wrap-0 .kt-button:hover, .wp-block-kadence-advancedbtn.kt-btns1316_be64b0-96 .kt-btn-wrap-0 .kt-button:focus{color:#ffffff;border-color:#444444;}.wp-block-kadence-advancedbtn.kt-btns1316_be64b0-96 .kt-btn-wrap-0 .kt-button::before{display:none;}.wp-block-kadence-advancedbtn.kt-btns1316_be64b0-96 .kt-btn-wrap-0 .kt-button:hover, .wp-block-kadence-advancedbtn.kt-btns1316_be64b0-96 .kt-btn-wrap-0 .kt-button:focus{background:#444444;}<\/style>\n<div class=\"wp-block-kadence-advancedbtn kb-buttons-wrap kb-btns1316_be64b0-96\"><style>ul.menu .wp-block-kadence-advancedbtn .kb-btn1316_3ef168-16.kb-button{width:initial;}.wp-block-kadence-advancedbtn .kb-btn1316_3ef168-16.kb-button{color:#00187c;background:#ffe783;border-top-left-radius:0px;border-top-right-radius:0px;border-bottom-right-radius:0px;border-bottom-left-radius:0px;border-top:2px solid #ffe783;border-right:2px solid #ffe783;border-bottom:2px solid #ffe783;border-left:2px solid #ffe783;}.wp-block-kadence-advancedbtn .kb-btn1316_3ef168-16.kb-button:hover, .wp-block-kadence-advancedbtn .kb-btn1316_3ef168-16.kb-button:focus{background:var(--global-palette9, #ffffff);border-top-left-radius:0px;border-top-right-radius:0px;border-bottom-right-radius:0px;border-bottom-left-radius:0px;border-top:2px solid var(--global-palette2, #2B6CB0);border-right:2px solid var(--global-palette2, #2B6CB0);border-bottom:2px solid var(--global-palette2, #2B6CB0);border-left:2px solid var(--global-palette2, #2B6CB0);}@media all and (max-width: 1024px){.wp-block-kadence-advancedbtn .kb-btn1316_3ef168-16.kb-button{border-top:2px solid #ffe783;border-right:2px solid #ffe783;border-bottom:2px solid #ffe783;border-left:2px solid #ffe783;}}@media all and (max-width: 1024px){.wp-block-kadence-advancedbtn .kb-btn1316_3ef168-16.kb-button:hover, .wp-block-kadence-advancedbtn .kb-btn1316_3ef168-16.kb-button:focus{border-top:2px solid var(--global-palette2, #2B6CB0);border-right:2px solid var(--global-palette2, #2B6CB0);border-bottom:2px solid var(--global-palette2, #2B6CB0);border-left:2px solid var(--global-palette2, #2B6CB0);}}@media all and (max-width: 767px){.wp-block-kadence-advancedbtn .kb-btn1316_3ef168-16.kb-button{border-top:2px solid #ffe783;border-right:2px solid #ffe783;border-bottom:2px solid #ffe783;border-left:2px solid #ffe783;}.wp-block-kadence-advancedbtn .kb-btn1316_3ef168-16.kb-button:hover, .wp-block-kadence-advancedbtn .kb-btn1316_3ef168-16.kb-button:focus{border-top:2px solid var(--global-palette2, #2B6CB0);border-right:2px solid var(--global-palette2, #2B6CB0);border-bottom:2px solid var(--global-palette2, #2B6CB0);border-left:2px solid var(--global-palette2, #2B6CB0);}}<\/style><a class=\"kb-button kt-button button kb-btn1316_3ef168-16 kt-btn-size-standard kt-btn-width-type-auto kb-btn-global-fill  kt-btn-has-text-true kt-btn-has-svg-true  wp-block-kadence-singlebtn\" href=\"\/contact\"><span class=\"kt-btn-inner-text\">Kontakt<\/span><span class=\"kb-svg-icon-wrap kb-svg-icon-fe_arrowRight kt-btn-icon-side-right\"><svg viewBox=\"0 0 24 24\"  fill=\"none\" stroke=\"currentColor\" stroke-width=\"2\" stroke-linecap=\"round\" stroke-linejoin=\"round\" xmlns=\"http:\/\/www.w3.org\/2000\/svg\"  aria-hidden=\"true\"><line x1=\"5\" y1=\"12\" x2=\"19\" y2=\"12\"\/><polyline points=\"12 5 19 12 12 19\"\/><\/svg><\/span><\/a><\/div>\n<\/div><\/div>\n\n<\/div><\/div>","protected":false},"excerpt":{"rendered":"<p>Kontener biurowy Kontener biurowy to idealny, elastyczny system do tworzenia miejsc pracy w praktycznie ka\u017cdym miejscu bez konieczno\u015bci wcze\u015bniejszego przygotowania.\u00a0 MO\u017bLIWO\u015aCI KONTENERA BIUROWEGO Pod wzgl\u0119dem komfortu i wyposa\u017cenia, kontener biurowy nie jest gorszy od klasycznego budynku, a pod wzgl\u0119dem mobilno\u015bci i mo\u017cliwo\u015bci rozbudowy przestrzeni jest znacznie lepszy. Kontener biurowy ma prawie nieograniczone mo\u017cliwo\u015bci zastosowania. Istnieje&#8230;<\/p>\n","protected":false},"author":7,"featured_media":0,"parent":1368,"menu_order":0,"comment_status":"closed","ping_status":"closed","template":"","meta":{"_acf_changed":false,"_kad_blocks_custom_css":"","_kad_blocks_head_custom_js":"","_kad_blocks_body_custom_js":"","_kad_blocks_footer_custom_js":"","_kad_post_transparent":"","_kad_post_title":"","_kad_post_layout":"","_kad_post_sidebar_id":"","_kad_post_content_style":"","_kad_post_vertical_padding":"","_kad_post_feature":"","_kad_post_feature_position":"","_kad_post_header":false,"_kad_post_footer":false,"_kad_post_classname":"","footnotes":""},"class_list":["post-1316","page","type-page","status-publish","hentry"],"acf":[],"taxonomy_info":[],"featured_image_src_large":false,"author_info":{"display_name":"marlon","author_link":"https:\/\/www.mtcontainer.com\/pl\/author\/marlon\/"},"comment_info":0,"_links":{"self":[{"href":"https:\/\/www.mtcontainer.com\/pl\/wp-json\/wp\/v2\/pages\/1316","targetHints":{"allow":["GET"]}}],"collection":[{"href":"https:\/\/www.mtcontainer.com\/pl\/wp-json\/wp\/v2\/pages"}],"about":[{"href":"https:\/\/www.mtcontainer.com\/pl\/wp-json\/wp\/v2\/types\/page"}],"author":[{"embeddable":true,"href":"https:\/\/www.mtcontainer.com\/pl\/wp-json\/wp\/v2\/users\/7"}],"replies":[{"embeddable":true,"href":"https:\/\/www.mtcontainer.com\/pl\/wp-json\/wp\/v2\/comments?post=1316"}],"version-history":[{"count":1,"href":"https:\/\/www.mtcontainer.com\/pl\/wp-json\/wp\/v2\/pages\/1316\/revisions"}],"predecessor-version":[{"id":1318,"href":"https:\/\/www.mtcontainer.com\/pl\/wp-json\/wp\/v2\/pages\/1316\/revisions\/1318"}],"up":[{"embeddable":true,"href":"https:\/\/www.mtcontainer.com\/pl\/wp-json\/wp\/v2\/pages\/1368"}],"wp:attachment":[{"href":"https:\/\/www.mtcontainer.com\/pl\/wp-json\/wp\/v2\/media?parent=1316"}],"curies":[{"name":"wp","href":"https:\/\/api.w.org\/{rel}","templated":true}]}}