{"id":1313,"date":"2024-03-01T12:13:45","date_gmt":"2024-03-01T11:13:45","guid":{"rendered":"https:\/\/www.mtcontainer.com\/pl\/?page_id=1313"},"modified":"2024-03-01T15:16:03","modified_gmt":"2024-03-01T14:16:03","slug":"kontener-flat-rack","status":"publish","type":"page","link":"https:\/\/www.mtcontainer.com\/pl\/kontener-flat-rack\/","title":{"rendered":"Kontener Flat Rack"},"content":{"rendered":"<style>.kb-row-layout-id1313_e405c1-f8 > .kt-row-column-wrap{align-content:center;}:where(.kb-row-layout-id1313_e405c1-f8 > .kt-row-column-wrap) > .wp-block-kadence-column{justify-content:center;}.kb-row-layout-id1313_e405c1-f8 > .kt-row-column-wrap{column-gap:var(--global-kb-gap-md, 2rem);row-gap:var(--global-kb-gap-md, 2rem);max-width:var( --global-content-width, 1600px );padding-left:var(--global-content-edge-padding);padding-right:var(--global-content-edge-padding);padding-top:50px;padding-bottom:50px;grid-template-columns:minmax(0, calc(55% - ((var(--global-kb-gap-md, 2rem) * 1 )\/2)))minmax(0, calc(45% - ((var(--global-kb-gap-md, 2rem) * 1 )\/2)));}.kb-row-layout-id1313_e405c1-f8{background-color:#f7fafc;}.kb-row-layout-id1313_e405c1-f8 > .kt-row-layout-overlay{opacity:0.30;}@media all and (max-width: 1024px){.kb-row-layout-id1313_e405c1-f8 > .kt-row-column-wrap{padding-top:0px;grid-template-columns:minmax(0, 1fr);}}@media all and (max-width: 767px){.kb-row-layout-id1313_e405c1-f8 > .kt-row-column-wrap{padding-bottom:51px;grid-template-columns:minmax(0, 1fr);}}<\/style><div class=\"kb-row-layout-wrap kb-row-layout-id1313_e405c1-f8 alignfull kt-row-has-bg wp-block-kadence-rowlayout\" id=\"hero\"><div class=\"kt-row-column-wrap kt-has-2-columns kt-row-layout-equal kt-tab-layout-row kt-mobile-layout-row kt-row-valign-middle kb-theme-content-width\">\n<style>.kadence-column1313_5a05a9-b9 > .kt-inside-inner-col{padding-top:var(--global-kb-spacing-md, 2rem);padding-right:var(--global-kb-spacing-md, 2rem);padding-bottom:var(--global-kb-spacing-md, 2rem);padding-left:var(--global-kb-spacing-md, 2rem);}.kadence-column1313_5a05a9-b9 > .kt-inside-inner-col,.kadence-column1313_5a05a9-b9 > .kt-inside-inner-col:before{border-top-left-radius:0px;border-top-right-radius:0px;border-bottom-right-radius:0px;border-bottom-left-radius:0px;}.kadence-column1313_5a05a9-b9 > .kt-inside-inner-col{column-gap:var(--global-kb-gap-sm, 1rem);}.kadence-column1313_5a05a9-b9 > .kt-inside-inner-col{flex-direction:column;}.kadence-column1313_5a05a9-b9 > .kt-inside-inner-col > .aligncenter{width:100%;}.kadence-column1313_5a05a9-b9 > .kt-inside-inner-col:before{opacity:0.5;background-color:var(--global-palette9, #ffffff);}.kadence-column1313_5a05a9-b9{position:relative;}@media all and (max-width: 1024px){.kadence-column1313_5a05a9-b9 > .kt-inside-inner-col{flex-direction:column;justify-content:center;}}@media all and (max-width: 767px){.kadence-column1313_5a05a9-b9 > .kt-inside-inner-col{flex-direction:column;justify-content:center;}}<\/style>\n<div class=\"wp-block-kadence-column kadence-column1313_5a05a9-b9 kb-section-has-overlay inner-column-2\"><div class=\"kt-inside-inner-col\"><style>.wp-block-kadence-advancedheading.kt-adv-heading1313_369078-bf, .wp-block-kadence-advancedheading.kt-adv-heading1313_369078-bf[data-kb-block=\"kb-adv-heading1313_369078-bf\"]{font-size:var(--global-kb-font-size-xl, 3rem);font-style:normal;color:#00187c;}.wp-block-kadence-advancedheading.kt-adv-heading1313_369078-bf mark.kt-highlight, .wp-block-kadence-advancedheading.kt-adv-heading1313_369078-bf[data-kb-block=\"kb-adv-heading1313_369078-bf\"] mark.kt-highlight{font-style:normal;color:#f76a0c;-webkit-box-decoration-break:clone;box-decoration-break:clone;padding-top:0px;padding-right:0px;padding-bottom:0px;padding-left:0px;}.wp-block-kadence-advancedheading.kt-adv-heading1313_369078-bf img.kb-inline-image, .wp-block-kadence-advancedheading.kt-adv-heading1313_369078-bf[data-kb-block=\"kb-adv-heading1313_369078-bf\"] img.kb-inline-image{width:150px;vertical-align:baseline;}@media all and (max-width: 767px){.wp-block-kadence-advancedheading.kt-adv-heading1313_369078-bf, .wp-block-kadence-advancedheading.kt-adv-heading1313_369078-bf[data-kb-block=\"kb-adv-heading1313_369078-bf\"]{font-size:var(--global-kb-font-size-lg, 2rem);}}<\/style>\n<h1 class=\"kt-adv-heading1313_369078-bf wp-block-kadence-advancedheading\" data-kb-block=\"kb-adv-heading1313_369078-bf\">Kontener Flat Rack<\/h1>\n\n\n\n<p>Kontenery Flat Rack maj\u0105 takie same wymiary jak kontenery standardowe. Jako kontenery specjalistyczne, dzi\u0119ki swojej specjalnej konstrukcji, umo\u017cliwiaj\u0105 transport towar\u00f3w o niestandardowych wymiarach, takich jak np. ci\u0119\u017ckie cz\u0119\u015bci do maszyn.<\/p>\n<\/div><\/div>\n\n\n<style>.kadence-column1313_d009ee-46 > .kt-inside-inner-col{display:flex;}.kadence-column1313_d009ee-46 > .kt-inside-inner-col,.kadence-column1313_d009ee-46 > .kt-inside-inner-col:before{border-top-left-radius:0px;border-top-right-radius:0px;border-bottom-right-radius:0px;border-bottom-left-radius:0px;}.kadence-column1313_d009ee-46 > .kt-inside-inner-col{column-gap:var(--global-kb-gap-sm, 1rem);}.kadence-column1313_d009ee-46 > .kt-inside-inner-col{flex-direction:column;justify-content:center;}.kadence-column1313_d009ee-46 > .kt-inside-inner-col > .aligncenter{width:100%;}.kt-row-column-wrap > .kadence-column1313_d009ee-46{align-self:center;}.kt-inner-column-height-full:not(.kt-has-1-columns) > .wp-block-kadence-column.kadence-column1313_d009ee-46{align-self:auto;}.kt-inner-column-height-full:not(.kt-has-1-columns) > .wp-block-kadence-column.kadence-column1313_d009ee-46 > .kt-inside-inner-col{flex-direction:column;justify-content:center;}.kadence-column1313_d009ee-46 > .kt-inside-inner-col:before{opacity:0.3;}.kadence-column1313_d009ee-46{position:relative;}@media all and (max-width: 1024px){.kt-row-column-wrap > .kadence-column1313_d009ee-46{align-self:center;}}@media all and (max-width: 1024px){.kt-inner-column-height-full:not(.kt-has-1-columns) > .wp-block-kadence-column.kadence-column1313_d009ee-46{align-self:auto;}}@media all and (max-width: 1024px){.kt-inner-column-height-full:not(.kt-has-1-columns) > .wp-block-kadence-column.kadence-column1313_d009ee-46 > .kt-inside-inner-col{flex-direction:column;justify-content:center;}}@media all and (max-width: 1024px){.kadence-column1313_d009ee-46 > .kt-inside-inner-col{flex-direction:column;justify-content:center;}}@media all and (max-width: 767px){.kt-row-column-wrap > .kadence-column1313_d009ee-46{align-self:center;}.kt-inner-column-height-full:not(.kt-has-1-columns) > .wp-block-kadence-column.kadence-column1313_d009ee-46{align-self:auto;}.kt-inner-column-height-full:not(.kt-has-1-columns) > .wp-block-kadence-column.kadence-column1313_d009ee-46 > .kt-inside-inner-col{flex-direction:column;justify-content:center;}.kadence-column1313_d009ee-46 > .kt-inside-inner-col{flex-direction:column;justify-content:center;}}<\/style>\n<div class=\"wp-block-kadence-column kadence-column1313_d009ee-46 inner-column-1\"><div class=\"kt-inside-inner-col\"><style>.kb-image1313_f9ccc0-3f.kb-image-is-ratio-size, .kb-image1313_f9ccc0-3f .kb-image-is-ratio-size{max-width:448px;width:100%;}.wp-block-kadence-column > .kt-inside-inner-col > .kb-image1313_f9ccc0-3f.kb-image-is-ratio-size, .wp-block-kadence-column > .kt-inside-inner-col > .kb-image1313_f9ccc0-3f .kb-image-is-ratio-size{align-self:unset;}.kb-image1313_f9ccc0-3f figure{max-width:448px;}.kb-image1313_f9ccc0-3f .image-is-svg, .kb-image1313_f9ccc0-3f .image-is-svg img{width:100%;}.kb-image1313_f9ccc0-3f .kb-image-has-overlay:after{opacity:0.3;}<\/style>\n<div class=\"wp-block-kadence-image kb-image1313_f9ccc0-3f\"><figure class=\"aligncenter size-full\"><img decoding=\"async\" width=\"605\" height=\"448\" src=\"https:\/\/www.mtcontainer.com\/pl\/wp-content\/uploads\/sites\/12\/2024\/03\/Kontener-Flat-Rack.png\" alt=\"\" class=\"kb-img wp-image-1314 skip-lazy kb-skip-lazy\" srcset=\"https:\/\/www.mtcontainer.com\/pl\/wp-content\/uploads\/sites\/12\/2024\/03\/Kontener-Flat-Rack.png 605w, https:\/\/www.mtcontainer.com\/pl\/wp-content\/uploads\/sites\/12\/2024\/03\/Kontener-Flat-Rack-300x222.png 300w\" sizes=\"(max-width: 605px) 100vw, 605px\" \/><\/figure><\/div>\n<\/div><\/div>\n\n<\/div><\/div>\n\n<style>.kb-row-layout-wrap.wp-block-kadence-rowlayout.kb-row-layout-id1313_23ffc4-6f{margin-top:0px;}.kb-row-layout-id1313_23ffc4-6f > .kt-row-column-wrap{align-content:start;}:where(.kb-row-layout-id1313_23ffc4-6f > .kt-row-column-wrap) > .wp-block-kadence-column{justify-content:start;}.kb-row-layout-id1313_23ffc4-6f > .kt-row-column-wrap{column-gap:var(--global-kb-gap-lg, 4rem);row-gap:var(--global-kb-gap-md, 2rem);max-width:var( --global-content-width, 1600px );padding-left:var(--global-content-edge-padding);padding-right:var(--global-content-edge-padding);padding-top:45px;padding-bottom:45px;grid-template-columns:minmax(0, 1fr);}.kb-row-layout-id1313_23ffc4-6f > .kt-row-layout-overlay{opacity:0.30;}@media all and (max-width: 1024px){.kb-row-layout-id1313_23ffc4-6f > .kt-row-column-wrap{grid-template-columns:minmax(0, 1fr);}}@media all and (max-width: 767px){.kb-row-layout-id1313_23ffc4-6f > .kt-row-column-wrap{grid-template-columns:minmax(0, 1fr);}}<\/style><div class=\"kb-row-layout-wrap kb-row-layout-id1313_23ffc4-6f alignfull has-theme-palette9-background-color kt-row-has-bg wp-block-kadence-rowlayout\"><div class=\"kt-row-column-wrap kt-has-1-columns kt-row-layout-equal kt-tab-layout-inherit kt-mobile-layout-row kt-row-valign-top kb-theme-content-width\">\n<style>.kadence-column1313_77155f-e8 > .kt-inside-inner-col,.kadence-column1313_77155f-e8 > .kt-inside-inner-col:before{border-top-left-radius:0px;border-top-right-radius:0px;border-bottom-right-radius:0px;border-bottom-left-radius:0px;}.kadence-column1313_77155f-e8 > .kt-inside-inner-col{column-gap:var(--global-kb-gap-sm, 1rem);}.kadence-column1313_77155f-e8 > .kt-inside-inner-col{flex-direction:column;}.kadence-column1313_77155f-e8 > .kt-inside-inner-col > .aligncenter{width:100%;}.kadence-column1313_77155f-e8 > .kt-inside-inner-col:before{opacity:0.3;}.kadence-column1313_77155f-e8{position:relative;}@media all and (max-width: 1024px){.kadence-column1313_77155f-e8 > .kt-inside-inner-col{flex-direction:column;justify-content:center;}}@media all and (max-width: 767px){.kadence-column1313_77155f-e8 > .kt-inside-inner-col{flex-direction:column;justify-content:center;}}<\/style>\n<div class=\"wp-block-kadence-column kadence-column1313_77155f-e8 inner-column-2\" id=\"content\"><div class=\"kt-inside-inner-col\"><style>.wp-block-kadence-advancedheading.kt-adv-heading1313_0b17a8-09, .wp-block-kadence-advancedheading.kt-adv-heading1313_0b17a8-09[data-kb-block=\"kb-adv-heading1313_0b17a8-09\"]{padding-top:0px;margin-top:0px;font-style:normal;color:#00187c;}.wp-block-kadence-advancedheading.kt-adv-heading1313_0b17a8-09 mark.kt-highlight, .wp-block-kadence-advancedheading.kt-adv-heading1313_0b17a8-09[data-kb-block=\"kb-adv-heading1313_0b17a8-09\"] mark.kt-highlight{font-style:normal;color:#f76a0c;-webkit-box-decoration-break:clone;box-decoration-break:clone;padding-top:0px;padding-right:0px;padding-bottom:0px;padding-left:0px;}.wp-block-kadence-advancedheading.kt-adv-heading1313_0b17a8-09 img.kb-inline-image, .wp-block-kadence-advancedheading.kt-adv-heading1313_0b17a8-09[data-kb-block=\"kb-adv-heading1313_0b17a8-09\"] img.kb-inline-image{width:150px;vertical-align:baseline;}<\/style>\n<h2 class=\"kt-adv-heading1313_0b17a8-09 wp-block-kadence-advancedheading\" data-kb-block=\"kb-adv-heading1313_0b17a8-09\">CO TO JEST KONTENER FLATRACK<\/h2>\n\n\n\n<p>Standardowe kontenery Flat Rack posiadaj\u0105 \u015bciany z przodu i z ty\u0142u, ale nie maj\u0105 \u015bcian bocznych ani dachu. Mimo tego, mog\u0105 by\u0107 ustawiane jedne na drugich, tak jak kontenery izotermiczne. Dzi\u0119ki temu mo\u017cna je wykorzysta\u0107 przy wi\u0119kszo\u015bci transport\u00f3w.<\/p>\n\n\n\n<p>W niekt\u00f3rych typach kontener\u00f3w Flat Rack boczne ograniczenia stanowi\u0105 k\u0142onice. W sk\u0142adanych kontenerach Flat Rack, istnieje mo\u017cliwo\u015b\u0107 z\u0142o\u017cenia \u015bcian przednich i tylnich. Umo\u017cliwia to ustawianie ich jedne na drugich co pozwala na zaoszcz\u0119dzenie miejsca. Jako kontenery-combi mo\u017cna je wyposa\u017cy\u0107 w \u015bciany boczne. Kontenery Flat Rack maj\u0105 te same wymiary jak kontenery standardowe. Najbardziej popularne s\u0105 te o d\u0142ugo\u015bci 20 i 40 st\u00f3p. Oferujemy te\u017c modele o d\u0142ugo\u015bci 45 st\u00f3p lub High Cube.<\/p>\n\n\n\n<p>Kontenery Flat Rack spe\u0142niaj\u0105 jeszcze jedn\u0105 funkcj\u0119. Dzi\u0119ki bardzo wytrzyma\u0142ej konstrukcji pod\u0142ogi, odpornej na du\u017ce obci\u0105\u017c\u0119nia, mo\u017cna je wykorzysta\u0107 na pe\u0142nych statkach kontenerowych jako sztuczne pok\u0142ady. Statyczne obci\u0105\u017cenie u\u017cytkowe kontenera Flat Rack o d\u0142ugo\u015bci 40 st\u00f3p wynosi ok. 50.000 kg.<\/p>\n\n\n\n<p>CECHY KONTENER\u00d3W FLAT RACK:<\/p>\n\n\n\n<ul class=\"wp-block-list\">\n<li>stalowa rama i pod\u0142oga o wysokim stopniu wytrzyma\u0142o\u015bci<\/li>\n\n\n\n<li>sk\u0142adane lub sta\u0142e \u015bciany czo\u0142owe<\/li>\n\n\n\n<li>zabezpieczenie \u0142adunku dzi\u0119ki zainstalowanym pier\u015bcieniom mocuj\u0105cym<\/li>\n\n\n\n<li>tunel \u201cg\u0119sia szyja\u201d (gooseneck-tunnel) dodatkowe zabezpieczenie dzi\u0119ki podporom<\/li>\n<\/ul>\n\n\n<style>.wp-block-kadence-spacer.kt-block-spacer-1313_4d845d-a1 .kt-block-spacer{height:36px;}.wp-block-kadence-spacer.kt-block-spacer-1313_4d845d-a1 .kt-divider{border-top-width:2px;border-top-color:#00187c;width:80%;border-top-style:solid;}<\/style>\n<div class=\"wp-block-kadence-spacer aligncenter kt-block-spacer-1313_4d845d-a1\"><div class=\"kt-block-spacer kt-block-spacer-halign-center\"><hr class=\"kt-divider\"\/><\/div><\/div>\n\n\n<style>.wp-block-kadence-advancedheading.kt-adv-heading1313_d16d8b-7f, .wp-block-kadence-advancedheading.kt-adv-heading1313_d16d8b-7f[data-kb-block=\"kb-adv-heading1313_d16d8b-7f\"]{padding-top:0px;margin-top:0px;font-style:normal;color:#00187c;}.wp-block-kadence-advancedheading.kt-adv-heading1313_d16d8b-7f mark.kt-highlight, .wp-block-kadence-advancedheading.kt-adv-heading1313_d16d8b-7f[data-kb-block=\"kb-adv-heading1313_d16d8b-7f\"] mark.kt-highlight{font-style:normal;color:#f76a0c;-webkit-box-decoration-break:clone;box-decoration-break:clone;padding-top:0px;padding-right:0px;padding-bottom:0px;padding-left:0px;}.wp-block-kadence-advancedheading.kt-adv-heading1313_d16d8b-7f img.kb-inline-image, .wp-block-kadence-advancedheading.kt-adv-heading1313_d16d8b-7f[data-kb-block=\"kb-adv-heading1313_d16d8b-7f\"] img.kb-inline-image{width:150px;vertical-align:baseline;}<\/style>\n<h2 class=\"kt-adv-heading1313_d16d8b-7f wp-block-kadence-advancedheading\" data-kb-block=\"kb-adv-heading1313_d16d8b-7f\">ZAKUP LUB WYNAJEM KONTENERA FLATRACK<\/h2>\n\n\n\n<p>MT Container GmbH w Hamburgu oferuje sprzeda\u017c lub wynajem kontener\u00f3w Flat Rack idealnie dostosowanych &nbsp;do potrzeb transportowych klienta.<\/p>\n\n\n\n<p>Skontaktuj si\u0119 z nami, je\u015bli chcesz bezpiecznie przetransportowa\u0107 niewymiarowe i ci\u0119\u017ckie towary.<\/p>\n\n\n\n<p>Jako \u017ce puste kontenery Flat Rack zazwyczaj dost\u0119pne s\u0105 wy\u0142\u0105cznie w portach morskich, w razie potrzeby zorganizujemy ich dostaw\u0119 do portu \u015br\u00f3dl\u0105dowego.<\/p>\n\n\n<style>.wp-block-kadence-spacer.kt-block-spacer-1313_a1c1c1-fb .kt-block-spacer{height:36px;}.wp-block-kadence-spacer.kt-block-spacer-1313_a1c1c1-fb .kt-divider{border-top-width:2px;border-top-color:#00187c;width:80%;border-top-style:solid;}<\/style>\n<div class=\"wp-block-kadence-spacer aligncenter kt-block-spacer-1313_a1c1c1-fb\"><div class=\"kt-block-spacer kt-block-spacer-halign-center\"><hr class=\"kt-divider\"\/><\/div><\/div>\n\n\n<style>.wp-block-kadence-advancedheading.kt-adv-heading1313_29069a-df, .wp-block-kadence-advancedheading.kt-adv-heading1313_29069a-df[data-kb-block=\"kb-adv-heading1313_29069a-df\"]{padding-top:0px;margin-top:0px;font-style:normal;color:#00187c;}.wp-block-kadence-advancedheading.kt-adv-heading1313_29069a-df mark.kt-highlight, .wp-block-kadence-advancedheading.kt-adv-heading1313_29069a-df[data-kb-block=\"kb-adv-heading1313_29069a-df\"] mark.kt-highlight{font-style:normal;color:#f76a0c;-webkit-box-decoration-break:clone;box-decoration-break:clone;padding-top:0px;padding-right:0px;padding-bottom:0px;padding-left:0px;}.wp-block-kadence-advancedheading.kt-adv-heading1313_29069a-df img.kb-inline-image, .wp-block-kadence-advancedheading.kt-adv-heading1313_29069a-df[data-kb-block=\"kb-adv-heading1313_29069a-df\"] img.kb-inline-image{width:150px;vertical-align:baseline;}<\/style>\n<h2 class=\"kt-adv-heading1313_29069a-df wp-block-kadence-advancedheading\" data-kb-block=\"kb-adv-heading1313_29069a-df\">TRANSPORT KONTENER\u00d3W FLAT RACK<\/h2>\n\n\n\n<p>W zwi\u0105zku z otwart\u0105 konstrukcj\u0105 kontenera FLAT RACK, wszystkie przewo\u017cone towary powinny by\u0107 zabezpieczone i umocowane. W tym celu kontenery Flat Rack wyposa\u017cone s\u0105 w pier\u015bcienie mocuj\u0105ce umieszczone w podporach bocznych oraz w pod\u0142odze.<\/p>\n\n\n\n<p>Przy transporcie wyj\u0105tkowo ci\u0119\u017ckich d\u00f3br nale\u017cy zwr\u00f3ci\u0107 szczeg\u00f3ln\u0105 uwag\u0119 na r\u00f3wnomierne rozmieszczenie obci\u0105\u017cenia na ca\u0142ej konstrukcji pod\u0142ogi.<\/p>\n\n\n\n<p>Podobnie jak kontenery Open Top, kontenery Flat Rack zaliczaj\u0105 si\u0119 do kontener\u00f3w specjalistycznych. To oznacza wy\u017csze koszty transportu drog\u0105 morsk\u0105. Ustawianie kontener\u00f3w jeden na drugim jest w tym przypadku, raczej niemo\u017cliwe, co dodatkowo wymaga zaj\u0119cia wi\u0119kszej ilo\u015bci miejsca.<\/p>\n\n\n\n<figure class=\"wp-block-table is-style-regular\"><table class=\"has-theme-palette-3-color has-theme-palette-9-background-color has-text-color has-background has-link-color\"><tbody><tr><td><strong><strong>Typ pojemnika<\/strong><\/strong><\/td><td><strong>Wymiary zewn\u0119trzne<\/strong><\/td><td><strong>Wymiary wewn\u0119trzne<\/strong><\/td><td><strong>Waga<\/strong><\/td><\/tr><tr><td><strong>40 ST\u00d3P HIGH CUBE KONTENER FLAT RACK<\/strong><\/td><td>D\u0142ugo\u015b\u0107 12048 mm | Szeroko\u015b\u0107 2438 mm | Wysoko\u015b\u0107 2264 mm<\/td><td>D\u0142ugo\u015b\u0107 12048 mm | Szeroko\u015b\u0107 2347 mm | Wysoko\u015b\u0107 2265 mm<\/td><td>Masa w\u0142asna 5900 kg | \u0141adowno\u015b\u0107 49100 kg | Masa ca\u0142kowita 55000 kg<\/td><\/tr><tr><td><strong><strong>20 ST\u00d3P KONTENER FLAT RACK<\/strong><\/strong><\/td><td>D\u0142ugo\u015b\u0107 6038 mm | Szeroko\u015b\u0107 2438 mm | Wysoko\u015b\u0107 2233 mm<\/td><td>D\u0142ugo\u015b\u0107 6038 mm | Szeroko\u015b\u0107 2438 mm | Wysoko\u015b\u0107 2233 mm<\/td><td>Masa w\u0142asna 2900 kg | \u0141adowno\u015b\u0107 42100 kg | Masa ca\u0142kowita 45000 kg<\/td><\/tr><\/tbody><\/table><\/figure>\n\n\n<style>.wp-block-kadence-advancedbtn.kb-btns1313_aba5c5-b4{gap:var(--global-kb-gap-xs, 0.5rem );justify-content:flex-start;align-items:center;}.kt-btns1313_aba5c5-b4 .kt-button{font-weight:normal;font-style:normal;}.kt-btns1313_aba5c5-b4 .kt-btn-wrap-0{margin-right:5px;}.wp-block-kadence-advancedbtn.kt-btns1313_aba5c5-b4 .kt-btn-wrap-0 .kt-button{color:#555555;border-color:#555555;}.wp-block-kadence-advancedbtn.kt-btns1313_aba5c5-b4 .kt-btn-wrap-0 .kt-button:hover, .wp-block-kadence-advancedbtn.kt-btns1313_aba5c5-b4 .kt-btn-wrap-0 .kt-button:focus{color:#ffffff;border-color:#444444;}.wp-block-kadence-advancedbtn.kt-btns1313_aba5c5-b4 .kt-btn-wrap-0 .kt-button::before{display:none;}.wp-block-kadence-advancedbtn.kt-btns1313_aba5c5-b4 .kt-btn-wrap-0 .kt-button:hover, .wp-block-kadence-advancedbtn.kt-btns1313_aba5c5-b4 .kt-btn-wrap-0 .kt-button:focus{background:#444444;}<\/style>\n<div class=\"wp-block-kadence-advancedbtn kb-buttons-wrap kb-btns1313_aba5c5-b4\"><style>ul.menu .wp-block-kadence-advancedbtn .kb-btn1313_6112ec-3e.kb-button{width:initial;}.wp-block-kadence-advancedbtn .kb-btn1313_6112ec-3e.kb-button{color:#00187c;background:#ffe783;border-top-left-radius:0px;border-top-right-radius:0px;border-bottom-right-radius:0px;border-bottom-left-radius:0px;border-top:2px solid #ffe783;border-right:2px solid #ffe783;border-bottom:2px solid #ffe783;border-left:2px solid #ffe783;}.wp-block-kadence-advancedbtn .kb-btn1313_6112ec-3e.kb-button:hover, .wp-block-kadence-advancedbtn .kb-btn1313_6112ec-3e.kb-button:focus{background:var(--global-palette9, #ffffff);border-top-left-radius:0px;border-top-right-radius:0px;border-bottom-right-radius:0px;border-bottom-left-radius:0px;border-top:2px solid var(--global-palette2, #2B6CB0);border-right:2px solid var(--global-palette2, #2B6CB0);border-bottom:2px solid var(--global-palette2, #2B6CB0);border-left:2px solid var(--global-palette2, #2B6CB0);}@media all and (max-width: 1024px){.wp-block-kadence-advancedbtn .kb-btn1313_6112ec-3e.kb-button{border-top:2px solid #ffe783;border-right:2px solid #ffe783;border-bottom:2px solid #ffe783;border-left:2px solid #ffe783;}}@media all and (max-width: 1024px){.wp-block-kadence-advancedbtn .kb-btn1313_6112ec-3e.kb-button:hover, .wp-block-kadence-advancedbtn .kb-btn1313_6112ec-3e.kb-button:focus{border-top:2px solid var(--global-palette2, #2B6CB0);border-right:2px solid var(--global-palette2, #2B6CB0);border-bottom:2px solid var(--global-palette2, #2B6CB0);border-left:2px solid var(--global-palette2, #2B6CB0);}}@media all and (max-width: 767px){.wp-block-kadence-advancedbtn .kb-btn1313_6112ec-3e.kb-button{border-top:2px solid #ffe783;border-right:2px solid #ffe783;border-bottom:2px solid #ffe783;border-left:2px solid #ffe783;}.wp-block-kadence-advancedbtn .kb-btn1313_6112ec-3e.kb-button:hover, .wp-block-kadence-advancedbtn .kb-btn1313_6112ec-3e.kb-button:focus{border-top:2px solid var(--global-palette2, #2B6CB0);border-right:2px solid var(--global-palette2, #2B6CB0);border-bottom:2px solid var(--global-palette2, #2B6CB0);border-left:2px solid var(--global-palette2, #2B6CB0);}}<\/style><a class=\"kb-button kt-button button kb-btn1313_6112ec-3e kt-btn-size-standard kt-btn-width-type-auto kb-btn-global-fill  kt-btn-has-text-true kt-btn-has-svg-true  wp-block-kadence-singlebtn\" href=\"\/contact\"><span class=\"kt-btn-inner-text\">Kontakt<\/span><span class=\"kb-svg-icon-wrap kb-svg-icon-fe_arrowRight kt-btn-icon-side-right\"><svg viewBox=\"0 0 24 24\"  fill=\"none\" stroke=\"currentColor\" stroke-width=\"2\" stroke-linecap=\"round\" stroke-linejoin=\"round\" xmlns=\"http:\/\/www.w3.org\/2000\/svg\"  aria-hidden=\"true\"><line x1=\"5\" y1=\"12\" x2=\"19\" y2=\"12\"\/><polyline points=\"12 5 19 12 12 19\"\/><\/svg><\/span><\/a><\/div>\n<\/div><\/div>\n\n<\/div><\/div>","protected":false},"excerpt":{"rendered":"<p>Kontener Flat Rack Kontenery Flat Rack maj\u0105 takie same wymiary jak kontenery standardowe. Jako kontenery specjalistyczne, dzi\u0119ki swojej specjalnej konstrukcji, umo\u017cliwiaj\u0105 transport towar\u00f3w o niestandardowych wymiarach, takich jak np. ci\u0119\u017ckie cz\u0119\u015bci do maszyn. CO TO JEST KONTENER FLATRACK Standardowe kontenery Flat Rack posiadaj\u0105 \u015bciany z przodu i z ty\u0142u, ale nie maj\u0105 \u015bcian bocznych ani&#8230;<\/p>\n","protected":false},"author":7,"featured_media":0,"parent":1368,"menu_order":0,"comment_status":"closed","ping_status":"closed","template":"","meta":{"_acf_changed":false,"_kad_blocks_custom_css":"","_kad_blocks_head_custom_js":"","_kad_blocks_body_custom_js":"","_kad_blocks_footer_custom_js":"","_kad_post_transparent":"","_kad_post_title":"","_kad_post_layout":"","_kad_post_sidebar_id":"","_kad_post_content_style":"","_kad_post_vertical_padding":"","_kad_post_feature":"","_kad_post_feature_position":"","_kad_post_header":false,"_kad_post_footer":false,"_kad_post_classname":"","footnotes":""},"class_list":["post-1313","page","type-page","status-publish","hentry"],"acf":[],"taxonomy_info":[],"featured_image_src_large":false,"author_info":{"display_name":"marlon","author_link":"https:\/\/www.mtcontainer.com\/pl\/author\/marlon\/"},"comment_info":0,"_links":{"self":[{"href":"https:\/\/www.mtcontainer.com\/pl\/wp-json\/wp\/v2\/pages\/1313","targetHints":{"allow":["GET"]}}],"collection":[{"href":"https:\/\/www.mtcontainer.com\/pl\/wp-json\/wp\/v2\/pages"}],"about":[{"href":"https:\/\/www.mtcontainer.com\/pl\/wp-json\/wp\/v2\/types\/page"}],"author":[{"embeddable":true,"href":"https:\/\/www.mtcontainer.com\/pl\/wp-json\/wp\/v2\/users\/7"}],"replies":[{"embeddable":true,"href":"https:\/\/www.mtcontainer.com\/pl\/wp-json\/wp\/v2\/comments?post=1313"}],"version-history":[{"count":1,"href":"https:\/\/www.mtcontainer.com\/pl\/wp-json\/wp\/v2\/pages\/1313\/revisions"}],"predecessor-version":[{"id":1315,"href":"https:\/\/www.mtcontainer.com\/pl\/wp-json\/wp\/v2\/pages\/1313\/revisions\/1315"}],"up":[{"embeddable":true,"href":"https:\/\/www.mtcontainer.com\/pl\/wp-json\/wp\/v2\/pages\/1368"}],"wp:attachment":[{"href":"https:\/\/www.mtcontainer.com\/pl\/wp-json\/wp\/v2\/media?parent=1313"}],"curies":[{"name":"wp","href":"https:\/\/api.w.org\/{rel}","templated":true}]}}