{"id":1310,"date":"2024-03-01T12:09:33","date_gmt":"2024-03-01T11:09:33","guid":{"rendered":"https:\/\/www.mtcontainer.com\/pl\/?page_id=1310"},"modified":"2024-03-01T15:08:40","modified_gmt":"2024-03-01T14:08:40","slug":"kontenery-zbiornikowe","status":"publish","type":"page","link":"https:\/\/www.mtcontainer.com\/pl\/kontenery-zbiornikowe\/","title":{"rendered":"Kontenery zbiornikowe"},"content":{"rendered":"<style>.kb-row-layout-id1310_ffc611-48 > .kt-row-column-wrap{align-content:center;}:where(.kb-row-layout-id1310_ffc611-48 > .kt-row-column-wrap) > .wp-block-kadence-column{justify-content:center;}.kb-row-layout-id1310_ffc611-48 > .kt-row-column-wrap{column-gap:var(--global-kb-gap-md, 2rem);row-gap:var(--global-kb-gap-md, 2rem);max-width:var( --global-content-width, 1600px );padding-left:var(--global-content-edge-padding);padding-right:var(--global-content-edge-padding);padding-top:50px;padding-bottom:50px;grid-template-columns:minmax(0, calc(55% - ((var(--global-kb-gap-md, 2rem) * 1 )\/2)))minmax(0, calc(45% - ((var(--global-kb-gap-md, 2rem) * 1 )\/2)));}.kb-row-layout-id1310_ffc611-48{background-color:#f7fafc;}.kb-row-layout-id1310_ffc611-48 > .kt-row-layout-overlay{opacity:0.30;}@media all and (max-width: 1024px){.kb-row-layout-id1310_ffc611-48 > .kt-row-column-wrap{padding-top:0px;grid-template-columns:minmax(0, 1fr);}}@media all and (max-width: 767px){.kb-row-layout-id1310_ffc611-48 > .kt-row-column-wrap{padding-bottom:51px;grid-template-columns:minmax(0, 1fr);}}<\/style><div class=\"kb-row-layout-wrap kb-row-layout-id1310_ffc611-48 alignfull kt-row-has-bg wp-block-kadence-rowlayout\" id=\"hero\"><div class=\"kt-row-column-wrap kt-has-2-columns kt-row-layout-equal kt-tab-layout-row kt-mobile-layout-row kt-row-valign-middle kb-theme-content-width\">\n<style>.kadence-column1310_4a61a7-6d > .kt-inside-inner-col{padding-top:var(--global-kb-spacing-md, 2rem);padding-right:var(--global-kb-spacing-md, 2rem);padding-bottom:var(--global-kb-spacing-md, 2rem);padding-left:var(--global-kb-spacing-md, 2rem);}.kadence-column1310_4a61a7-6d > .kt-inside-inner-col,.kadence-column1310_4a61a7-6d > .kt-inside-inner-col:before{border-top-left-radius:0px;border-top-right-radius:0px;border-bottom-right-radius:0px;border-bottom-left-radius:0px;}.kadence-column1310_4a61a7-6d > .kt-inside-inner-col{column-gap:var(--global-kb-gap-sm, 1rem);}.kadence-column1310_4a61a7-6d > .kt-inside-inner-col{flex-direction:column;}.kadence-column1310_4a61a7-6d > .kt-inside-inner-col > .aligncenter{width:100%;}.kadence-column1310_4a61a7-6d > .kt-inside-inner-col:before{opacity:0.5;background-color:var(--global-palette9, #ffffff);}.kadence-column1310_4a61a7-6d{position:relative;}@media all and (max-width: 1024px){.kadence-column1310_4a61a7-6d > .kt-inside-inner-col{flex-direction:column;justify-content:center;}}@media all and (max-width: 767px){.kadence-column1310_4a61a7-6d > .kt-inside-inner-col{flex-direction:column;justify-content:center;}}<\/style>\n<div class=\"wp-block-kadence-column kadence-column1310_4a61a7-6d kb-section-has-overlay inner-column-2\"><div class=\"kt-inside-inner-col\"><style>.wp-block-kadence-advancedheading.kt-adv-heading1310_63ca79-d4, .wp-block-kadence-advancedheading.kt-adv-heading1310_63ca79-d4[data-kb-block=\"kb-adv-heading1310_63ca79-d4\"]{font-size:var(--global-kb-font-size-xl, 3rem);font-style:normal;color:#00187c;}.wp-block-kadence-advancedheading.kt-adv-heading1310_63ca79-d4 mark.kt-highlight, .wp-block-kadence-advancedheading.kt-adv-heading1310_63ca79-d4[data-kb-block=\"kb-adv-heading1310_63ca79-d4\"] mark.kt-highlight{font-style:normal;color:#f76a0c;-webkit-box-decoration-break:clone;box-decoration-break:clone;padding-top:0px;padding-right:0px;padding-bottom:0px;padding-left:0px;}.wp-block-kadence-advancedheading.kt-adv-heading1310_63ca79-d4 img.kb-inline-image, .wp-block-kadence-advancedheading.kt-adv-heading1310_63ca79-d4[data-kb-block=\"kb-adv-heading1310_63ca79-d4\"] img.kb-inline-image{width:150px;vertical-align:baseline;}@media all and (max-width: 767px){.wp-block-kadence-advancedheading.kt-adv-heading1310_63ca79-d4, .wp-block-kadence-advancedheading.kt-adv-heading1310_63ca79-d4[data-kb-block=\"kb-adv-heading1310_63ca79-d4\"]{font-size:var(--global-kb-font-size-lg, 2rem);}}<\/style>\n<h1 class=\"kt-adv-heading1310_63ca79-d4 wp-block-kadence-advancedheading\" data-kb-block=\"kb-adv-heading1310_63ca79-d4\">Kontenery zbiornikowe<\/h1>\n\n\n\n<p>Kontenery zbiornikowe lub kontenery cysterny zaliczane s\u0105 do kontener\u00f3w specjalistycznych i s\u0142u\u017c\u0105 do transportu cieczy i gaz\u00f3w. Transport mo\u017ce odby\u0107 si\u0119 drog\u0105 morsk\u0105 lub l\u0105dow\u0105 (drogi, koleje).<br>Cyterny s\u0105 tak dopasowane do kontenera, aby ich wymiary zewn\u0119trze by\u0142y zgodne z normami ISO. Dzi\u0119ki temu mo\u017cliwy jest transport i sk\u0142adowanie cystern ze wszystkimi kontenerami innego typu.<\/p>\n<\/div><\/div>\n\n\n<style>.kadence-column1310_9ff00e-11 > .kt-inside-inner-col{display:flex;}.kadence-column1310_9ff00e-11 > .kt-inside-inner-col,.kadence-column1310_9ff00e-11 > .kt-inside-inner-col:before{border-top-left-radius:0px;border-top-right-radius:0px;border-bottom-right-radius:0px;border-bottom-left-radius:0px;}.kadence-column1310_9ff00e-11 > .kt-inside-inner-col{column-gap:var(--global-kb-gap-sm, 1rem);}.kadence-column1310_9ff00e-11 > .kt-inside-inner-col{flex-direction:column;justify-content:center;}.kadence-column1310_9ff00e-11 > .kt-inside-inner-col > .aligncenter{width:100%;}.kt-row-column-wrap > .kadence-column1310_9ff00e-11{align-self:center;}.kt-inner-column-height-full:not(.kt-has-1-columns) > .wp-block-kadence-column.kadence-column1310_9ff00e-11{align-self:auto;}.kt-inner-column-height-full:not(.kt-has-1-columns) > .wp-block-kadence-column.kadence-column1310_9ff00e-11 > .kt-inside-inner-col{flex-direction:column;justify-content:center;}.kadence-column1310_9ff00e-11 > .kt-inside-inner-col:before{opacity:0.3;}.kadence-column1310_9ff00e-11{position:relative;}@media all and (max-width: 1024px){.kt-row-column-wrap > .kadence-column1310_9ff00e-11{align-self:center;}}@media all and (max-width: 1024px){.kt-inner-column-height-full:not(.kt-has-1-columns) > .wp-block-kadence-column.kadence-column1310_9ff00e-11{align-self:auto;}}@media all and (max-width: 1024px){.kt-inner-column-height-full:not(.kt-has-1-columns) > .wp-block-kadence-column.kadence-column1310_9ff00e-11 > .kt-inside-inner-col{flex-direction:column;justify-content:center;}}@media all and (max-width: 1024px){.kadence-column1310_9ff00e-11 > .kt-inside-inner-col{flex-direction:column;justify-content:center;}}@media all and (max-width: 767px){.kt-row-column-wrap > .kadence-column1310_9ff00e-11{align-self:center;}.kt-inner-column-height-full:not(.kt-has-1-columns) > .wp-block-kadence-column.kadence-column1310_9ff00e-11{align-self:auto;}.kt-inner-column-height-full:not(.kt-has-1-columns) > .wp-block-kadence-column.kadence-column1310_9ff00e-11 > .kt-inside-inner-col{flex-direction:column;justify-content:center;}.kadence-column1310_9ff00e-11 > .kt-inside-inner-col{flex-direction:column;justify-content:center;}}<\/style>\n<div class=\"wp-block-kadence-column kadence-column1310_9ff00e-11 inner-column-1\"><div class=\"kt-inside-inner-col\"><style>.kb-image1310_d55618-06.kb-image-is-ratio-size, .kb-image1310_d55618-06 .kb-image-is-ratio-size{max-width:448px;width:100%;}.wp-block-kadence-column > .kt-inside-inner-col > .kb-image1310_d55618-06.kb-image-is-ratio-size, .wp-block-kadence-column > .kt-inside-inner-col > .kb-image1310_d55618-06 .kb-image-is-ratio-size{align-self:unset;}.kb-image1310_d55618-06 figure{max-width:448px;}.kb-image1310_d55618-06 .image-is-svg, .kb-image1310_d55618-06 .image-is-svg img{width:100%;}.kb-image1310_d55618-06 .kb-image-has-overlay:after{opacity:0.3;}<\/style>\n<div class=\"wp-block-kadence-image kb-image1310_d55618-06\"><figure class=\"aligncenter size-full\"><img decoding=\"async\" width=\"605\" height=\"448\" src=\"https:\/\/www.mtcontainer.com\/pl\/wp-content\/uploads\/sites\/12\/2024\/03\/Kontenery-zbiornikowe.webp\" alt=\"\" class=\"kb-img wp-image-1311 skip-lazy kb-skip-lazy\" srcset=\"https:\/\/www.mtcontainer.com\/pl\/wp-content\/uploads\/sites\/12\/2024\/03\/Kontenery-zbiornikowe.webp 605w, https:\/\/www.mtcontainer.com\/pl\/wp-content\/uploads\/sites\/12\/2024\/03\/Kontenery-zbiornikowe-300x222.webp 300w\" sizes=\"(max-width: 605px) 100vw, 605px\" \/><\/figure><\/div>\n<\/div><\/div>\n\n<\/div><\/div>\n\n<style>.kb-row-layout-wrap.wp-block-kadence-rowlayout.kb-row-layout-id1310_c3f5c8-43{margin-top:0px;}.kb-row-layout-id1310_c3f5c8-43 > .kt-row-column-wrap{align-content:start;}:where(.kb-row-layout-id1310_c3f5c8-43 > .kt-row-column-wrap) > .wp-block-kadence-column{justify-content:start;}.kb-row-layout-id1310_c3f5c8-43 > .kt-row-column-wrap{column-gap:var(--global-kb-gap-lg, 4rem);row-gap:var(--global-kb-gap-md, 2rem);max-width:var( --global-content-width, 1600px );padding-left:var(--global-content-edge-padding);padding-right:var(--global-content-edge-padding);padding-top:45px;padding-bottom:45px;grid-template-columns:minmax(0, 1fr);}.kb-row-layout-id1310_c3f5c8-43 > .kt-row-layout-overlay{opacity:0.30;}@media all and (max-width: 1024px){.kb-row-layout-id1310_c3f5c8-43 > .kt-row-column-wrap{grid-template-columns:minmax(0, 1fr);}}@media all and (max-width: 767px){.kb-row-layout-id1310_c3f5c8-43 > .kt-row-column-wrap{grid-template-columns:minmax(0, 1fr);}}<\/style><div class=\"kb-row-layout-wrap kb-row-layout-id1310_c3f5c8-43 alignfull has-theme-palette9-background-color kt-row-has-bg wp-block-kadence-rowlayout\"><div class=\"kt-row-column-wrap kt-has-1-columns kt-row-layout-equal kt-tab-layout-inherit kt-mobile-layout-row kt-row-valign-top kb-theme-content-width\">\n<style>.kadence-column1310_d5e4b3-c1 > .kt-inside-inner-col,.kadence-column1310_d5e4b3-c1 > .kt-inside-inner-col:before{border-top-left-radius:0px;border-top-right-radius:0px;border-bottom-right-radius:0px;border-bottom-left-radius:0px;}.kadence-column1310_d5e4b3-c1 > .kt-inside-inner-col{column-gap:var(--global-kb-gap-sm, 1rem);}.kadence-column1310_d5e4b3-c1 > .kt-inside-inner-col{flex-direction:column;}.kadence-column1310_d5e4b3-c1 > .kt-inside-inner-col > .aligncenter{width:100%;}.kadence-column1310_d5e4b3-c1 > .kt-inside-inner-col:before{opacity:0.3;}.kadence-column1310_d5e4b3-c1{position:relative;}@media all and (max-width: 1024px){.kadence-column1310_d5e4b3-c1 > .kt-inside-inner-col{flex-direction:column;justify-content:center;}}@media all and (max-width: 767px){.kadence-column1310_d5e4b3-c1 > .kt-inside-inner-col{flex-direction:column;justify-content:center;}}<\/style>\n<div class=\"wp-block-kadence-column kadence-column1310_d5e4b3-c1 inner-column-2\" id=\"content\"><div class=\"kt-inside-inner-col\"><style>.wp-block-kadence-advancedheading.kt-adv-heading1310_5d8e5e-32, .wp-block-kadence-advancedheading.kt-adv-heading1310_5d8e5e-32[data-kb-block=\"kb-adv-heading1310_5d8e5e-32\"]{padding-top:0px;margin-top:0px;font-style:normal;color:#00187c;}.wp-block-kadence-advancedheading.kt-adv-heading1310_5d8e5e-32 mark.kt-highlight, .wp-block-kadence-advancedheading.kt-adv-heading1310_5d8e5e-32[data-kb-block=\"kb-adv-heading1310_5d8e5e-32\"] mark.kt-highlight{font-style:normal;color:#f76a0c;-webkit-box-decoration-break:clone;box-decoration-break:clone;padding-top:0px;padding-right:0px;padding-bottom:0px;padding-left:0px;}.wp-block-kadence-advancedheading.kt-adv-heading1310_5d8e5e-32 img.kb-inline-image, .wp-block-kadence-advancedheading.kt-adv-heading1310_5d8e5e-32[data-kb-block=\"kb-adv-heading1310_5d8e5e-32\"] img.kb-inline-image{width:150px;vertical-align:baseline;}<\/style>\n<h2 class=\"kt-adv-heading1310_5d8e5e-32 wp-block-kadence-advancedheading\" data-kb-block=\"kb-adv-heading1310_5d8e5e-32\">Opis<\/h2>\n\n\n\n<p>Wa\u017cne jest, aby cysterny do przewozu \u017cywno\u015bci by\u0142y odpowiednio i wyra\u017anie oznakowane. Dzi\u0119ki temu mo\u017cna wykluczy\u0107 pomy\u0142ki i zwi\u0105zane z nimi ewentualne zanieczyszczenia.<\/p>\n\n\n\n<p>Nale\u017cy zachowa\u0107 stosowne \u015brodki ostro\u017cno\u015bci podczas przewozu materia\u0142\u00f3w niebezpiecznych i innych \u015brodk\u00f3w chemicznych. Do substancji obj\u0119tych zwi\u0119kszonymi wymogami bezpiecze\u0144stwa zaliczaj\u0105 si\u0119 m.in.: olej nap\u0119dowy (diesel), inhibitory korozji i wszystkie inne substancje toksyczne, wybuchowe lub zanieczyszczaj\u0105ce wod\u0119.<\/p>\n\n\n\n<p>Z tego te\u017c powodu cysterny przewo\u017c\u0105ce towary niebezpieczne nie mog\u0105 mie\u0107 \u017cadnych otwor\u00f3w wlotowych i wylotowych pod powierzchni\u0105 transportowanej cieczy. Ma to zapobiec niekontrolowanemu wyciekowi w przypadku uszkodze\u0144.<\/p>\n\n\n\n<p>Ka\u017cdy zbiornik musi by\u0107 wyra\u017anie oznakowany, aby wskaza\u0107 potencjalne zagro\u017cenia i zapobiec pomy\u0142kom transportowanych towar\u00f3w.<\/p>\n\n\n<style>.wp-block-kadence-spacer.kt-block-spacer-1310_7cdd09-69 .kt-block-spacer{height:36px;}.wp-block-kadence-spacer.kt-block-spacer-1310_7cdd09-69 .kt-divider{border-top-width:2px;border-top-color:#00187c;width:80%;border-top-style:solid;}<\/style>\n<div class=\"wp-block-kadence-spacer aligncenter kt-block-spacer-1310_7cdd09-69\"><div class=\"kt-block-spacer kt-block-spacer-halign-center\"><hr class=\"kt-divider\"\/><\/div><\/div>\n\n\n<style>.wp-block-kadence-advancedheading.kt-adv-heading1310_a8c36c-27, .wp-block-kadence-advancedheading.kt-adv-heading1310_a8c36c-27[data-kb-block=\"kb-adv-heading1310_a8c36c-27\"]{padding-top:0px;margin-top:0px;font-style:normal;color:#00187c;}.wp-block-kadence-advancedheading.kt-adv-heading1310_a8c36c-27 mark.kt-highlight, .wp-block-kadence-advancedheading.kt-adv-heading1310_a8c36c-27[data-kb-block=\"kb-adv-heading1310_a8c36c-27\"] mark.kt-highlight{font-style:normal;color:#f76a0c;-webkit-box-decoration-break:clone;box-decoration-break:clone;padding-top:0px;padding-right:0px;padding-bottom:0px;padding-left:0px;}.wp-block-kadence-advancedheading.kt-adv-heading1310_a8c36c-27 img.kb-inline-image, .wp-block-kadence-advancedheading.kt-adv-heading1310_a8c36c-27[data-kb-block=\"kb-adv-heading1310_a8c36c-27\"] img.kb-inline-image{width:150px;vertical-align:baseline;}<\/style>\n<h2 class=\"kt-adv-heading1310_a8c36c-27 wp-block-kadence-advancedheading\" data-kb-block=\"kb-adv-heading1310_a8c36c-27\">W\u0141A\u015aCIWO\u015aCI KONTENERA CYSTERNY<\/h2>\n\n\n\n<p>Kontener jest wiatro i wodoodporny. Uzbrojony jest w aluminiow\u0105 obudow\u0119 wewn\u0119trzn\u0105 wraz z we\u0142n\u0105 izolacyjn\u0105.Nasze kotenery cysterny gwarantuj\u0105 bezpieczny dla \u015brodowiska transport .<\/p>\n\n\n<style>.wp-block-kadence-spacer.kt-block-spacer-1310_6d1390-6b .kt-block-spacer{height:36px;}.wp-block-kadence-spacer.kt-block-spacer-1310_6d1390-6b .kt-divider{border-top-width:2px;border-top-color:#00187c;width:80%;border-top-style:solid;}<\/style>\n<div class=\"wp-block-kadence-spacer aligncenter kt-block-spacer-1310_6d1390-6b\"><div class=\"kt-block-spacer kt-block-spacer-halign-center\"><hr class=\"kt-divider\"\/><\/div><\/div>\n\n\n<style>.wp-block-kadence-advancedheading.kt-adv-heading1310_76418e-2c, .wp-block-kadence-advancedheading.kt-adv-heading1310_76418e-2c[data-kb-block=\"kb-adv-heading1310_76418e-2c\"]{padding-top:0px;margin-top:0px;font-style:normal;color:#00187c;}.wp-block-kadence-advancedheading.kt-adv-heading1310_76418e-2c mark.kt-highlight, .wp-block-kadence-advancedheading.kt-adv-heading1310_76418e-2c[data-kb-block=\"kb-adv-heading1310_76418e-2c\"] mark.kt-highlight{font-style:normal;color:#f76a0c;-webkit-box-decoration-break:clone;box-decoration-break:clone;padding-top:0px;padding-right:0px;padding-bottom:0px;padding-left:0px;}.wp-block-kadence-advancedheading.kt-adv-heading1310_76418e-2c img.kb-inline-image, .wp-block-kadence-advancedheading.kt-adv-heading1310_76418e-2c[data-kb-block=\"kb-adv-heading1310_76418e-2c\"] img.kb-inline-image{width:150px;vertical-align:baseline;}<\/style>\n<h2 class=\"kt-adv-heading1310_76418e-2c wp-block-kadence-advancedheading\" data-kb-block=\"kb-adv-heading1310_76418e-2c\">OFERTA KONTENER\u00d3W CYSTERN<\/h2>\n\n\n\n<p>W naszym magazynie mo\u017cna kupi\u0107 lub wynaj\u0105\u0107 kontenery cysterny z przegrodami lub bez.<\/p>\n\n\n\n<p>Dzi\u0119ki przegrodom, komory zbiornika s\u0105 podzielone na dwie lub wi\u0119cej sekcji. W ten spos\u00f3b zapobiega si\u0119 spi\u0119trzaniu \u0142adunku podczas uruchamiania silnika i hamowania.<\/p>\n\n\n\n<p>Je\u015bli cysterny nie maj\u0105 przegr\u00f3d, nale\u017cy transportowa\u0107 kontenery puste lub wype\u0142nione maksymalnie w 80%. Kontenery z przegrodami oferuj\u0105 znacznie wi\u0119ksz\u0105 elastyczno\u015b\u0107 w codziennym u\u017cytkowaniu, poniewa\u017c pozwalaj\u0105 na zmienn\u0105 pojemno\u015b\u0107 transportu.<\/p>\n\n\n\n<p>Wymiary zewn\u0119trzne cysterny pokrywaj\u0105 si\u0119 z wymiarami kontener\u00f3w izotermicznych. Typowe wymiary to 20 st\u00f3p lub 40 st\u00f3p. Poza zwyk\u0142ymi zbiornikami do magazynowania, istniej\u0105 r\u00f3wnie\u017c tzw. zbiorniki elastyczne. Nadaj\u0105 si\u0119 one jednak tylko to transportu substancji &nbsp;nieobj\u0119tych rozporz\u0105dzeniem o materia\u0142ach niebezpiecznych.<\/p>\n\n\n\n<p>W swojej ofercie posiadamy odnowione oraz u\u017cywane cysterny w bardzo dobrym stanie.<\/p>\n\n\n\n<p>Zbiorniki transportowe ze stali nierdzewnej pochodz\u0105 od znanych producent\u00f3w, np. Rootselaar lub Hoyer.<\/p>\n\n\n\n<p>Oferowane przez nas cysterny dost\u0119pne s\u0105 w sprzeda\u017cy oraz pod czasowy wynajem \u2013 oczywi\u015bcie zawsze z plakietk\u0105 CSC i mi\u0119dzynarodowymi dopuszczeniami do u\u017cytkowania.<\/p>\n\n\n\n<p>Oferujemy r\u00f3wnie\u017c remont, naprawy i konserwacj\u0119 cystern oraz kontener\u00f3w ch\u0142odniczych.<\/p>\n\n\n\n<p>Zach\u0119camy do&nbsp;<a href=\"mailto:info@mt-container.de\">kontaktu<\/a>&nbsp;\u2013 ch\u0119tnie doradzimy we wszelkich kwestiach dotycz\u0105cych cystern i zwi\u0105zanej z nimi logistytki.<\/p>\n\n\n\n<figure class=\"wp-block-table is-style-regular\"><table class=\"has-theme-palette-3-color has-theme-palette-9-background-color has-text-color has-background has-link-color\"><tbody><tr><td><strong><strong>Typ pojemnika<\/strong><\/strong><\/td><td><strong>Wymiary zewn\u0119trzne<\/strong><\/td><td><strong>Tom<\/strong><\/td><td><strong>Waga<\/strong><\/td><\/tr><tr><td><strong>20 ST\u00d3P KONTENERY ZBIORNIKOWE<\/strong><\/td><td>D\u0142ugo\u015b\u0107 6058 mm | Szeroko\u015b\u0107 2438 mm | Wysoko\u015b\u0107 2591 mm<\/td><td>20\u201326 m\u00b3 | 20 000\u201326 000 litr\u00f3w | Ci\u015bnienie 0 &#8211; 4,2 bar<\/td><td>Masa w\u0142asna 3200 kg | \u0141adowno\u015b\u0107 28480 kg | Masa ca\u0142kowita 36000 kg<\/td><\/tr><\/tbody><\/table><\/figure>\n\n\n<style>.wp-block-kadence-advancedbtn.kb-btns1310_2c47ad-ee{gap:var(--global-kb-gap-xs, 0.5rem );justify-content:flex-start;align-items:center;}.kt-btns1310_2c47ad-ee .kt-button{font-weight:normal;font-style:normal;}.kt-btns1310_2c47ad-ee .kt-btn-wrap-0{margin-right:5px;}.wp-block-kadence-advancedbtn.kt-btns1310_2c47ad-ee .kt-btn-wrap-0 .kt-button{color:#555555;border-color:#555555;}.wp-block-kadence-advancedbtn.kt-btns1310_2c47ad-ee .kt-btn-wrap-0 .kt-button:hover, .wp-block-kadence-advancedbtn.kt-btns1310_2c47ad-ee .kt-btn-wrap-0 .kt-button:focus{color:#ffffff;border-color:#444444;}.wp-block-kadence-advancedbtn.kt-btns1310_2c47ad-ee .kt-btn-wrap-0 .kt-button::before{display:none;}.wp-block-kadence-advancedbtn.kt-btns1310_2c47ad-ee .kt-btn-wrap-0 .kt-button:hover, .wp-block-kadence-advancedbtn.kt-btns1310_2c47ad-ee .kt-btn-wrap-0 .kt-button:focus{background:#444444;}<\/style>\n<div class=\"wp-block-kadence-advancedbtn kb-buttons-wrap kb-btns1310_2c47ad-ee\"><style>ul.menu .wp-block-kadence-advancedbtn .kb-btn1310_814fea-88.kb-button{width:initial;}.wp-block-kadence-advancedbtn .kb-btn1310_814fea-88.kb-button{color:#00187c;background:#ffe783;border-top-left-radius:0px;border-top-right-radius:0px;border-bottom-right-radius:0px;border-bottom-left-radius:0px;border-top:2px solid #ffe783;border-right:2px solid #ffe783;border-bottom:2px solid #ffe783;border-left:2px solid #ffe783;}.wp-block-kadence-advancedbtn .kb-btn1310_814fea-88.kb-button:hover, .wp-block-kadence-advancedbtn .kb-btn1310_814fea-88.kb-button:focus{background:var(--global-palette9, #ffffff);border-top-left-radius:0px;border-top-right-radius:0px;border-bottom-right-radius:0px;border-bottom-left-radius:0px;border-top:2px solid var(--global-palette2, #2B6CB0);border-right:2px solid var(--global-palette2, #2B6CB0);border-bottom:2px solid var(--global-palette2, #2B6CB0);border-left:2px solid var(--global-palette2, #2B6CB0);}@media all and (max-width: 1024px){.wp-block-kadence-advancedbtn .kb-btn1310_814fea-88.kb-button{border-top:2px solid #ffe783;border-right:2px solid #ffe783;border-bottom:2px solid #ffe783;border-left:2px solid #ffe783;}}@media all and (max-width: 1024px){.wp-block-kadence-advancedbtn .kb-btn1310_814fea-88.kb-button:hover, .wp-block-kadence-advancedbtn .kb-btn1310_814fea-88.kb-button:focus{border-top:2px solid var(--global-palette2, #2B6CB0);border-right:2px solid var(--global-palette2, #2B6CB0);border-bottom:2px solid var(--global-palette2, #2B6CB0);border-left:2px solid var(--global-palette2, #2B6CB0);}}@media all and (max-width: 767px){.wp-block-kadence-advancedbtn .kb-btn1310_814fea-88.kb-button{border-top:2px solid #ffe783;border-right:2px solid #ffe783;border-bottom:2px solid #ffe783;border-left:2px solid #ffe783;}.wp-block-kadence-advancedbtn .kb-btn1310_814fea-88.kb-button:hover, .wp-block-kadence-advancedbtn .kb-btn1310_814fea-88.kb-button:focus{border-top:2px solid var(--global-palette2, #2B6CB0);border-right:2px solid var(--global-palette2, #2B6CB0);border-bottom:2px solid var(--global-palette2, #2B6CB0);border-left:2px solid var(--global-palette2, #2B6CB0);}}<\/style><a class=\"kb-button kt-button button kb-btn1310_814fea-88 kt-btn-size-standard kt-btn-width-type-auto kb-btn-global-fill  kt-btn-has-text-true kt-btn-has-svg-true  wp-block-kadence-singlebtn\" href=\"\/contact\"><span class=\"kt-btn-inner-text\">Kontakt<\/span><span class=\"kb-svg-icon-wrap kb-svg-icon-fe_arrowRight kt-btn-icon-side-right\"><svg viewBox=\"0 0 24 24\"  fill=\"none\" stroke=\"currentColor\" stroke-width=\"2\" stroke-linecap=\"round\" stroke-linejoin=\"round\" xmlns=\"http:\/\/www.w3.org\/2000\/svg\"  aria-hidden=\"true\"><line x1=\"5\" y1=\"12\" x2=\"19\" y2=\"12\"\/><polyline points=\"12 5 19 12 12 19\"\/><\/svg><\/span><\/a><\/div>\n<\/div><\/div>\n\n<\/div><\/div>","protected":false},"excerpt":{"rendered":"<p>Kontenery zbiornikowe Kontenery zbiornikowe lub kontenery cysterny zaliczane s\u0105 do kontener\u00f3w specjalistycznych i s\u0142u\u017c\u0105 do transportu cieczy i gaz\u00f3w. Transport mo\u017ce odby\u0107 si\u0119 drog\u0105 morsk\u0105 lub l\u0105dow\u0105 (drogi, koleje).Cyterny s\u0105 tak dopasowane do kontenera, aby ich wymiary zewn\u0119trze by\u0142y zgodne z normami ISO. Dzi\u0119ki temu mo\u017cliwy jest transport i sk\u0142adowanie cystern ze wszystkimi kontenerami innego&#8230;<\/p>\n","protected":false},"author":7,"featured_media":0,"parent":1368,"menu_order":0,"comment_status":"closed","ping_status":"closed","template":"","meta":{"_acf_changed":false,"_kad_blocks_custom_css":"","_kad_blocks_head_custom_js":"","_kad_blocks_body_custom_js":"","_kad_blocks_footer_custom_js":"","_kad_post_transparent":"","_kad_post_title":"","_kad_post_layout":"","_kad_post_sidebar_id":"","_kad_post_content_style":"","_kad_post_vertical_padding":"","_kad_post_feature":"","_kad_post_feature_position":"","_kad_post_header":false,"_kad_post_footer":false,"_kad_post_classname":"","footnotes":""},"class_list":["post-1310","page","type-page","status-publish","hentry"],"acf":[],"taxonomy_info":[],"featured_image_src_large":false,"author_info":{"display_name":"marlon","author_link":"https:\/\/www.mtcontainer.com\/pl\/author\/marlon\/"},"comment_info":0,"_links":{"self":[{"href":"https:\/\/www.mtcontainer.com\/pl\/wp-json\/wp\/v2\/pages\/1310","targetHints":{"allow":["GET"]}}],"collection":[{"href":"https:\/\/www.mtcontainer.com\/pl\/wp-json\/wp\/v2\/pages"}],"about":[{"href":"https:\/\/www.mtcontainer.com\/pl\/wp-json\/wp\/v2\/types\/page"}],"author":[{"embeddable":true,"href":"https:\/\/www.mtcontainer.com\/pl\/wp-json\/wp\/v2\/users\/7"}],"replies":[{"embeddable":true,"href":"https:\/\/www.mtcontainer.com\/pl\/wp-json\/wp\/v2\/comments?post=1310"}],"version-history":[{"count":1,"href":"https:\/\/www.mtcontainer.com\/pl\/wp-json\/wp\/v2\/pages\/1310\/revisions"}],"predecessor-version":[{"id":1312,"href":"https:\/\/www.mtcontainer.com\/pl\/wp-json\/wp\/v2\/pages\/1310\/revisions\/1312"}],"up":[{"embeddable":true,"href":"https:\/\/www.mtcontainer.com\/pl\/wp-json\/wp\/v2\/pages\/1368"}],"wp:attachment":[{"href":"https:\/\/www.mtcontainer.com\/pl\/wp-json\/wp\/v2\/media?parent=1310"}],"curies":[{"name":"wp","href":"https:\/\/api.w.org\/{rel}","templated":true}]}}