{"id":1307,"date":"2024-03-01T12:04:39","date_gmt":"2024-03-01T11:04:39","guid":{"rendered":"https:\/\/www.mtcontainer.com\/pl\/?page_id=1307"},"modified":"2024-03-02T22:24:06","modified_gmt":"2024-03-02T21:24:06","slug":"kontener-z-otwartym-dachem-kontener-open-top","status":"publish","type":"page","link":"https:\/\/www.mtcontainer.com\/pl\/kontener-z-otwartym-dachem-kontener-open-top\/","title":{"rendered":"Kontener Open Top"},"content":{"rendered":"<style>.kb-row-layout-id1307_517ef0-3d > .kt-row-column-wrap{align-content:center;}:where(.kb-row-layout-id1307_517ef0-3d > .kt-row-column-wrap) > .wp-block-kadence-column{justify-content:center;}.kb-row-layout-id1307_517ef0-3d > .kt-row-column-wrap{column-gap:var(--global-kb-gap-md, 2rem);row-gap:var(--global-kb-gap-md, 2rem);max-width:var( --global-content-width, 1600px );padding-left:var(--global-content-edge-padding);padding-right:var(--global-content-edge-padding);padding-top:50px;padding-bottom:50px;grid-template-columns:minmax(0, calc(55% - ((var(--global-kb-gap-md, 2rem) * 1 )\/2)))minmax(0, calc(45% - ((var(--global-kb-gap-md, 2rem) * 1 )\/2)));}.kb-row-layout-id1307_517ef0-3d{background-color:#f7fafc;}.kb-row-layout-id1307_517ef0-3d > .kt-row-layout-overlay{opacity:0.30;}@media all and (max-width: 1024px){.kb-row-layout-id1307_517ef0-3d > .kt-row-column-wrap{padding-top:0px;grid-template-columns:minmax(0, 1fr);}}@media all and (max-width: 767px){.kb-row-layout-id1307_517ef0-3d > .kt-row-column-wrap{padding-bottom:51px;grid-template-columns:minmax(0, 1fr);}}<\/style><div class=\"kb-row-layout-wrap kb-row-layout-id1307_517ef0-3d alignfull kt-row-has-bg wp-block-kadence-rowlayout\" id=\"hero\"><div class=\"kt-row-column-wrap kt-has-2-columns kt-row-layout-equal kt-tab-layout-row kt-mobile-layout-row kt-row-valign-middle kb-theme-content-width\">\n<style>.kadence-column1307_99652a-8e > .kt-inside-inner-col{padding-top:var(--global-kb-spacing-md, 2rem);padding-right:var(--global-kb-spacing-md, 2rem);padding-bottom:var(--global-kb-spacing-md, 2rem);padding-left:var(--global-kb-spacing-md, 2rem);}.kadence-column1307_99652a-8e > .kt-inside-inner-col,.kadence-column1307_99652a-8e > .kt-inside-inner-col:before{border-top-left-radius:0px;border-top-right-radius:0px;border-bottom-right-radius:0px;border-bottom-left-radius:0px;}.kadence-column1307_99652a-8e > .kt-inside-inner-col{column-gap:var(--global-kb-gap-sm, 1rem);}.kadence-column1307_99652a-8e > .kt-inside-inner-col{flex-direction:column;}.kadence-column1307_99652a-8e > .kt-inside-inner-col > .aligncenter{width:100%;}.kadence-column1307_99652a-8e > .kt-inside-inner-col:before{opacity:0.5;background-color:var(--global-palette9, #ffffff);}.kadence-column1307_99652a-8e{position:relative;}@media all and (max-width: 1024px){.kadence-column1307_99652a-8e > .kt-inside-inner-col{flex-direction:column;justify-content:center;}}@media all and (max-width: 767px){.kadence-column1307_99652a-8e > .kt-inside-inner-col{flex-direction:column;justify-content:center;}}<\/style>\n<div class=\"wp-block-kadence-column kadence-column1307_99652a-8e kb-section-has-overlay inner-column-2\"><div class=\"kt-inside-inner-col\"><style>.wp-block-kadence-advancedheading.kt-adv-heading1307_fa4614-12, .wp-block-kadence-advancedheading.kt-adv-heading1307_fa4614-12[data-kb-block=\"kb-adv-heading1307_fa4614-12\"]{font-size:var(--global-kb-font-size-xl, 3rem);font-style:normal;color:#00187c;}.wp-block-kadence-advancedheading.kt-adv-heading1307_fa4614-12 mark.kt-highlight, .wp-block-kadence-advancedheading.kt-adv-heading1307_fa4614-12[data-kb-block=\"kb-adv-heading1307_fa4614-12\"] mark.kt-highlight{font-style:normal;color:#f76a0c;-webkit-box-decoration-break:clone;box-decoration-break:clone;padding-top:0px;padding-right:0px;padding-bottom:0px;padding-left:0px;}.wp-block-kadence-advancedheading.kt-adv-heading1307_fa4614-12 img.kb-inline-image, .wp-block-kadence-advancedheading.kt-adv-heading1307_fa4614-12[data-kb-block=\"kb-adv-heading1307_fa4614-12\"] img.kb-inline-image{width:150px;vertical-align:baseline;}@media all and (max-width: 767px){.wp-block-kadence-advancedheading.kt-adv-heading1307_fa4614-12, .wp-block-kadence-advancedheading.kt-adv-heading1307_fa4614-12[data-kb-block=\"kb-adv-heading1307_fa4614-12\"]{font-size:var(--global-kb-font-size-lg, 2rem);}}<\/style>\n<h1 class=\"kt-adv-heading1307_fa4614-12 wp-block-kadence-advancedheading\" data-kb-block=\"kb-adv-heading1307_fa4614-12\">Kontener Open Top<\/h1>\n\n\n\n<p>W odr\u00f3\u017cnieniu od kontener\u00f3w standardowych, Open Top jest po prostu otwarty.<\/p>\n\n\n\n<p>Funkcj\u0119 zabezpieczaj\u0105c\u0105 przed zmianami pogodowymi, kradzie\u017c\u0105 czy zgubieniem towar\u00f3w stanowi plandeka.<\/p>\n\n\n<style>.wp-block-kadence-advancedbtn.kb-btns1307_1e6d66-9a{gap:var(--global-kb-gap-xs, 0.5rem );justify-content:flex-start;align-items:center;}.kt-btns1307_1e6d66-9a .kt-button{font-weight:normal;font-style:normal;}<\/style>\n<div class=\"wp-block-kadence-advancedbtn kb-buttons-wrap kb-btns1307_1e6d66-9a\"><style>ul.menu .wp-block-kadence-advancedbtn .kb-btn1307_d9ca9a-08.kb-button{width:initial;}.wp-block-kadence-advancedbtn .kb-btn1307_d9ca9a-08.kb-button{color:#00187c;background:#ffe783;border-top-left-radius:0px;border-top-right-radius:0px;border-bottom-right-radius:0px;border-bottom-left-radius:0px;border-top:0px solid;border-right:0px solid;border-bottom:0px solid;border-left:0px solid;}@media all and (max-width: 1024px){.wp-block-kadence-advancedbtn .kb-btn1307_d9ca9a-08.kb-button{border-top:0px solid;border-right:0px solid;border-bottom:0px solid;border-left:0px solid;}}@media all and (max-width: 767px){.wp-block-kadence-advancedbtn .kb-btn1307_d9ca9a-08.kb-button{font-size:var(--global-kb-font-size-md, 1.25rem);border-top:0px solid;border-right:0px solid;border-bottom:0px solid;border-left:0px solid;}}<\/style><a class=\"kb-button kt-button button kb-btn1307_d9ca9a-08 kt-btn-size-standard kt-btn-width-type-auto kb-btn-global-inherit  kt-btn-has-text-true kt-btn-has-svg-false  wp-block-button__link wp-block-kadence-singlebtn\" href=\"https:\/\/www.mtcontainer.com\/containershop\/type-open-top-container\/to-buy\/\"><span class=\"kt-btn-inner-text\">Kupowa\u0107 Kontenery [EN]<\/span><\/a><\/div>\n\n\n\n<p>Sklep jest w j\u0119zyku <strong>angielskim<\/strong>, ale zapraszamy do zadawania pyta\u0144 w j\u0119zyku polskim.<\/p>\n<\/div><\/div>\n\n\n<style>.kadence-column1307_951541-7a > .kt-inside-inner-col{display:flex;}.kadence-column1307_951541-7a > .kt-inside-inner-col,.kadence-column1307_951541-7a > .kt-inside-inner-col:before{border-top-left-radius:0px;border-top-right-radius:0px;border-bottom-right-radius:0px;border-bottom-left-radius:0px;}.kadence-column1307_951541-7a > .kt-inside-inner-col{column-gap:var(--global-kb-gap-sm, 1rem);}.kadence-column1307_951541-7a > .kt-inside-inner-col{flex-direction:column;justify-content:center;}.kadence-column1307_951541-7a > .kt-inside-inner-col > .aligncenter{width:100%;}.kt-row-column-wrap > .kadence-column1307_951541-7a{align-self:center;}.kt-inner-column-height-full:not(.kt-has-1-columns) > .wp-block-kadence-column.kadence-column1307_951541-7a{align-self:auto;}.kt-inner-column-height-full:not(.kt-has-1-columns) > .wp-block-kadence-column.kadence-column1307_951541-7a > .kt-inside-inner-col{flex-direction:column;justify-content:center;}.kadence-column1307_951541-7a > .kt-inside-inner-col:before{opacity:0.3;}.kadence-column1307_951541-7a{position:relative;}@media all and (max-width: 1024px){.kt-row-column-wrap > .kadence-column1307_951541-7a{align-self:center;}}@media all and (max-width: 1024px){.kt-inner-column-height-full:not(.kt-has-1-columns) > .wp-block-kadence-column.kadence-column1307_951541-7a{align-self:auto;}}@media all and (max-width: 1024px){.kt-inner-column-height-full:not(.kt-has-1-columns) > .wp-block-kadence-column.kadence-column1307_951541-7a > .kt-inside-inner-col{flex-direction:column;justify-content:center;}}@media all and (max-width: 1024px){.kadence-column1307_951541-7a > .kt-inside-inner-col{flex-direction:column;justify-content:center;}}@media all and (max-width: 767px){.kt-row-column-wrap > .kadence-column1307_951541-7a{align-self:center;}.kt-inner-column-height-full:not(.kt-has-1-columns) > .wp-block-kadence-column.kadence-column1307_951541-7a{align-self:auto;}.kt-inner-column-height-full:not(.kt-has-1-columns) > .wp-block-kadence-column.kadence-column1307_951541-7a > .kt-inside-inner-col{flex-direction:column;justify-content:center;}.kadence-column1307_951541-7a > .kt-inside-inner-col{flex-direction:column;justify-content:center;}}<\/style>\n<div class=\"wp-block-kadence-column kadence-column1307_951541-7a inner-column-1\"><div class=\"kt-inside-inner-col\"><style>.kb-image1307_c63b76-59.kb-image-is-ratio-size, .kb-image1307_c63b76-59 .kb-image-is-ratio-size{max-width:448px;width:100%;}.wp-block-kadence-column > .kt-inside-inner-col > .kb-image1307_c63b76-59.kb-image-is-ratio-size, .wp-block-kadence-column > .kt-inside-inner-col > .kb-image1307_c63b76-59 .kb-image-is-ratio-size{align-self:unset;}.kb-image1307_c63b76-59 figure{max-width:448px;}.kb-image1307_c63b76-59 .image-is-svg, .kb-image1307_c63b76-59 .image-is-svg img{width:100%;}.kb-image1307_c63b76-59 .kb-image-has-overlay:after{opacity:0.3;}<\/style>\n<div class=\"wp-block-kadence-image kb-image1307_c63b76-59\"><figure class=\"aligncenter size-full\"><img decoding=\"async\" width=\"605\" height=\"448\" src=\"https:\/\/www.mtcontainer.com\/pl\/wp-content\/uploads\/sites\/12\/2024\/03\/Kontener-z-otwartym-dachem.-Kontener-Open-Top.png\" alt=\"\" class=\"kb-img wp-image-1308 skip-lazy kb-skip-lazy\" srcset=\"https:\/\/www.mtcontainer.com\/pl\/wp-content\/uploads\/sites\/12\/2024\/03\/Kontener-z-otwartym-dachem.-Kontener-Open-Top.png 605w, https:\/\/www.mtcontainer.com\/pl\/wp-content\/uploads\/sites\/12\/2024\/03\/Kontener-z-otwartym-dachem.-Kontener-Open-Top-300x222.png 300w\" sizes=\"(max-width: 605px) 100vw, 605px\" \/><\/figure><\/div>\n<\/div><\/div>\n\n<\/div><\/div>\n\n<style>.kb-row-layout-wrap.wp-block-kadence-rowlayout.kb-row-layout-id1307_b7ea2c-7d{margin-top:0px;}.kb-row-layout-id1307_b7ea2c-7d > .kt-row-column-wrap{align-content:start;}:where(.kb-row-layout-id1307_b7ea2c-7d > .kt-row-column-wrap) > .wp-block-kadence-column{justify-content:start;}.kb-row-layout-id1307_b7ea2c-7d > .kt-row-column-wrap{column-gap:var(--global-kb-gap-lg, 4rem);row-gap:var(--global-kb-gap-md, 2rem);max-width:var( --global-content-width, 1600px );padding-left:var(--global-content-edge-padding);padding-right:var(--global-content-edge-padding);padding-top:45px;padding-bottom:45px;grid-template-columns:minmax(0, 1fr);}.kb-row-layout-id1307_b7ea2c-7d > .kt-row-layout-overlay{opacity:0.30;}@media all and (max-width: 1024px){.kb-row-layout-id1307_b7ea2c-7d > .kt-row-column-wrap{grid-template-columns:minmax(0, 1fr);}}@media all and (max-width: 767px){.kb-row-layout-id1307_b7ea2c-7d > .kt-row-column-wrap{grid-template-columns:minmax(0, 1fr);}}<\/style><div class=\"kb-row-layout-wrap kb-row-layout-id1307_b7ea2c-7d alignfull has-theme-palette9-background-color kt-row-has-bg wp-block-kadence-rowlayout\"><div class=\"kt-row-column-wrap kt-has-1-columns kt-row-layout-equal kt-tab-layout-inherit kt-mobile-layout-row kt-row-valign-top kb-theme-content-width\">\n<style>.kadence-column1307_cec2cc-c8 > .kt-inside-inner-col,.kadence-column1307_cec2cc-c8 > .kt-inside-inner-col:before{border-top-left-radius:0px;border-top-right-radius:0px;border-bottom-right-radius:0px;border-bottom-left-radius:0px;}.kadence-column1307_cec2cc-c8 > .kt-inside-inner-col{column-gap:var(--global-kb-gap-sm, 1rem);}.kadence-column1307_cec2cc-c8 > .kt-inside-inner-col{flex-direction:column;}.kadence-column1307_cec2cc-c8 > .kt-inside-inner-col > .aligncenter{width:100%;}.kadence-column1307_cec2cc-c8 > .kt-inside-inner-col:before{opacity:0.3;}.kadence-column1307_cec2cc-c8{position:relative;}@media all and (max-width: 1024px){.kadence-column1307_cec2cc-c8 > .kt-inside-inner-col{flex-direction:column;justify-content:center;}}@media all and (max-width: 767px){.kadence-column1307_cec2cc-c8 > .kt-inside-inner-col{flex-direction:column;justify-content:center;}}<\/style>\n<div class=\"wp-block-kadence-column kadence-column1307_cec2cc-c8 inner-column-2\" id=\"content\"><div class=\"kt-inside-inner-col\"><style>.wp-block-kadence-advancedheading.kt-adv-heading1307_970e3d-55, .wp-block-kadence-advancedheading.kt-adv-heading1307_970e3d-55[data-kb-block=\"kb-adv-heading1307_970e3d-55\"]{padding-top:0px;margin-top:0px;font-style:normal;color:#00187c;}.wp-block-kadence-advancedheading.kt-adv-heading1307_970e3d-55 mark.kt-highlight, .wp-block-kadence-advancedheading.kt-adv-heading1307_970e3d-55[data-kb-block=\"kb-adv-heading1307_970e3d-55\"] mark.kt-highlight{font-style:normal;color:#f76a0c;-webkit-box-decoration-break:clone;box-decoration-break:clone;padding-top:0px;padding-right:0px;padding-bottom:0px;padding-left:0px;}.wp-block-kadence-advancedheading.kt-adv-heading1307_970e3d-55 img.kb-inline-image, .wp-block-kadence-advancedheading.kt-adv-heading1307_970e3d-55[data-kb-block=\"kb-adv-heading1307_970e3d-55\"] img.kb-inline-image{width:150px;vertical-align:baseline;}<\/style>\n<h2 class=\"kt-adv-heading1307_970e3d-55 wp-block-kadence-advancedheading\" data-kb-block=\"kb-adv-heading1307_970e3d-55\">CO WYR\u00d3\u017bNIA KONTENERY OPEN TOP<\/h2>\n\n\n\n<p>Je\u015bli chodzi o budow\u0119, kontener Open Top podobny jest do kontenera standardowego i dost\u0119pny jest w d\u0142ugo\u015bci 20 i 40 st\u00f3p. Dzi\u0119ki ramie dachowej, \u015bciany ze stali zbrojnej zapewniaj\u0105 dodatkow\u0105 stabilno\u015b\u0107. Pod\u0142oga drewniana jest trwa\u0142a i wytrzyma\u0142a.<\/p>\n\n\n\n<p>Zalet\u0105 kontenera Open Top jest niew\u0105tpliwie lepsza i bardziej elastyczna mo\u017cliwo\u015b\u0107 za\u0142adunku towar\u00f3w. Rama dachowa, tak samo jak plandeka, mo\u017ce zosta\u0107 ca\u0142kowicie zdemontowana do cel\u00f3w za\u0142adunkowych. G\u00f3rna belka poprzeczna w drzwiach jest ruchoma, co umo\u017cliwia za\u0142adunek towar\u00f3w nadwymiarowych od g\u00f3ry, przy pomocy d\u017awigu lub ci\u0119gnika. Kontenery Open Top o specjalnych wymiarach otwieraj\u0105 zupe\u0142nie nowe mo\u017cliwo\u015bci, np. jako High Cube jest idealny do transportu towar\u00f3w o niestandardowej wysoko\u015bci.<\/p>\n\n\n\n<p>Nale\u017cy jednak pami\u0119ta\u0107, \u017ce rama dachowa dodatkowo stabilizuje kontener, dlatego powinno si\u0119 jej u\u017cy\u0107 podczas transportu. Alternatyw\u0119 przy transporcie bardzo wysokich towar\u00f3w stanowi kontener Flat Rack.<\/p>\n\n\n\n<p>W\u0142a\u015bciwo\u015bci kontenera Open Top:<\/p>\n\n\n\n<ul class=\"wp-block-list\">\n<li>stalowe \u015bciany i drewniana pod\u0142oga<\/li>\n\n\n\n<li>zdejmowana plandeka dachowa<\/li>\n\n\n\n<li>\u0142atwy za\u0142adunek przy pomocy d\u017awigu<\/li>\n\n\n\n<li>ruchoma g\u00f3rna belka poprzeczna drzwi<\/li>\n\n\n\n<li>rozszerzony dost\u0119p do wn\u0119trza<\/li>\n\n\n\n<li>pier\u015bcienie mocuj\u0105ce zabezpieczaj\u0105ce \u0142adunek.<\/li>\n<\/ul>\n\n\n<style>.wp-block-kadence-spacer.kt-block-spacer-1307_d41243-fb .kt-block-spacer{height:36px;}.wp-block-kadence-spacer.kt-block-spacer-1307_d41243-fb .kt-divider{border-top-width:2px;border-top-color:#00187c;width:80%;border-top-style:solid;}<\/style>\n<div class=\"wp-block-kadence-spacer aligncenter kt-block-spacer-1307_d41243-fb\"><div class=\"kt-block-spacer kt-block-spacer-halign-center\"><hr class=\"kt-divider\"\/><\/div><\/div>\n\n\n<style>.wp-block-kadence-advancedheading.kt-adv-heading1307_baae6b-86, .wp-block-kadence-advancedheading.kt-adv-heading1307_baae6b-86[data-kb-block=\"kb-adv-heading1307_baae6b-86\"]{padding-top:0px;margin-top:0px;font-style:normal;color:#00187c;}.wp-block-kadence-advancedheading.kt-adv-heading1307_baae6b-86 mark.kt-highlight, .wp-block-kadence-advancedheading.kt-adv-heading1307_baae6b-86[data-kb-block=\"kb-adv-heading1307_baae6b-86\"] mark.kt-highlight{font-style:normal;color:#f76a0c;-webkit-box-decoration-break:clone;box-decoration-break:clone;padding-top:0px;padding-right:0px;padding-bottom:0px;padding-left:0px;}.wp-block-kadence-advancedheading.kt-adv-heading1307_baae6b-86 img.kb-inline-image, .wp-block-kadence-advancedheading.kt-adv-heading1307_baae6b-86[data-kb-block=\"kb-adv-heading1307_baae6b-86\"] img.kb-inline-image{width:150px;vertical-align:baseline;}<\/style>\n<h2 class=\"kt-adv-heading1307_baae6b-86 wp-block-kadence-advancedheading\" data-kb-block=\"kb-adv-heading1307_baae6b-86\">WYNAJ\u0104\u0106 CZY KUPI\u0106 KONTENER OPEN TOP<\/h2>\n\n\n\n<p>MT Container GmbH posiada szerok\u0105 ofert\u0119 kontener\u00f3w Open Top przeznaczonych do zakupu lub pod wynajem. Dzi\u0119ki centralnej lokalizacji magazynu w porcie, \u0142atwo do nas dotrze\u0107 samochodem ci\u0119\u017carowym, kolej\u0105 lub drog\u0105 morsk\u0105.<\/p>\n\n\n\n<p>Warto zapyta\u0107 o niezobowi\u0105zuj\u0105c\u0105 ofert\u0119. Ch\u0119tnie doradzimy r\u00f3wnie\u017c w zakresie dost\u0119pnych kontener\u00f3w alternatywnych np. Flat Rack lub Hard Top.<\/p>\n\n\n<style>.wp-block-kadence-spacer.kt-block-spacer-1307_fab094-49 .kt-block-spacer{height:36px;}.wp-block-kadence-spacer.kt-block-spacer-1307_fab094-49 .kt-divider{border-top-width:2px;border-top-color:#00187c;width:80%;border-top-style:solid;}<\/style>\n<div class=\"wp-block-kadence-spacer aligncenter kt-block-spacer-1307_fab094-49\"><div class=\"kt-block-spacer kt-block-spacer-halign-center\"><hr class=\"kt-divider\"\/><\/div><\/div>\n\n\n\n<figure class=\"wp-block-table is-style-regular\"><table class=\"has-theme-palette-3-color has-theme-palette-9-background-color has-text-color has-background has-link-color\"><tbody><tr><td><strong><strong>Typ pojemnika<\/strong><\/strong><\/td><td><strong>Wymiary zewn\u0119trzne<\/strong><\/td><td><strong>Wymiary wewn\u0119trzne<\/strong><\/td><td><strong>Wymiary wewn\u0119trzne drzwi \/ otwarcie drzwi<\/strong><\/td><td><strong>Tom<\/strong><\/td><td><strong>Waga<\/strong><\/td><\/tr><tr><td><strong>20 ST\u00d3P KONTENER Z OTWARTYM DACHEM<\/strong><\/td><td>D\u0142ugo\u015b\u0107 6058 mm | Szeroko\u015b\u0107 2438 mm | Wysoko\u015b\u0107 2591 mm<\/td><td>D\u0142ugo\u015b\u0107 5898 mm | Szeroko\u015b\u0107 2332 mm | Wysoko\u015b\u0107 2311 mm<\/td><td>Szeroko\u015b\u0107 2338 mm | Wysoko\u015b\u0107 2280 mm<\/td><td>32,5 m\u00b3<\/td><td>Masa w\u0142asna 2450 kg | \u0141adowno\u015b\u0107 30050 kg | Masa ca\u0142kowita 32500 kg<\/td><\/tr><tr><td><strong><strong>40 ST\u00d3P KONTENER Z OTWARTYM DACHEM<\/strong><\/strong><\/td><td>D\u0142ugo\u015b\u0107 12192 mm | Szeroko\u015b\u0107 2438 mm | Wysoko\u015b\u0107 2591 mm<\/td><td>D\u0142ugo\u015b\u0107 12029 mm | Szeroko\u015b\u0107 2350 mm | Wysoko\u015b\u0107 2380 mm<\/td><td>Szeroko\u015b\u0107 2340 mm | Wysoko\u015b\u0107 2276 mm<\/td><td>66,8 m\u00b3<\/td><td>Masa w\u0142asna 4050 kg | \u0141adowno\u015b\u0107 28450 kg | Masa ca\u0142kowita 32500 kg<\/td><\/tr><tr><td><strong>40 ST\u00d3P HIGH CUBE KONTENER Z OTWARTYM DACHEM<\/strong><\/td><td>D\u0142ugo\u015b\u0107 12192 mm | Szeroko\u015b\u0107 2438 mm | Wysoko\u015b\u0107 2895 mm<\/td><td>D\u0142ugo\u015b\u0107 12029 mm | Szeroko\u015b\u0107 2352 mm | Wysoko\u015b\u0107 2649 mm<\/td><td><\/td><td>74,9 m\u00b3<\/td><td>Szeroko\u015b\u0107 2352 mm | Wysoko\u015b\u0107 2683 mm<\/td><\/tr><\/tbody><\/table><\/figure>\n\n\n<style>.wp-block-kadence-advancedbtn.kb-btns1307_3c7244-19{gap:var(--global-kb-gap-xs, 0.5rem );justify-content:flex-start;align-items:center;}.kt-btns1307_3c7244-19 .kt-button{font-weight:normal;font-style:normal;}.kt-btns1307_3c7244-19 .kt-btn-wrap-0{margin-right:5px;}.wp-block-kadence-advancedbtn.kt-btns1307_3c7244-19 .kt-btn-wrap-0 .kt-button{color:#555555;border-color:#555555;}.wp-block-kadence-advancedbtn.kt-btns1307_3c7244-19 .kt-btn-wrap-0 .kt-button:hover, .wp-block-kadence-advancedbtn.kt-btns1307_3c7244-19 .kt-btn-wrap-0 .kt-button:focus{color:#ffffff;border-color:#444444;}.wp-block-kadence-advancedbtn.kt-btns1307_3c7244-19 .kt-btn-wrap-0 .kt-button::before{display:none;}.wp-block-kadence-advancedbtn.kt-btns1307_3c7244-19 .kt-btn-wrap-0 .kt-button:hover, .wp-block-kadence-advancedbtn.kt-btns1307_3c7244-19 .kt-btn-wrap-0 .kt-button:focus{background:#444444;}<\/style>\n<div class=\"wp-block-kadence-advancedbtn kb-buttons-wrap kb-btns1307_3c7244-19\"><style>ul.menu .wp-block-kadence-advancedbtn .kb-btn1307_90571c-9f.kb-button{width:initial;}.wp-block-kadence-advancedbtn .kb-btn1307_90571c-9f.kb-button{color:#00187c;background:#ffe783;border-top-left-radius:0px;border-top-right-radius:0px;border-bottom-right-radius:0px;border-bottom-left-radius:0px;border-top:2px solid #ffe783;border-right:2px solid #ffe783;border-bottom:2px solid #ffe783;border-left:2px solid #ffe783;}.wp-block-kadence-advancedbtn .kb-btn1307_90571c-9f.kb-button:hover, .wp-block-kadence-advancedbtn .kb-btn1307_90571c-9f.kb-button:focus{background:var(--global-palette9, #ffffff);border-top-left-radius:0px;border-top-right-radius:0px;border-bottom-right-radius:0px;border-bottom-left-radius:0px;border-top:2px solid var(--global-palette2, #2B6CB0);border-right:2px solid var(--global-palette2, #2B6CB0);border-bottom:2px solid var(--global-palette2, #2B6CB0);border-left:2px solid var(--global-palette2, #2B6CB0);}@media all and (max-width: 1024px){.wp-block-kadence-advancedbtn .kb-btn1307_90571c-9f.kb-button{border-top:2px solid #ffe783;border-right:2px solid #ffe783;border-bottom:2px solid #ffe783;border-left:2px solid #ffe783;}}@media all and (max-width: 1024px){.wp-block-kadence-advancedbtn .kb-btn1307_90571c-9f.kb-button:hover, .wp-block-kadence-advancedbtn .kb-btn1307_90571c-9f.kb-button:focus{border-top:2px solid var(--global-palette2, #2B6CB0);border-right:2px solid var(--global-palette2, #2B6CB0);border-bottom:2px solid var(--global-palette2, #2B6CB0);border-left:2px solid var(--global-palette2, #2B6CB0);}}@media all and (max-width: 767px){.wp-block-kadence-advancedbtn .kb-btn1307_90571c-9f.kb-button{border-top:2px solid #ffe783;border-right:2px solid #ffe783;border-bottom:2px solid #ffe783;border-left:2px solid #ffe783;}.wp-block-kadence-advancedbtn .kb-btn1307_90571c-9f.kb-button:hover, .wp-block-kadence-advancedbtn .kb-btn1307_90571c-9f.kb-button:focus{border-top:2px solid var(--global-palette2, #2B6CB0);border-right:2px solid var(--global-palette2, #2B6CB0);border-bottom:2px solid var(--global-palette2, #2B6CB0);border-left:2px solid var(--global-palette2, #2B6CB0);}}<\/style><a class=\"kb-button kt-button button kb-btn1307_90571c-9f kt-btn-size-standard kt-btn-width-type-auto kb-btn-global-fill  kt-btn-has-text-true kt-btn-has-svg-true  wp-block-kadence-singlebtn\" href=\"\/contact\"><span class=\"kt-btn-inner-text\">Kontakt<\/span><span class=\"kb-svg-icon-wrap kb-svg-icon-fe_arrowRight kt-btn-icon-side-right\"><svg viewBox=\"0 0 24 24\"  fill=\"none\" stroke=\"currentColor\" stroke-width=\"2\" stroke-linecap=\"round\" stroke-linejoin=\"round\" xmlns=\"http:\/\/www.w3.org\/2000\/svg\"  aria-hidden=\"true\"><line x1=\"5\" y1=\"12\" x2=\"19\" y2=\"12\"\/><polyline points=\"12 5 19 12 12 19\"\/><\/svg><\/span><\/a><\/div>\n<\/div><\/div>\n\n<\/div><\/div>","protected":false},"excerpt":{"rendered":"<p>Kontener Open Top W odr\u00f3\u017cnieniu od kontener\u00f3w standardowych, Open Top jest po prostu otwarty. Funkcj\u0119 zabezpieczaj\u0105c\u0105 przed zmianami pogodowymi, kradzie\u017c\u0105 czy zgubieniem towar\u00f3w stanowi plandeka. Sklep jest w j\u0119zyku angielskim, ale zapraszamy do zadawania pyta\u0144 w j\u0119zyku polskim. CO WYR\u00d3\u017bNIA KONTENERY OPEN TOP Je\u015bli chodzi o budow\u0119, kontener Open Top podobny jest do kontenera standardowego&#8230;<\/p>\n","protected":false},"author":7,"featured_media":0,"parent":1368,"menu_order":0,"comment_status":"closed","ping_status":"closed","template":"","meta":{"_acf_changed":false,"_kad_blocks_custom_css":"","_kad_blocks_head_custom_js":"","_kad_blocks_body_custom_js":"","_kad_blocks_footer_custom_js":"","_kad_post_transparent":"","_kad_post_title":"","_kad_post_layout":"","_kad_post_sidebar_id":"","_kad_post_content_style":"","_kad_post_vertical_padding":"","_kad_post_feature":"","_kad_post_feature_position":"","_kad_post_header":false,"_kad_post_footer":false,"_kad_post_classname":"","footnotes":""},"class_list":["post-1307","page","type-page","status-publish","hentry"],"acf":[],"taxonomy_info":[],"featured_image_src_large":false,"author_info":{"display_name":"marlon","author_link":"https:\/\/www.mtcontainer.com\/pl\/author\/marlon\/"},"comment_info":0,"_links":{"self":[{"href":"https:\/\/www.mtcontainer.com\/pl\/wp-json\/wp\/v2\/pages\/1307","targetHints":{"allow":["GET"]}}],"collection":[{"href":"https:\/\/www.mtcontainer.com\/pl\/wp-json\/wp\/v2\/pages"}],"about":[{"href":"https:\/\/www.mtcontainer.com\/pl\/wp-json\/wp\/v2\/types\/page"}],"author":[{"embeddable":true,"href":"https:\/\/www.mtcontainer.com\/pl\/wp-json\/wp\/v2\/users\/7"}],"replies":[{"embeddable":true,"href":"https:\/\/www.mtcontainer.com\/pl\/wp-json\/wp\/v2\/comments?post=1307"}],"version-history":[{"count":3,"href":"https:\/\/www.mtcontainer.com\/pl\/wp-json\/wp\/v2\/pages\/1307\/revisions"}],"predecessor-version":[{"id":1397,"href":"https:\/\/www.mtcontainer.com\/pl\/wp-json\/wp\/v2\/pages\/1307\/revisions\/1397"}],"up":[{"embeddable":true,"href":"https:\/\/www.mtcontainer.com\/pl\/wp-json\/wp\/v2\/pages\/1368"}],"wp:attachment":[{"href":"https:\/\/www.mtcontainer.com\/pl\/wp-json\/wp\/v2\/media?parent=1307"}],"curies":[{"name":"wp","href":"https:\/\/api.w.org\/{rel}","templated":true}]}}