{"id":1298,"date":"2024-03-01T00:08:52","date_gmt":"2024-02-29T23:08:52","guid":{"rendered":"https:\/\/www.mtcontainer.com\/pl\/?page_id=1298"},"modified":"2024-03-01T15:13:33","modified_gmt":"2024-03-01T14:13:33","slug":"kontener-hardtop","status":"publish","type":"page","link":"https:\/\/www.mtcontainer.com\/pl\/kontener-hardtop\/","title":{"rendered":"Kontener Hardtop"},"content":{"rendered":"<style>.kb-row-layout-id1298_ef988d-23 > .kt-row-column-wrap{align-content:center;}:where(.kb-row-layout-id1298_ef988d-23 > .kt-row-column-wrap) > .wp-block-kadence-column{justify-content:center;}.kb-row-layout-id1298_ef988d-23 > .kt-row-column-wrap{column-gap:var(--global-kb-gap-md, 2rem);row-gap:var(--global-kb-gap-md, 2rem);max-width:var( --global-content-width, 1600px );padding-left:var(--global-content-edge-padding);padding-right:var(--global-content-edge-padding);padding-top:50px;padding-bottom:50px;grid-template-columns:minmax(0, calc(55% - ((var(--global-kb-gap-md, 2rem) * 1 )\/2)))minmax(0, calc(45% - ((var(--global-kb-gap-md, 2rem) * 1 )\/2)));}.kb-row-layout-id1298_ef988d-23{background-color:#f7fafc;}.kb-row-layout-id1298_ef988d-23 > .kt-row-layout-overlay{opacity:0.30;}@media all and (max-width: 1024px){.kb-row-layout-id1298_ef988d-23 > .kt-row-column-wrap{padding-top:0px;grid-template-columns:minmax(0, 1fr);}}@media all and (max-width: 767px){.kb-row-layout-id1298_ef988d-23 > .kt-row-column-wrap{padding-bottom:51px;grid-template-columns:minmax(0, 1fr);}}<\/style><div class=\"kb-row-layout-wrap kb-row-layout-id1298_ef988d-23 alignfull kt-row-has-bg wp-block-kadence-rowlayout\" id=\"hero\"><div class=\"kt-row-column-wrap kt-has-2-columns kt-row-layout-equal kt-tab-layout-row kt-mobile-layout-row kt-row-valign-middle kb-theme-content-width\">\n<style>.kadence-column1298_eb99d4-5c > .kt-inside-inner-col{padding-top:var(--global-kb-spacing-md, 2rem);padding-right:var(--global-kb-spacing-md, 2rem);padding-bottom:var(--global-kb-spacing-md, 2rem);padding-left:var(--global-kb-spacing-md, 2rem);}.kadence-column1298_eb99d4-5c > .kt-inside-inner-col,.kadence-column1298_eb99d4-5c > .kt-inside-inner-col:before{border-top-left-radius:0px;border-top-right-radius:0px;border-bottom-right-radius:0px;border-bottom-left-radius:0px;}.kadence-column1298_eb99d4-5c > .kt-inside-inner-col{column-gap:var(--global-kb-gap-sm, 1rem);}.kadence-column1298_eb99d4-5c > .kt-inside-inner-col{flex-direction:column;}.kadence-column1298_eb99d4-5c > .kt-inside-inner-col > .aligncenter{width:100%;}.kadence-column1298_eb99d4-5c > .kt-inside-inner-col:before{opacity:0.5;background-color:var(--global-palette9, #ffffff);}.kadence-column1298_eb99d4-5c{position:relative;}@media all and (max-width: 1024px){.kadence-column1298_eb99d4-5c > .kt-inside-inner-col{flex-direction:column;justify-content:center;}}@media all and (max-width: 767px){.kadence-column1298_eb99d4-5c > .kt-inside-inner-col{flex-direction:column;justify-content:center;}}<\/style>\n<div class=\"wp-block-kadence-column kadence-column1298_eb99d4-5c kb-section-has-overlay inner-column-2\"><div class=\"kt-inside-inner-col\"><style>.wp-block-kadence-advancedheading.kt-adv-heading1298_aa5993-51, .wp-block-kadence-advancedheading.kt-adv-heading1298_aa5993-51[data-kb-block=\"kb-adv-heading1298_aa5993-51\"]{font-size:var(--global-kb-font-size-xl, 3rem);font-style:normal;color:#00187c;}.wp-block-kadence-advancedheading.kt-adv-heading1298_aa5993-51 mark.kt-highlight, .wp-block-kadence-advancedheading.kt-adv-heading1298_aa5993-51[data-kb-block=\"kb-adv-heading1298_aa5993-51\"] mark.kt-highlight{font-style:normal;color:#f76a0c;-webkit-box-decoration-break:clone;box-decoration-break:clone;padding-top:0px;padding-right:0px;padding-bottom:0px;padding-left:0px;}.wp-block-kadence-advancedheading.kt-adv-heading1298_aa5993-51 img.kb-inline-image, .wp-block-kadence-advancedheading.kt-adv-heading1298_aa5993-51[data-kb-block=\"kb-adv-heading1298_aa5993-51\"] img.kb-inline-image{width:150px;vertical-align:baseline;}@media all and (max-width: 767px){.wp-block-kadence-advancedheading.kt-adv-heading1298_aa5993-51, .wp-block-kadence-advancedheading.kt-adv-heading1298_aa5993-51[data-kb-block=\"kb-adv-heading1298_aa5993-51\"]{font-size:var(--global-kb-font-size-lg, 2rem);}}<\/style>\n<h1 class=\"kt-adv-heading1298_aa5993-51 wp-block-kadence-advancedheading\" data-kb-block=\"kb-adv-heading1298_aa5993-51\">Kontener Hardtop<\/h1>\n\n\n\n<p>Kontenery Hard Top idealnie sprawdzaj\u0105 si\u0119 w przypadku transportu towar\u00f3w o niestandardowej wysoko\u015bci oraz wszystkich tych, kt\u00f3re wymagaj\u0105 za\u0142adunku przy u\u017cyciu d\u017awigu. Jednocze\u015bnie kontenery tego typu posiadaj\u0105 te same korzy\u015bci co kontenery standardowe.<\/p>\n\n\n<style>.wp-block-kadence-advancedbtn.kb-btns1298_320ecc-9d{gap:var(--global-kb-gap-xs, 0.5rem );justify-content:flex-start;align-items:center;}.kt-btns1298_320ecc-9d .kt-button{font-weight:normal;font-style:normal;}<\/style>\n<div class=\"wp-block-kadence-advancedbtn kb-buttons-wrap kb-btns1298_320ecc-9d\"><style>ul.menu .wp-block-kadence-advancedbtn .kb-btn1298_b5e77e-d6.kb-button{width:initial;}.wp-block-kadence-advancedbtn .kb-btn1298_b5e77e-d6.kb-button{color:#00187c;background:#ffe783;border-top-left-radius:0px;border-top-right-radius:0px;border-bottom-right-radius:0px;border-bottom-left-radius:0px;border-top:0px solid;border-right:0px solid;border-bottom:0px solid;border-left:0px solid;}@media all and (max-width: 1024px){.wp-block-kadence-advancedbtn .kb-btn1298_b5e77e-d6.kb-button{border-top:0px solid;border-right:0px solid;border-bottom:0px solid;border-left:0px solid;}}@media all and (max-width: 767px){.wp-block-kadence-advancedbtn .kb-btn1298_b5e77e-d6.kb-button{font-size:var(--global-kb-font-size-md, 1.25rem);border-top:0px solid;border-right:0px solid;border-bottom:0px solid;border-left:0px solid;}}<\/style><a class=\"kb-button kt-button button kb-btn1298_b5e77e-d6 kt-btn-size-standard kt-btn-width-type-auto kb-btn-global-inherit  kt-btn-has-text-true kt-btn-has-svg-false  wp-block-button__link wp-block-kadence-singlebtn\" href=\"https:\/\/www.mtcontainer.com\/container\/hard-top-containers\/\"><span class=\"kt-btn-inner-text\">Kupowa\u0107 Kontenery [EN]<\/span><\/a><\/div>\n\n\n\n<p>Sklep jest w j\u0119zyku <strong>angielskim<\/strong>, ale zapraszamy do zadawania pyta\u0144 w j\u0119zyku polskim.<\/p>\n<\/div><\/div>\n\n\n<style>.kadence-column1298_22392a-ef > .kt-inside-inner-col{display:flex;}.kadence-column1298_22392a-ef > .kt-inside-inner-col,.kadence-column1298_22392a-ef > .kt-inside-inner-col:before{border-top-left-radius:0px;border-top-right-radius:0px;border-bottom-right-radius:0px;border-bottom-left-radius:0px;}.kadence-column1298_22392a-ef > .kt-inside-inner-col{column-gap:var(--global-kb-gap-sm, 1rem);}.kadence-column1298_22392a-ef > .kt-inside-inner-col{flex-direction:column;justify-content:center;}.kadence-column1298_22392a-ef > .kt-inside-inner-col > .aligncenter{width:100%;}.kt-row-column-wrap > .kadence-column1298_22392a-ef{align-self:center;}.kt-inner-column-height-full:not(.kt-has-1-columns) > .wp-block-kadence-column.kadence-column1298_22392a-ef{align-self:auto;}.kt-inner-column-height-full:not(.kt-has-1-columns) > .wp-block-kadence-column.kadence-column1298_22392a-ef > .kt-inside-inner-col{flex-direction:column;justify-content:center;}.kadence-column1298_22392a-ef > .kt-inside-inner-col:before{opacity:0.3;}.kadence-column1298_22392a-ef{position:relative;}@media all and (max-width: 1024px){.kt-row-column-wrap > .kadence-column1298_22392a-ef{align-self:center;}}@media all and (max-width: 1024px){.kt-inner-column-height-full:not(.kt-has-1-columns) > .wp-block-kadence-column.kadence-column1298_22392a-ef{align-self:auto;}}@media all and (max-width: 1024px){.kt-inner-column-height-full:not(.kt-has-1-columns) > .wp-block-kadence-column.kadence-column1298_22392a-ef > .kt-inside-inner-col{flex-direction:column;justify-content:center;}}@media all and (max-width: 1024px){.kadence-column1298_22392a-ef > .kt-inside-inner-col{flex-direction:column;justify-content:center;}}@media all and (max-width: 767px){.kt-row-column-wrap > .kadence-column1298_22392a-ef{align-self:center;}.kt-inner-column-height-full:not(.kt-has-1-columns) > .wp-block-kadence-column.kadence-column1298_22392a-ef{align-self:auto;}.kt-inner-column-height-full:not(.kt-has-1-columns) > .wp-block-kadence-column.kadence-column1298_22392a-ef > .kt-inside-inner-col{flex-direction:column;justify-content:center;}.kadence-column1298_22392a-ef > .kt-inside-inner-col{flex-direction:column;justify-content:center;}}<\/style>\n<div class=\"wp-block-kadence-column kadence-column1298_22392a-ef inner-column-1\"><div class=\"kt-inside-inner-col\"><style>.kb-image1298_91eaf6-16.kb-image-is-ratio-size, .kb-image1298_91eaf6-16 .kb-image-is-ratio-size{max-width:448px;width:100%;}.wp-block-kadence-column > .kt-inside-inner-col > .kb-image1298_91eaf6-16.kb-image-is-ratio-size, .wp-block-kadence-column > .kt-inside-inner-col > .kb-image1298_91eaf6-16 .kb-image-is-ratio-size{align-self:unset;}.kb-image1298_91eaf6-16 figure{max-width:448px;}.kb-image1298_91eaf6-16 .image-is-svg, .kb-image1298_91eaf6-16 .image-is-svg img{width:100%;}.kb-image1298_91eaf6-16 .kb-image-has-overlay:after{opacity:0.3;}<\/style>\n<div class=\"wp-block-kadence-image kb-image1298_91eaf6-16\"><figure class=\"aligncenter\"><img decoding=\"async\" width=\"488\" height=\"370\" src=\"https:\/\/www.mtcontainer.com\/pl\/wp-content\/uploads\/sites\/12\/2024\/02\/Hard-Top-Containers-e1709247721695.png\" alt=\"\" class=\"kb-img wp-image-1299 skip-lazy kb-skip-lazy\" srcset=\"https:\/\/www.mtcontainer.com\/pl\/wp-content\/uploads\/sites\/12\/2024\/02\/Hard-Top-Containers-e1709247721695.png 488w, https:\/\/www.mtcontainer.com\/pl\/wp-content\/uploads\/sites\/12\/2024\/02\/Hard-Top-Containers-e1709247721695-300x227.png 300w\" sizes=\"(max-width: 488px) 100vw, 488px\" \/><\/figure><\/div>\n<\/div><\/div>\n\n<\/div><\/div>\n\n<style>.kb-row-layout-wrap.wp-block-kadence-rowlayout.kb-row-layout-id1298_1d6d54-ea{margin-top:0px;}.kb-row-layout-id1298_1d6d54-ea > .kt-row-column-wrap{align-content:start;}:where(.kb-row-layout-id1298_1d6d54-ea > .kt-row-column-wrap) > .wp-block-kadence-column{justify-content:start;}.kb-row-layout-id1298_1d6d54-ea > .kt-row-column-wrap{column-gap:var(--global-kb-gap-lg, 4rem);row-gap:var(--global-kb-gap-md, 2rem);max-width:var( --global-content-width, 1600px );padding-left:var(--global-content-edge-padding);padding-right:var(--global-content-edge-padding);padding-top:45px;padding-bottom:45px;grid-template-columns:minmax(0, 1fr);}.kb-row-layout-id1298_1d6d54-ea > .kt-row-layout-overlay{opacity:0.30;}@media all and (max-width: 1024px){.kb-row-layout-id1298_1d6d54-ea > .kt-row-column-wrap{grid-template-columns:minmax(0, 1fr);}}@media all and (max-width: 767px){.kb-row-layout-id1298_1d6d54-ea > .kt-row-column-wrap{grid-template-columns:minmax(0, 1fr);}}<\/style><div class=\"kb-row-layout-wrap kb-row-layout-id1298_1d6d54-ea alignfull has-theme-palette9-background-color kt-row-has-bg wp-block-kadence-rowlayout\"><div class=\"kt-row-column-wrap kt-has-1-columns kt-row-layout-equal kt-tab-layout-inherit kt-mobile-layout-row kt-row-valign-top kb-theme-content-width\">\n<style>.kadence-column1298_4a6740-c8 > .kt-inside-inner-col{padding-top:var(--global-kb-spacing-md, 2rem);padding-right:var(--global-kb-spacing-md, 2rem);padding-bottom:var(--global-kb-spacing-md, 2rem);padding-left:var(--global-kb-spacing-md, 2rem);}.kadence-column1298_4a6740-c8 > .kt-inside-inner-col,.kadence-column1298_4a6740-c8 > .kt-inside-inner-col:before{border-top-left-radius:0px;border-top-right-radius:0px;border-bottom-right-radius:0px;border-bottom-left-radius:0px;}.kadence-column1298_4a6740-c8 > .kt-inside-inner-col{column-gap:var(--global-kb-gap-sm, 1rem);}.kadence-column1298_4a6740-c8 > .kt-inside-inner-col{flex-direction:column;}.kadence-column1298_4a6740-c8 > .kt-inside-inner-col > .aligncenter{width:100%;}.kadence-column1298_4a6740-c8 > .kt-inside-inner-col:before{opacity:0.6;}.kadence-column1298_4a6740-c8{position:relative;}.kadence-column1298_4a6740-c8, .kt-inside-inner-col > .kadence-column1298_4a6740-c8:not(.specificity){margin-top:var(--global-kb-spacing-lg, 3rem);margin-bottom:var(--global-kb-spacing-lg, 3rem);}@media all and (max-width: 1024px){.kadence-column1298_4a6740-c8 > .kt-inside-inner-col{padding-top:var(--global-kb-spacing-md, 2rem);flex-direction:column;justify-content:center;}}@media all and (max-width: 1024px){.kadence-column1298_4a6740-c8, .kt-inside-inner-col > .kadence-column1298_4a6740-c8:not(.specificity){margin-top:0px;}}@media all and (max-width: 767px){.kadence-column1298_4a6740-c8 > .kt-inside-inner-col{flex-direction:column;justify-content:center;}}<\/style>\n<div class=\"wp-block-kadence-column kadence-column1298_4a6740-c8\"><div class=\"kt-inside-inner-col\">\n<h2 class=\"wp-block-heading has-text-color has-link-color wp-elements-6cac405c7b58b15d28f97d946abf41e7\" style=\"color:#000187\">CECHY KONTENER\u00d3W HARD TOP<\/h2>\n\n\n\n<p>Dwie najwa\u017cniejsze cechy charakteryzuj\u0105 konstrukcj\u0119&nbsp; kontener\u00f3w HARD TOP:<\/p>\n\n\n\n<ul class=\"wp-block-list\">\n<li>Zdejmowany, stalowy dach. W zale\u017cno\u015bci od modelu, dachy posiadaj\u0105 punkty oparcia dla w\u00f3zka wid\u0142owego. Dzi\u0119ki temu dach stalowy, o masie ok. 450 kg mo\u017cna \u0142atwo i wygodnie unie\u015b\u0107.<\/li>\n\n\n\n<li>Ruchoma g\u00f3rna belka poprzeczna w drzwiach. Dzi\u0119ki temu nie przeszkadza ona przy za- i wy\u0142adunku wi\u0119kszych towar\u00f3w za pomoc\u0105 w\u00f3zka wid\u0142owego.<\/li>\n<\/ul>\n\n\n\n<p>Dzi\u0119ki takiej budowie, kontener Hard Top mo\u017ce pozosta\u0107 otwarty od g\u00f3ry, a jego dach mo\u017cna \u0142atwo przetransportowa\u0107, przymocowuj\u0105c go do \u015bciany bocznej. W tym przypadku szeroko\u015b\u0107 kontenera zmniejsza si\u0119 o 13 cm.<\/p>\n\n\n\n<p>\u0141adunek mo\u017cna zabezpieczy\u0107 przy pomocy pier\u015bcieni mocuj\u0105cych znajduj\u0105cych si\u0119 w podporach naro\u017cnych, belkach pod\u0142u\u017cnych oraz \u015bcianach bocznych.<\/p>\n\n\n\n<p>Kontenery typu HARD TOP skonstruowane s\u0105 ze stalowej \u015bciany wraz z drewnian\u0105 pod\u0142og\u0105. Posiadaj\u0105 zdejmowany stalowy dach, kt\u00f3ry mo\u017cna \u0142atwo podniesie\u015b\u0107 przy pomocy w\u00f3zka wid\u0142owego. Umo\u017cliwia to \u0142atwy za- i roz\u0142adunek. Specjalne pier\u015bcienie mocuj\u0105ce zabezpieczaj\u0105 \u0142adunkek.<\/p>\n\n\n\n<h2 class=\"wp-block-heading has-text-color has-link-color wp-elements-f98c25a795fa9a25056d5470622a287c\" style=\"color:#000187\">PRAKTYCZNE ZASTOSOWANIE KONTENERA HARD TOP<\/h2>\n\n\n\n<p>Ten typ konenera ma bardzo wiele zastosowa\u0144 \u2013 jako kontener morski, jak r\u00f3wnie\u017c jako kontener magazynowy. Dzi\u0119ki blokadzie dachu, zapewnia on bezpieczny trasport i sk\u0142adowanie warto\u015bciowych towar\u00f3w.<\/p>\n\n\n\n<p>Zalety kontenera HARD TOP wida\u0107 przede wszystkim podczas transportu masywnych i wielkogabarytowych towar\u00f3w. Inaczej ni\u017c w przypadku standardowych kontener\u00f3w, gdzie w\u0105skie drzwi ograniczaj\u0105 dostep do wn\u0119trza, w tym przypadku mo\u017cna dokona\u0107 za\u0142adunku przy pomocy d\u017awigu, ci\u0119gnika lub w\u00f3zka wid\u0142owego.<\/p>\n\n\n\n<figure class=\"wp-block-table is-style-regular\"><table class=\"has-theme-palette-3-color has-theme-palette-9-background-color has-text-color has-background has-link-color\"><tbody><tr><td><strong><strong>Typ pojemnika<\/strong><\/strong><\/td><td><strong>Wymiary zewn\u0119trzne<\/strong><\/td><td><strong>Wymiary wewn\u0119trzne<\/strong><\/td><td><strong>Wymiary wewn\u0119trzne drzwi \/ otwarcie drzwi<\/strong><\/td><td><strong>Tom<\/strong><\/td><td><strong>Waga<\/strong><\/td><\/tr><tr><td><strong>40 ST\u00d3P KONTENER HARDTOP<\/strong><\/td><td>D\u0142ugo\u015b\u0107 12192 mm | Szeroko\u015b\u0107 2438 mm | Wysoko\u015b\u0107 2896 mm<\/td><td>D\u0142ugo\u015b\u0107 12020 mm | Szeroko\u015b\u0107 2342 mm | Wysoko\u015b\u0107 2313 mm<\/td><td>Szeroko\u015b\u0107 2336 mm | Wysoko\u015b\u0107 2276 mm<\/td><td>67,2 m\u00b3<\/td><td>Masa w\u0142asna 4700 kg | \u0141adowno\u015b\u0107 25780 kg | Masa ca\u0142kowita 30480 kg<\/td><\/tr><tr><td><strong><strong>40 ST\u00d3P HIGH CUBE KONTENER HARDTOP<\/strong><\/strong><\/td><td>D\u0142ugo\u015b\u0107 6058 mm | Szeroko\u015b\u0107 2438 mm | Wysoko\u015b\u0107 2591 mm<\/td><td>D\u0142ugo\u015b\u0107 12032 mm | Szeroko\u015b\u0107 2352 mm | Wysoko\u015b\u0107 2620 mm<\/td><td>Szeroko\u015b\u0107 2340 mm | Wysoko\u015b\u0107 2581 mm<\/td><td>76,3 m\u00b3<\/td><td>Masa w\u0142asna 5200 kg | \u0141adowno\u015b\u0107 27300 kg | Masa ca\u0142kowita 32500 kg<\/td><\/tr><tr><td><strong>20 ST\u00d3P KONTENER HARDTOP<\/strong><\/td><td>D\u0142ugo\u015b\u0107 6058 mm | Szeroko\u015b\u0107 2438 mm | Wysoko\u015b\u0107 2591 mm<\/td><td>D\u0142ugo\u015b\u0107 5898 mm | Szeroko\u015b\u0107 2332 mm | Wysoko\u015b\u0107 2311 mm<\/td><td>Szeroko\u015b\u0107 2340 mm | Wysoko\u015b\u0107 2265 mm<\/td><td>31,80 m\u00b3<\/td><td>Masa w\u0142asna 2380 kg | Obci\u0105\u017cenie 27200 kg | Masa ca\u0142kowita 30480 kg<\/td><\/tr><\/tbody><\/table><\/figure>\n<\/div><\/div>\n\n<\/div><\/div>","protected":false},"excerpt":{"rendered":"<p>Kontener Hardtop Kontenery Hard Top idealnie sprawdzaj\u0105 si\u0119 w przypadku transportu towar\u00f3w o niestandardowej wysoko\u015bci oraz wszystkich tych, kt\u00f3re wymagaj\u0105 za\u0142adunku przy u\u017cyciu d\u017awigu. Jednocze\u015bnie kontenery tego typu posiadaj\u0105 te same korzy\u015bci co kontenery standardowe. Sklep jest w j\u0119zyku angielskim, ale zapraszamy do zadawania pyta\u0144 w j\u0119zyku polskim. CECHY KONTENER\u00d3W HARD TOP Dwie najwa\u017cniejsze cechy&#8230;<\/p>\n","protected":false},"author":7,"featured_media":0,"parent":1368,"menu_order":0,"comment_status":"closed","ping_status":"closed","template":"","meta":{"_acf_changed":false,"_kad_blocks_custom_css":"","_kad_blocks_head_custom_js":"","_kad_blocks_body_custom_js":"","_kad_blocks_footer_custom_js":"","_kad_post_transparent":"","_kad_post_title":"","_kad_post_layout":"","_kad_post_sidebar_id":"","_kad_post_content_style":"","_kad_post_vertical_padding":"","_kad_post_feature":"","_kad_post_feature_position":"","_kad_post_header":false,"_kad_post_footer":false,"_kad_post_classname":"","footnotes":""},"class_list":["post-1298","page","type-page","status-publish","hentry"],"acf":[],"taxonomy_info":[],"featured_image_src_large":false,"author_info":{"display_name":"marlon","author_link":"https:\/\/www.mtcontainer.com\/pl\/author\/marlon\/"},"comment_info":0,"_links":{"self":[{"href":"https:\/\/www.mtcontainer.com\/pl\/wp-json\/wp\/v2\/pages\/1298","targetHints":{"allow":["GET"]}}],"collection":[{"href":"https:\/\/www.mtcontainer.com\/pl\/wp-json\/wp\/v2\/pages"}],"about":[{"href":"https:\/\/www.mtcontainer.com\/pl\/wp-json\/wp\/v2\/types\/page"}],"author":[{"embeddable":true,"href":"https:\/\/www.mtcontainer.com\/pl\/wp-json\/wp\/v2\/users\/7"}],"replies":[{"embeddable":true,"href":"https:\/\/www.mtcontainer.com\/pl\/wp-json\/wp\/v2\/comments?post=1298"}],"version-history":[{"count":1,"href":"https:\/\/www.mtcontainer.com\/pl\/wp-json\/wp\/v2\/pages\/1298\/revisions"}],"predecessor-version":[{"id":1300,"href":"https:\/\/www.mtcontainer.com\/pl\/wp-json\/wp\/v2\/pages\/1298\/revisions\/1300"}],"up":[{"embeddable":true,"href":"https:\/\/www.mtcontainer.com\/pl\/wp-json\/wp\/v2\/pages\/1368"}],"wp:attachment":[{"href":"https:\/\/www.mtcontainer.com\/pl\/wp-json\/wp\/v2\/media?parent=1298"}],"curies":[{"name":"wp","href":"https:\/\/api.w.org\/{rel}","templated":true}]}}