{"id":1293,"date":"2024-02-29T23:56:13","date_gmt":"2024-02-29T22:56:13","guid":{"rendered":"https:\/\/www.mtcontainer.com\/pl\/?page_id=1293"},"modified":"2024-03-01T15:12:13","modified_gmt":"2024-03-01T14:12:13","slug":"kontener-open-side-door","status":"publish","type":"page","link":"https:\/\/www.mtcontainer.com\/pl\/kontener-open-side-door\/","title":{"rendered":"Kontener Open Side Door"},"content":{"rendered":"<style>.kb-row-layout-id1293_bd0185-77 > .kt-row-column-wrap{align-content:center;}:where(.kb-row-layout-id1293_bd0185-77 > .kt-row-column-wrap) > .wp-block-kadence-column{justify-content:center;}.kb-row-layout-id1293_bd0185-77 > .kt-row-column-wrap{column-gap:var(--global-kb-gap-md, 2rem);row-gap:var(--global-kb-gap-md, 2rem);max-width:var( --global-content-width, 1600px );padding-left:var(--global-content-edge-padding);padding-right:var(--global-content-edge-padding);padding-top:50px;padding-bottom:50px;grid-template-columns:minmax(0, calc(55% - ((var(--global-kb-gap-md, 2rem) * 1 )\/2)))minmax(0, calc(45% - ((var(--global-kb-gap-md, 2rem) * 1 )\/2)));}.kb-row-layout-id1293_bd0185-77{background-color:#f7fafc;}.kb-row-layout-id1293_bd0185-77 > .kt-row-layout-overlay{opacity:0.30;}@media all and (max-width: 1024px){.kb-row-layout-id1293_bd0185-77 > .kt-row-column-wrap{padding-top:0px;grid-template-columns:minmax(0, 1fr);}}@media all and (max-width: 767px){.kb-row-layout-id1293_bd0185-77 > .kt-row-column-wrap{padding-bottom:51px;grid-template-columns:minmax(0, 1fr);}}<\/style><div class=\"kb-row-layout-wrap kb-row-layout-id1293_bd0185-77 alignfull kt-row-has-bg wp-block-kadence-rowlayout\" id=\"hero\"><div class=\"kt-row-column-wrap kt-has-2-columns kt-row-layout-equal kt-tab-layout-row kt-mobile-layout-row kt-row-valign-middle kb-theme-content-width\">\n<style>.kadence-column1293_5b06e5-f9 > .kt-inside-inner-col{padding-top:var(--global-kb-spacing-md, 2rem);padding-right:var(--global-kb-spacing-md, 2rem);padding-bottom:var(--global-kb-spacing-md, 2rem);padding-left:var(--global-kb-spacing-md, 2rem);}.kadence-column1293_5b06e5-f9 > .kt-inside-inner-col,.kadence-column1293_5b06e5-f9 > .kt-inside-inner-col:before{border-top-left-radius:0px;border-top-right-radius:0px;border-bottom-right-radius:0px;border-bottom-left-radius:0px;}.kadence-column1293_5b06e5-f9 > .kt-inside-inner-col{column-gap:var(--global-kb-gap-sm, 1rem);}.kadence-column1293_5b06e5-f9 > .kt-inside-inner-col{flex-direction:column;}.kadence-column1293_5b06e5-f9 > .kt-inside-inner-col > .aligncenter{width:100%;}.kadence-column1293_5b06e5-f9 > .kt-inside-inner-col:before{opacity:0.5;background-color:var(--global-palette9, #ffffff);}.kadence-column1293_5b06e5-f9{position:relative;}@media all and (max-width: 1024px){.kadence-column1293_5b06e5-f9 > .kt-inside-inner-col{flex-direction:column;justify-content:center;}}@media all and (max-width: 767px){.kadence-column1293_5b06e5-f9 > .kt-inside-inner-col{flex-direction:column;justify-content:center;}}<\/style>\n<div class=\"wp-block-kadence-column kadence-column1293_5b06e5-f9 kb-section-has-overlay inner-column-2\"><div class=\"kt-inside-inner-col\"><style>.wp-block-kadence-advancedheading.kt-adv-heading1293_8750e1-a5, .wp-block-kadence-advancedheading.kt-adv-heading1293_8750e1-a5[data-kb-block=\"kb-adv-heading1293_8750e1-a5\"]{font-size:var(--global-kb-font-size-xl, 3rem);font-style:normal;color:#00187c;}.wp-block-kadence-advancedheading.kt-adv-heading1293_8750e1-a5 mark.kt-highlight, .wp-block-kadence-advancedheading.kt-adv-heading1293_8750e1-a5[data-kb-block=\"kb-adv-heading1293_8750e1-a5\"] mark.kt-highlight{font-style:normal;color:#f76a0c;-webkit-box-decoration-break:clone;box-decoration-break:clone;padding-top:0px;padding-right:0px;padding-bottom:0px;padding-left:0px;}.wp-block-kadence-advancedheading.kt-adv-heading1293_8750e1-a5 img.kb-inline-image, .wp-block-kadence-advancedheading.kt-adv-heading1293_8750e1-a5[data-kb-block=\"kb-adv-heading1293_8750e1-a5\"] img.kb-inline-image{width:150px;vertical-align:baseline;}@media all and (max-width: 767px){.wp-block-kadence-advancedheading.kt-adv-heading1293_8750e1-a5, .wp-block-kadence-advancedheading.kt-adv-heading1293_8750e1-a5[data-kb-block=\"kb-adv-heading1293_8750e1-a5\"]{font-size:var(--global-kb-font-size-lg, 2rem);}}<\/style>\n<h1 class=\"kt-adv-heading1293_8750e1-a5 wp-block-kadence-advancedheading\" data-kb-block=\"kb-adv-heading1293_8750e1-a5\">Kontener Open Side Door<\/h1>\n\n\n\n<p>Kontenery Open-Side lub Side-Door to warianty kontener\u00f3w standardowych, kt\u00f3re pozwalaj\u0105 si\u0119 otworzy\u0107 z boku (po d\u0142u\u017cszej stronie).<\/p>\n\n\n<style>.wp-block-kadence-advancedbtn.kb-btns1293_696b85-c3{gap:var(--global-kb-gap-xs, 0.5rem );justify-content:flex-start;align-items:center;}.kt-btns1293_696b85-c3 .kt-button{font-weight:normal;font-style:normal;}<\/style>\n<div class=\"wp-block-kadence-advancedbtn kb-buttons-wrap kb-btns1293_696b85-c3\"><style>ul.menu .wp-block-kadence-advancedbtn .kb-btn1293_dab9b8-68.kb-button{width:initial;}.wp-block-kadence-advancedbtn .kb-btn1293_dab9b8-68.kb-button{color:#00187c;background:#ffe783;border-top-left-radius:0px;border-top-right-radius:0px;border-bottom-right-radius:0px;border-bottom-left-radius:0px;border-top:0px solid;border-right:0px solid;border-bottom:0px solid;border-left:0px solid;}@media all and (max-width: 1024px){.wp-block-kadence-advancedbtn .kb-btn1293_dab9b8-68.kb-button{border-top:0px solid;border-right:0px solid;border-bottom:0px solid;border-left:0px solid;}}@media all and (max-width: 767px){.wp-block-kadence-advancedbtn .kb-btn1293_dab9b8-68.kb-button{font-size:var(--global-kb-font-size-md, 1.25rem);border-top:0px solid;border-right:0px solid;border-bottom:0px solid;border-left:0px solid;}}<\/style><a class=\"kb-button kt-button button kb-btn1293_dab9b8-68 kt-btn-size-standard kt-btn-width-type-auto kb-btn-global-inherit  kt-btn-has-text-true kt-btn-has-svg-false  wp-block-button__link wp-block-kadence-singlebtn\" href=\"https:\/\/www.mtcontainer.com\/containershop\/type-open-side-container\/to-buy\/\"><span class=\"kt-btn-inner-text\">Kupowa\u0107 Kontenery [EN]<\/span><\/a><\/div>\n\n\n\n<p>Sklep jest w j\u0119zyku <strong>angielskim<\/strong>, ale zapraszamy do zadawania pyta\u0144 w j\u0119zyku polskim.<\/p>\n<\/div><\/div>\n\n\n<style>.kadence-column1293_9c0ac7-5e > .kt-inside-inner-col{display:flex;}.kadence-column1293_9c0ac7-5e > .kt-inside-inner-col,.kadence-column1293_9c0ac7-5e > .kt-inside-inner-col:before{border-top-left-radius:0px;border-top-right-radius:0px;border-bottom-right-radius:0px;border-bottom-left-radius:0px;}.kadence-column1293_9c0ac7-5e > .kt-inside-inner-col{column-gap:var(--global-kb-gap-sm, 1rem);}.kadence-column1293_9c0ac7-5e > .kt-inside-inner-col{flex-direction:column;justify-content:center;}.kadence-column1293_9c0ac7-5e > .kt-inside-inner-col > .aligncenter{width:100%;}.kt-row-column-wrap > .kadence-column1293_9c0ac7-5e{align-self:center;}.kt-inner-column-height-full:not(.kt-has-1-columns) > .wp-block-kadence-column.kadence-column1293_9c0ac7-5e{align-self:auto;}.kt-inner-column-height-full:not(.kt-has-1-columns) > .wp-block-kadence-column.kadence-column1293_9c0ac7-5e > .kt-inside-inner-col{flex-direction:column;justify-content:center;}.kadence-column1293_9c0ac7-5e > .kt-inside-inner-col:before{opacity:0.3;}.kadence-column1293_9c0ac7-5e{position:relative;}@media all and (max-width: 1024px){.kt-row-column-wrap > .kadence-column1293_9c0ac7-5e{align-self:center;}}@media all and (max-width: 1024px){.kt-inner-column-height-full:not(.kt-has-1-columns) > .wp-block-kadence-column.kadence-column1293_9c0ac7-5e{align-self:auto;}}@media all and (max-width: 1024px){.kt-inner-column-height-full:not(.kt-has-1-columns) > .wp-block-kadence-column.kadence-column1293_9c0ac7-5e > .kt-inside-inner-col{flex-direction:column;justify-content:center;}}@media all and (max-width: 1024px){.kadence-column1293_9c0ac7-5e > .kt-inside-inner-col{flex-direction:column;justify-content:center;}}@media all and (max-width: 767px){.kt-row-column-wrap > .kadence-column1293_9c0ac7-5e{align-self:center;}.kt-inner-column-height-full:not(.kt-has-1-columns) > .wp-block-kadence-column.kadence-column1293_9c0ac7-5e{align-self:auto;}.kt-inner-column-height-full:not(.kt-has-1-columns) > .wp-block-kadence-column.kadence-column1293_9c0ac7-5e > .kt-inside-inner-col{flex-direction:column;justify-content:center;}.kadence-column1293_9c0ac7-5e > .kt-inside-inner-col{flex-direction:column;justify-content:center;}}<\/style>\n<div class=\"wp-block-kadence-column kadence-column1293_9c0ac7-5e inner-column-1\"><div class=\"kt-inside-inner-col\"><style>.kb-image1293_7375dd-79.kb-image-is-ratio-size, .kb-image1293_7375dd-79 .kb-image-is-ratio-size{max-width:448px;width:100%;}.wp-block-kadence-column > .kt-inside-inner-col > .kb-image1293_7375dd-79.kb-image-is-ratio-size, .wp-block-kadence-column > .kt-inside-inner-col > .kb-image1293_7375dd-79 .kb-image-is-ratio-size{align-self:unset;}.kb-image1293_7375dd-79 figure{max-width:448px;}.kb-image1293_7375dd-79 .image-is-svg, .kb-image1293_7375dd-79 .image-is-svg img{width:100%;}.kb-image1293_7375dd-79 .kb-image-has-overlay:after{opacity:0.3;}<\/style>\n<div class=\"wp-block-kadence-image kb-image1293_7375dd-79\"><figure class=\"aligncenter size-full\"><img decoding=\"async\" width=\"605\" height=\"448\" src=\"https:\/\/www.mtcontainer.com\/pl\/wp-content\/uploads\/sites\/12\/2024\/02\/Kontener-Open-Side-Door.png\" alt=\"\" class=\"kb-img wp-image-1296 skip-lazy kb-skip-lazy\" srcset=\"https:\/\/www.mtcontainer.com\/pl\/wp-content\/uploads\/sites\/12\/2024\/02\/Kontener-Open-Side-Door.png 605w, https:\/\/www.mtcontainer.com\/pl\/wp-content\/uploads\/sites\/12\/2024\/02\/Kontener-Open-Side-Door-300x222.png 300w\" sizes=\"(max-width: 605px) 100vw, 605px\" \/><\/figure><\/div>\n<\/div><\/div>\n\n<\/div><\/div>\n\n<style>.kb-row-layout-wrap.wp-block-kadence-rowlayout.kb-row-layout-id1293_7c732c-53{margin-top:0px;}.kb-row-layout-id1293_7c732c-53 > .kt-row-column-wrap{align-content:start;}:where(.kb-row-layout-id1293_7c732c-53 > .kt-row-column-wrap) > .wp-block-kadence-column{justify-content:start;}.kb-row-layout-id1293_7c732c-53 > .kt-row-column-wrap{column-gap:var(--global-kb-gap-lg, 4rem);row-gap:var(--global-kb-gap-md, 2rem);max-width:var( --global-content-width, 1600px );padding-left:var(--global-content-edge-padding);padding-right:var(--global-content-edge-padding);padding-top:45px;padding-bottom:45px;grid-template-columns:minmax(0, 1fr);}.kb-row-layout-id1293_7c732c-53 > .kt-row-layout-overlay{opacity:0.30;}@media all and (max-width: 1024px){.kb-row-layout-id1293_7c732c-53 > .kt-row-column-wrap{grid-template-columns:minmax(0, 1fr);}}@media all and (max-width: 767px){.kb-row-layout-id1293_7c732c-53 > .kt-row-column-wrap{grid-template-columns:minmax(0, 1fr);}}<\/style><div class=\"kb-row-layout-wrap kb-row-layout-id1293_7c732c-53 alignfull has-theme-palette9-background-color kt-row-has-bg wp-block-kadence-rowlayout\"><div class=\"kt-row-column-wrap kt-has-1-columns kt-row-layout-equal kt-tab-layout-inherit kt-mobile-layout-row kt-row-valign-top kb-theme-content-width\">\n<style>.kadence-column1293_b088d2-16 > .kt-inside-inner-col,.kadence-column1293_b088d2-16 > .kt-inside-inner-col:before{border-top-left-radius:0px;border-top-right-radius:0px;border-bottom-right-radius:0px;border-bottom-left-radius:0px;}.kadence-column1293_b088d2-16 > .kt-inside-inner-col{column-gap:var(--global-kb-gap-sm, 1rem);}.kadence-column1293_b088d2-16 > .kt-inside-inner-col{flex-direction:column;}.kadence-column1293_b088d2-16 > .kt-inside-inner-col > .aligncenter{width:100%;}.kadence-column1293_b088d2-16 > .kt-inside-inner-col:before{opacity:0.3;}.kadence-column1293_b088d2-16{position:relative;}@media all and (max-width: 1024px){.kadence-column1293_b088d2-16 > .kt-inside-inner-col{flex-direction:column;justify-content:center;}}@media all and (max-width: 767px){.kadence-column1293_b088d2-16 > .kt-inside-inner-col{flex-direction:column;justify-content:center;}}<\/style>\n<div class=\"wp-block-kadence-column kadence-column1293_b088d2-16 inner-column-2\" id=\"content\"><div class=\"kt-inside-inner-col\"><style>.wp-block-kadence-advancedheading.kt-adv-heading1293_f0832a-c5, .wp-block-kadence-advancedheading.kt-adv-heading1293_f0832a-c5[data-kb-block=\"kb-adv-heading1293_f0832a-c5\"]{padding-top:0px;margin-top:0px;font-style:normal;color:#00187c;}.wp-block-kadence-advancedheading.kt-adv-heading1293_f0832a-c5 mark.kt-highlight, .wp-block-kadence-advancedheading.kt-adv-heading1293_f0832a-c5[data-kb-block=\"kb-adv-heading1293_f0832a-c5\"] mark.kt-highlight{font-style:normal;color:#f76a0c;-webkit-box-decoration-break:clone;box-decoration-break:clone;padding-top:0px;padding-right:0px;padding-bottom:0px;padding-left:0px;}.wp-block-kadence-advancedheading.kt-adv-heading1293_f0832a-c5 img.kb-inline-image, .wp-block-kadence-advancedheading.kt-adv-heading1293_f0832a-c5[data-kb-block=\"kb-adv-heading1293_f0832a-c5\"] img.kb-inline-image{width:150px;vertical-align:baseline;}<\/style>\n<h2 class=\"kt-adv-heading1293_f0832a-c5 wp-block-kadence-advancedheading\" data-kb-block=\"kb-adv-heading1293_f0832a-c5\">CECHY KONSTRUKCJI KONTENER\u00d3W OPEN SIDE DOOR<\/h2>\n\n\n\n<p>Posiadaj\u0105 one drzwi wieloskrzyd\u0142owe na \u015bcianie bocznej, dzi\u0119ki kt\u00f3rym mo\u017cliwe jest dostanie si\u0119 do konkretnych cz\u0119\u015bci kontenera. Dzi\u0119ki drzwiom bocznym za- i roz\u0142adunek jest du\u017co \u0142atwiejszy ni\u017c w przypadku kontener\u00f3w morskich, kt\u00f3re maj\u0105 wy\u0142\u0105cznie drzwi dwuskrzyd\u0142owe od frontu. Dzi\u0119ki wielkiemu otworowi mo\u017cliwy jest wygodny za\u0142adunek wi\u0119kszych i niewymiarowych przedmiot\u00f3w, kt\u00f3re nie zmie\u015bci\u0142yby si\u0119 w kontenerze standardowym. Dlatego kontener Side-Door nadaje si\u0119 r\u00f3wnie\u017c na kontener magazynowy.<\/p>\n\n\n\n<p>Kontener Open-Side u\u0142atwia prze\u0142adunek r\u00f3wnie\u017c przy mniejszych gabarytowo towarach.<\/p>\n\n\n\n<p>Za\u0142adunek jest o wiele sprawniejszy. Nawet tam, gdzie nie ma ramp roz\u0142adunkowych, mo\u017cna \u0142atwo za\u0142adowa\u0107 kontener Side-Door przy pomocy w\u00f3zka wid\u0142owego.<\/p>\n\n\n\n<p>Kontener Open-Side mo\u017cna wykorzysta\u0107 do transportu maszyn, a nawet samochod\u00f3w tak, aby bezpiecznie przewie\u017a\u0107 je w inne miejsce.<\/p>\n\n\n\n<p>Kontenery Open Side idealnie sprawdzaj\u0105 si\u0119 podczas wszelkich imprez i innych event\u00f3w. W szczeg\u00f3lno\u015bci, je\u017celi zachodzi potrzeba ich cz\u0119stej eksploatacji, unikamy czasoch\u0142onnej budowy sceny lub powierzchni prezentacyjnej. Wystarczy ustawi\u0107 kontener Open Side i otworzy\u0107 drzwi. Raz urz\u0105dzone wn\u0119trze transportowane jest z miejsca na miejsce wraz z meblami i wyposa\u017ceniem.<\/p>\n\n\n\n<p>W kontenerze Open Side mo\u017cliwe jest r\u00f3wnie\u017c urz\u0105dzenie powierzchni sprzeda\u017cowej lub baru. Po zako\u0144czeniu u\u017cytkowania kontenera mo\u017cna zaryglowa\u0107 drzwi za pomoc\u0105 odpowiedniego zamka.<\/p>\n\n\n<style>.wp-block-kadence-spacer.kt-block-spacer-1293_bbb56d-65 .kt-block-spacer{height:36px;}.wp-block-kadence-spacer.kt-block-spacer-1293_bbb56d-65 .kt-divider{border-top-width:2px;border-top-color:#00187c;width:80%;border-top-style:solid;}<\/style>\n<div class=\"wp-block-kadence-spacer aligncenter kt-block-spacer-1293_bbb56d-65\"><div class=\"kt-block-spacer kt-block-spacer-halign-center\"><hr class=\"kt-divider\"\/><\/div><\/div>\n\n\n<style>.wp-block-kadence-advancedheading.kt-adv-heading1293_047140-a4, .wp-block-kadence-advancedheading.kt-adv-heading1293_047140-a4[data-kb-block=\"kb-adv-heading1293_047140-a4\"]{padding-top:0px;margin-top:0px;font-style:normal;color:#00187c;}.wp-block-kadence-advancedheading.kt-adv-heading1293_047140-a4 mark.kt-highlight, .wp-block-kadence-advancedheading.kt-adv-heading1293_047140-a4[data-kb-block=\"kb-adv-heading1293_047140-a4\"] mark.kt-highlight{font-style:normal;color:#f76a0c;-webkit-box-decoration-break:clone;box-decoration-break:clone;padding-top:0px;padding-right:0px;padding-bottom:0px;padding-left:0px;}.wp-block-kadence-advancedheading.kt-adv-heading1293_047140-a4 img.kb-inline-image, .wp-block-kadence-advancedheading.kt-adv-heading1293_047140-a4[data-kb-block=\"kb-adv-heading1293_047140-a4\"] img.kb-inline-image{width:150px;vertical-align:baseline;}<\/style>\n<h2 class=\"kt-adv-heading1293_047140-a4 wp-block-kadence-advancedheading\" data-kb-block=\"kb-adv-heading1293_047140-a4\">CECHY KONTENERA OPEN SIDE<\/h2>\n\n\n\n<ul class=\"wp-block-list\">\n<li>Stalowa rama i drewniana pod\u0142oga<\/li>\n\n\n\n<li>Wiatro I wodoodporno\u015b\u0107<\/li>\n\n\n\n<li>Mo\u017cliwo\u015b\u0107 transport na ca\u0142ym \u015bwiecie<\/li>\n\n\n\n<li>Szerokie zastosowanie dzi\u0119ki wielu otwartym drzwiom bocznym.<\/li>\n<\/ul>\n\n\n<style>.wp-block-kadence-advancedheading.kt-adv-heading1293_c7cd19-27, .wp-block-kadence-advancedheading.kt-adv-heading1293_c7cd19-27[data-kb-block=\"kb-adv-heading1293_c7cd19-27\"]{padding-top:0px;margin-top:0px;font-style:normal;color:#00187c;}.wp-block-kadence-advancedheading.kt-adv-heading1293_c7cd19-27 mark.kt-highlight, .wp-block-kadence-advancedheading.kt-adv-heading1293_c7cd19-27[data-kb-block=\"kb-adv-heading1293_c7cd19-27\"] mark.kt-highlight{font-style:normal;color:#f76a0c;-webkit-box-decoration-break:clone;box-decoration-break:clone;padding-top:0px;padding-right:0px;padding-bottom:0px;padding-left:0px;}.wp-block-kadence-advancedheading.kt-adv-heading1293_c7cd19-27 img.kb-inline-image, .wp-block-kadence-advancedheading.kt-adv-heading1293_c7cd19-27[data-kb-block=\"kb-adv-heading1293_c7cd19-27\"] img.kb-inline-image{width:150px;vertical-align:baseline;}<\/style>\n<h2 class=\"kt-adv-heading1293_c7cd19-27 wp-block-kadence-advancedheading\" data-kb-block=\"kb-adv-heading1293_c7cd19-27\">WYMIARY KONTENERA OPEN SIDE<\/h2>\n\n\n\n<p>Wymiary zewn\u0119trzne kontener\u00f3w Open Side s\u0105 zgodne z normami ISO. Dlatego te\u017c mog\u0105 by\u0107 wykorzystywane w transporcie morskim oraz u\u017cytkowane do transportu na ca\u0142ym \u015bwiecie.<\/p>\n\n\n\n<p>Wn\u0119trze kontenera Open Side jest troch\u0119 mniejsze ni\u017c kontenera standardowego, poniewa\u017c \u015bciany zewn\u0119trzne s\u0105 grubsze i przez to bardziej stabilne.<\/p>\n\n\n\n<p>Wi\u0119kszo\u015b\u0107 kontener\u00f3w Open Side ma d\u0142ugo\u015b\u0107 20 st\u00f3p. Modele o d\u0142ugo\u015bci 40 st\u00f3p maj\u0105 po\u015brodku dodatkow\u0105 klamr\u0119 stabilizuj\u0105c\u0105, kt\u00f3ra dzieli otwart\u0105 cz\u0119\u015b\u0107 kontenera na p\u00f3\u0142, co r\u00f3wnie\u017c u\u0142atwia transport.<\/p>\n\n\n\n<p>Skontaktuj si\u0119 z nami bezpo\u015brednio&nbsp;<a href=\"tel:+494027160909\">przez telefon<\/a>&nbsp;\u2013 ch\u0119tnie pomo\u017cemy!<\/p>\n\n\n<style>.wp-block-kadence-spacer.kt-block-spacer-1293_0c722c-e5 .kt-block-spacer{height:36px;}.wp-block-kadence-spacer.kt-block-spacer-1293_0c722c-e5 .kt-divider{border-top-width:2px;border-top-color:#00187c;width:80%;border-top-style:solid;}<\/style>\n<div class=\"wp-block-kadence-spacer aligncenter kt-block-spacer-1293_0c722c-e5\"><div class=\"kt-block-spacer kt-block-spacer-halign-center\"><hr class=\"kt-divider\"\/><\/div><\/div>\n\n\n\n<figure class=\"wp-block-table is-style-regular\"><table class=\"has-theme-palette-3-color has-theme-palette-9-background-color has-text-color has-background has-link-color\"><tbody><tr><td><strong><strong>Typ pojemnika<\/strong><\/strong><\/td><td><strong>Wymiary zewn\u0119trzne<\/strong><\/td><td><strong>Wymiary wewn\u0119trzne<\/strong><\/td><td><strong>Tom<\/strong><\/td><td><strong>Waga<\/strong><\/td><\/tr><tr><td><strong>20 ST\u00d3P KONTENER OPEN SIDE DOOR<\/strong><\/td><td>D\u0142ugo\u015b\u0107 6058 mm | Szeroko\u015b\u0107 2438 mm | Wysoko\u015b\u0107 2591 mm<\/td><td>D\u0142ugo\u015b\u0107 5898 mm | Szeroko\u015b\u0107 2287 mm | Wysoko\u015b\u0107 2298 mm<\/td><td>31 m\u00b3<\/td><td>Masa w\u0142asna 3200 kg | Masa ca\u0142kowita 24000 kg<\/td><\/tr><tr><td><strong><strong><strong>40 ST\u00d3P KONTENER OPEN SIDE DOOR<\/strong><\/strong><\/strong><\/td><td>D\u0142ugo\u015b\u0107 12192 mm | Szeroko\u015b\u0107 2438 mm | Wysoko\u015b\u0107 2591 mm<\/td><td>D\u0142ugo\u015b\u0107 12032 mm | Szeroko\u015b\u0107 2288 mm | Wysoko\u015b\u0107 2298 mm<\/td><td>64 m\u00b3<\/td><td>Masa w\u0142asna 6100 kg | Masa ca\u0142kowita 30400 kg<\/td><\/tr><tr><td><strong>40 ST\u00d3P HIGH CUBE KONTENER OPEN SIDE DOOR<\/strong><\/td><td>D\u0142ugo\u015b\u0107 12192 mm | Szeroko\u015b\u0107 2438 mm | Wysoko\u015b\u0107 2896 mm<\/td><td>D\u0142ugo\u015b\u0107 12032 mm | Szeroko\u015b\u0107 2288 mm | Wysoko\u015b\u0107 2471 mm<\/td><td>68 m\u00b3<\/td><td>Masa w\u0142asna 6800 kg | Masa ca\u0142kowita 30480 kg<\/td><\/tr><\/tbody><\/table><\/figure>\n\n\n<style>.wp-block-kadence-advancedbtn.kb-btns1293_89060d-0d{gap:var(--global-kb-gap-xs, 0.5rem );justify-content:flex-start;align-items:center;}.kt-btns1293_89060d-0d .kt-button{font-weight:normal;font-style:normal;}.kt-btns1293_89060d-0d .kt-btn-wrap-0{margin-right:5px;}.wp-block-kadence-advancedbtn.kt-btns1293_89060d-0d .kt-btn-wrap-0 .kt-button{color:#555555;border-color:#555555;}.wp-block-kadence-advancedbtn.kt-btns1293_89060d-0d .kt-btn-wrap-0 .kt-button:hover, .wp-block-kadence-advancedbtn.kt-btns1293_89060d-0d .kt-btn-wrap-0 .kt-button:focus{color:#ffffff;border-color:#444444;}.wp-block-kadence-advancedbtn.kt-btns1293_89060d-0d .kt-btn-wrap-0 .kt-button::before{display:none;}.wp-block-kadence-advancedbtn.kt-btns1293_89060d-0d .kt-btn-wrap-0 .kt-button:hover, .wp-block-kadence-advancedbtn.kt-btns1293_89060d-0d .kt-btn-wrap-0 .kt-button:focus{background:#444444;}<\/style>\n<div class=\"wp-block-kadence-advancedbtn kb-buttons-wrap kb-btns1293_89060d-0d\"><style>ul.menu .wp-block-kadence-advancedbtn .kb-btn1293_1aad06-33.kb-button{width:initial;}.wp-block-kadence-advancedbtn .kb-btn1293_1aad06-33.kb-button{color:#00187c;background:#ffe783;border-top-left-radius:0px;border-top-right-radius:0px;border-bottom-right-radius:0px;border-bottom-left-radius:0px;border-top:2px solid #ffe783;border-right:2px solid #ffe783;border-bottom:2px solid #ffe783;border-left:2px solid #ffe783;}.wp-block-kadence-advancedbtn .kb-btn1293_1aad06-33.kb-button:hover, .wp-block-kadence-advancedbtn .kb-btn1293_1aad06-33.kb-button:focus{background:var(--global-palette9, #ffffff);border-top-left-radius:0px;border-top-right-radius:0px;border-bottom-right-radius:0px;border-bottom-left-radius:0px;border-top:2px solid var(--global-palette2, #2B6CB0);border-right:2px solid var(--global-palette2, #2B6CB0);border-bottom:2px solid var(--global-palette2, #2B6CB0);border-left:2px solid var(--global-palette2, #2B6CB0);}@media all and (max-width: 1024px){.wp-block-kadence-advancedbtn .kb-btn1293_1aad06-33.kb-button{border-top:2px solid #ffe783;border-right:2px solid #ffe783;border-bottom:2px solid #ffe783;border-left:2px solid #ffe783;}}@media all and (max-width: 1024px){.wp-block-kadence-advancedbtn .kb-btn1293_1aad06-33.kb-button:hover, .wp-block-kadence-advancedbtn .kb-btn1293_1aad06-33.kb-button:focus{border-top:2px solid var(--global-palette2, #2B6CB0);border-right:2px solid var(--global-palette2, #2B6CB0);border-bottom:2px solid var(--global-palette2, #2B6CB0);border-left:2px solid var(--global-palette2, #2B6CB0);}}@media all and (max-width: 767px){.wp-block-kadence-advancedbtn .kb-btn1293_1aad06-33.kb-button{border-top:2px solid #ffe783;border-right:2px solid #ffe783;border-bottom:2px solid #ffe783;border-left:2px solid #ffe783;}.wp-block-kadence-advancedbtn .kb-btn1293_1aad06-33.kb-button:hover, .wp-block-kadence-advancedbtn .kb-btn1293_1aad06-33.kb-button:focus{border-top:2px solid var(--global-palette2, #2B6CB0);border-right:2px solid var(--global-palette2, #2B6CB0);border-bottom:2px solid var(--global-palette2, #2B6CB0);border-left:2px solid var(--global-palette2, #2B6CB0);}}<\/style><a class=\"kb-button kt-button button kb-btn1293_1aad06-33 kt-btn-size-standard kt-btn-width-type-auto kb-btn-global-fill  kt-btn-has-text-true kt-btn-has-svg-true  wp-block-kadence-singlebtn\" href=\"\/contact\"><span class=\"kt-btn-inner-text\">Kontakt<\/span><span class=\"kb-svg-icon-wrap kb-svg-icon-fe_arrowRight kt-btn-icon-side-right\"><svg viewBox=\"0 0 24 24\"  fill=\"none\" stroke=\"currentColor\" stroke-width=\"2\" stroke-linecap=\"round\" stroke-linejoin=\"round\" xmlns=\"http:\/\/www.w3.org\/2000\/svg\"  aria-hidden=\"true\"><line x1=\"5\" y1=\"12\" x2=\"19\" y2=\"12\"\/><polyline points=\"12 5 19 12 12 19\"\/><\/svg><\/span><\/a><\/div>\n<\/div><\/div>\n\n<\/div><\/div>","protected":false},"excerpt":{"rendered":"<p>Kontener Open Side Door Kontenery Open-Side lub Side-Door to warianty kontener\u00f3w standardowych, kt\u00f3re pozwalaj\u0105 si\u0119 otworzy\u0107 z boku (po d\u0142u\u017cszej stronie). Sklep jest w j\u0119zyku angielskim, ale zapraszamy do zadawania pyta\u0144 w j\u0119zyku polskim. CECHY KONSTRUKCJI KONTENER\u00d3W OPEN SIDE DOOR Posiadaj\u0105 one drzwi wieloskrzyd\u0142owe na \u015bcianie bocznej, dzi\u0119ki kt\u00f3rym mo\u017cliwe jest dostanie si\u0119 do konkretnych&#8230;<\/p>\n","protected":false},"author":7,"featured_media":0,"parent":1368,"menu_order":0,"comment_status":"closed","ping_status":"closed","template":"","meta":{"_acf_changed":false,"_kad_blocks_custom_css":"","_kad_blocks_head_custom_js":"","_kad_blocks_body_custom_js":"","_kad_blocks_footer_custom_js":"","_kad_post_transparent":"","_kad_post_title":"","_kad_post_layout":"","_kad_post_sidebar_id":"","_kad_post_content_style":"","_kad_post_vertical_padding":"","_kad_post_feature":"","_kad_post_feature_position":"","_kad_post_header":false,"_kad_post_footer":false,"_kad_post_classname":"","footnotes":""},"class_list":["post-1293","page","type-page","status-publish","hentry"],"acf":[],"taxonomy_info":[],"featured_image_src_large":false,"author_info":{"display_name":"marlon","author_link":"https:\/\/www.mtcontainer.com\/pl\/author\/marlon\/"},"comment_info":0,"_links":{"self":[{"href":"https:\/\/www.mtcontainer.com\/pl\/wp-json\/wp\/v2\/pages\/1293","targetHints":{"allow":["GET"]}}],"collection":[{"href":"https:\/\/www.mtcontainer.com\/pl\/wp-json\/wp\/v2\/pages"}],"about":[{"href":"https:\/\/www.mtcontainer.com\/pl\/wp-json\/wp\/v2\/types\/page"}],"author":[{"embeddable":true,"href":"https:\/\/www.mtcontainer.com\/pl\/wp-json\/wp\/v2\/users\/7"}],"replies":[{"embeddable":true,"href":"https:\/\/www.mtcontainer.com\/pl\/wp-json\/wp\/v2\/comments?post=1293"}],"version-history":[{"count":1,"href":"https:\/\/www.mtcontainer.com\/pl\/wp-json\/wp\/v2\/pages\/1293\/revisions"}],"predecessor-version":[{"id":1297,"href":"https:\/\/www.mtcontainer.com\/pl\/wp-json\/wp\/v2\/pages\/1293\/revisions\/1297"}],"up":[{"embeddable":true,"href":"https:\/\/www.mtcontainer.com\/pl\/wp-json\/wp\/v2\/pages\/1368"}],"wp:attachment":[{"href":"https:\/\/www.mtcontainer.com\/pl\/wp-json\/wp\/v2\/media?parent=1293"}],"curies":[{"name":"wp","href":"https:\/\/api.w.org\/{rel}","templated":true}]}}