{"id":1291,"date":"2024-02-29T23:48:26","date_gmt":"2024-02-29T22:48:26","guid":{"rendered":"https:\/\/www.mtcontainer.com\/pl\/?page_id=1291"},"modified":"2024-03-01T15:14:51","modified_gmt":"2024-03-01T14:14:51","slug":"domy-kontenerowe","status":"publish","type":"page","link":"https:\/\/www.mtcontainer.com\/pl\/domy-kontenerowe\/","title":{"rendered":"Domy kontenerowe"},"content":{"rendered":"<style>.kb-row-layout-id1291_bf7ec1-4c > .kt-row-column-wrap{align-content:center;}:where(.kb-row-layout-id1291_bf7ec1-4c > .kt-row-column-wrap) > .wp-block-kadence-column{justify-content:center;}.kb-row-layout-id1291_bf7ec1-4c > .kt-row-column-wrap{column-gap:var(--global-kb-gap-md, 2rem);row-gap:var(--global-kb-gap-md, 2rem);max-width:var( --global-content-width, 1600px );padding-left:var(--global-content-edge-padding);padding-right:var(--global-content-edge-padding);padding-top:50px;padding-bottom:50px;grid-template-columns:minmax(0, calc(55% - ((var(--global-kb-gap-md, 2rem) * 1 )\/2)))minmax(0, calc(45% - ((var(--global-kb-gap-md, 2rem) * 1 )\/2)));}.kb-row-layout-id1291_bf7ec1-4c{background-color:#f7fafc;}.kb-row-layout-id1291_bf7ec1-4c > .kt-row-layout-overlay{opacity:0.30;}@media all and (max-width: 1024px){.kb-row-layout-id1291_bf7ec1-4c > .kt-row-column-wrap{padding-top:0px;grid-template-columns:minmax(0, 1fr);}}@media all and (max-width: 767px){.kb-row-layout-id1291_bf7ec1-4c > .kt-row-column-wrap{padding-bottom:51px;grid-template-columns:minmax(0, 1fr);}}<\/style><div class=\"kb-row-layout-wrap kb-row-layout-id1291_bf7ec1-4c alignfull kt-row-has-bg wp-block-kadence-rowlayout\" id=\"hero\"><div class=\"kt-row-column-wrap kt-has-2-columns kt-row-layout-equal kt-tab-layout-row kt-mobile-layout-row kt-row-valign-middle kb-theme-content-width\">\n<style>.kadence-column1291_2c425a-d2 > .kt-inside-inner-col{padding-top:var(--global-kb-spacing-md, 2rem);padding-right:var(--global-kb-spacing-md, 2rem);padding-bottom:var(--global-kb-spacing-md, 2rem);padding-left:var(--global-kb-spacing-md, 2rem);}.kadence-column1291_2c425a-d2 > .kt-inside-inner-col,.kadence-column1291_2c425a-d2 > .kt-inside-inner-col:before{border-top-left-radius:0px;border-top-right-radius:0px;border-bottom-right-radius:0px;border-bottom-left-radius:0px;}.kadence-column1291_2c425a-d2 > .kt-inside-inner-col{column-gap:var(--global-kb-gap-sm, 1rem);}.kadence-column1291_2c425a-d2 > .kt-inside-inner-col{flex-direction:column;}.kadence-column1291_2c425a-d2 > .kt-inside-inner-col > .aligncenter{width:100%;}.kadence-column1291_2c425a-d2 > .kt-inside-inner-col:before{opacity:0.5;background-color:var(--global-palette9, #ffffff);}.kadence-column1291_2c425a-d2{position:relative;}@media all and (max-width: 1024px){.kadence-column1291_2c425a-d2 > .kt-inside-inner-col{flex-direction:column;justify-content:center;}}@media all and (max-width: 767px){.kadence-column1291_2c425a-d2 > .kt-inside-inner-col{flex-direction:column;justify-content:center;}}<\/style>\n<div class=\"wp-block-kadence-column kadence-column1291_2c425a-d2 kb-section-has-overlay inner-column-2\"><div class=\"kt-inside-inner-col\"><style>.wp-block-kadence-advancedheading.kt-adv-heading1291_7c5be6-34, .wp-block-kadence-advancedheading.kt-adv-heading1291_7c5be6-34[data-kb-block=\"kb-adv-heading1291_7c5be6-34\"]{font-size:var(--global-kb-font-size-xl, 3rem);font-style:normal;color:#00187c;}.wp-block-kadence-advancedheading.kt-adv-heading1291_7c5be6-34 mark.kt-highlight, .wp-block-kadence-advancedheading.kt-adv-heading1291_7c5be6-34[data-kb-block=\"kb-adv-heading1291_7c5be6-34\"] mark.kt-highlight{font-style:normal;color:#f76a0c;-webkit-box-decoration-break:clone;box-decoration-break:clone;padding-top:0px;padding-right:0px;padding-bottom:0px;padding-left:0px;}.wp-block-kadence-advancedheading.kt-adv-heading1291_7c5be6-34 img.kb-inline-image, .wp-block-kadence-advancedheading.kt-adv-heading1291_7c5be6-34[data-kb-block=\"kb-adv-heading1291_7c5be6-34\"] img.kb-inline-image{width:150px;vertical-align:baseline;}@media all and (max-width: 767px){.wp-block-kadence-advancedheading.kt-adv-heading1291_7c5be6-34, .wp-block-kadence-advancedheading.kt-adv-heading1291_7c5be6-34[data-kb-block=\"kb-adv-heading1291_7c5be6-34\"]{font-size:var(--global-kb-font-size-lg, 2rem);}}<\/style>\n<h1 class=\"kt-adv-heading1291_7c5be6-34 wp-block-kadence-advancedheading\" data-kb-block=\"kb-adv-heading1291_7c5be6-34\">Domy kontenerowe<\/h1>\n\n\n\n<p>Z dobrze zachowanych kontener\u00f3w u\u017cywanych mog\u0105 powsta\u0107 wygodne kontenery biurowe a z kontener\u00f3w frachtowych, mini-domy.<\/p>\n<\/div><\/div>\n\n\n<style>.kadence-column1291_36bff1-bd > .kt-inside-inner-col{display:flex;}.kadence-column1291_36bff1-bd > .kt-inside-inner-col,.kadence-column1291_36bff1-bd > .kt-inside-inner-col:before{border-top-left-radius:0px;border-top-right-radius:0px;border-bottom-right-radius:0px;border-bottom-left-radius:0px;}.kadence-column1291_36bff1-bd > .kt-inside-inner-col{column-gap:var(--global-kb-gap-sm, 1rem);}.kadence-column1291_36bff1-bd > .kt-inside-inner-col{flex-direction:column;justify-content:center;}.kadence-column1291_36bff1-bd > .kt-inside-inner-col > .aligncenter{width:100%;}.kt-row-column-wrap > .kadence-column1291_36bff1-bd{align-self:center;}.kt-inner-column-height-full:not(.kt-has-1-columns) > .wp-block-kadence-column.kadence-column1291_36bff1-bd{align-self:auto;}.kt-inner-column-height-full:not(.kt-has-1-columns) > .wp-block-kadence-column.kadence-column1291_36bff1-bd > .kt-inside-inner-col{flex-direction:column;justify-content:center;}.kadence-column1291_36bff1-bd > .kt-inside-inner-col:before{opacity:0.3;}.kadence-column1291_36bff1-bd{position:relative;}@media all and (max-width: 1024px){.kt-row-column-wrap > .kadence-column1291_36bff1-bd{align-self:center;}}@media all and (max-width: 1024px){.kt-inner-column-height-full:not(.kt-has-1-columns) > .wp-block-kadence-column.kadence-column1291_36bff1-bd{align-self:auto;}}@media all and (max-width: 1024px){.kt-inner-column-height-full:not(.kt-has-1-columns) > .wp-block-kadence-column.kadence-column1291_36bff1-bd > .kt-inside-inner-col{flex-direction:column;justify-content:center;}}@media all and (max-width: 1024px){.kadence-column1291_36bff1-bd > .kt-inside-inner-col{flex-direction:column;justify-content:center;}}@media all and (max-width: 767px){.kt-row-column-wrap > .kadence-column1291_36bff1-bd{align-self:center;}.kt-inner-column-height-full:not(.kt-has-1-columns) > .wp-block-kadence-column.kadence-column1291_36bff1-bd{align-self:auto;}.kt-inner-column-height-full:not(.kt-has-1-columns) > .wp-block-kadence-column.kadence-column1291_36bff1-bd > .kt-inside-inner-col{flex-direction:column;justify-content:center;}.kadence-column1291_36bff1-bd > .kt-inside-inner-col{flex-direction:column;justify-content:center;}}<\/style>\n<div class=\"wp-block-kadence-column kadence-column1291_36bff1-bd inner-column-1\"><div class=\"kt-inside-inner-col\"><style>.kb-image1291_2a4f5c-66.kb-image-is-ratio-size, .kb-image1291_2a4f5c-66 .kb-image-is-ratio-size{max-width:448px;width:100%;}.wp-block-kadence-column > .kt-inside-inner-col > .kb-image1291_2a4f5c-66.kb-image-is-ratio-size, .wp-block-kadence-column > .kt-inside-inner-col > .kb-image1291_2a4f5c-66 .kb-image-is-ratio-size{align-self:unset;}.kb-image1291_2a4f5c-66 figure{max-width:448px;}.kb-image1291_2a4f5c-66 .image-is-svg, .kb-image1291_2a4f5c-66 .image-is-svg img{width:100%;}.kb-image1291_2a4f5c-66 .kb-image-has-overlay:after{opacity:0.3;}<\/style>\n<div class=\"wp-block-kadence-image kb-image1291_2a4f5c-66\"><figure class=\"aligncenter size-full\"><img decoding=\"async\" width=\"605\" height=\"448\" src=\"https:\/\/www.mtcontainer.com\/pl\/wp-content\/uploads\/sites\/12\/2024\/02\/Domy-kontenerowe.png\" alt=\"\" class=\"kb-img wp-image-1294 skip-lazy kb-skip-lazy\" srcset=\"https:\/\/www.mtcontainer.com\/pl\/wp-content\/uploads\/sites\/12\/2024\/02\/Domy-kontenerowe.png 605w, https:\/\/www.mtcontainer.com\/pl\/wp-content\/uploads\/sites\/12\/2024\/02\/Domy-kontenerowe-300x222.png 300w\" sizes=\"(max-width: 605px) 100vw, 605px\" \/><\/figure><\/div>\n<\/div><\/div>\n\n<\/div><\/div>\n\n<style>.kb-row-layout-wrap.wp-block-kadence-rowlayout.kb-row-layout-id1291_a35722-1e{margin-top:0px;}.kb-row-layout-id1291_a35722-1e > .kt-row-column-wrap{align-content:start;}:where(.kb-row-layout-id1291_a35722-1e > .kt-row-column-wrap) > .wp-block-kadence-column{justify-content:start;}.kb-row-layout-id1291_a35722-1e > .kt-row-column-wrap{column-gap:var(--global-kb-gap-lg, 4rem);row-gap:var(--global-kb-gap-md, 2rem);max-width:var( --global-content-width, 1600px );padding-left:var(--global-content-edge-padding);padding-right:var(--global-content-edge-padding);padding-top:45px;padding-bottom:45px;grid-template-columns:minmax(0, 1fr);}.kb-row-layout-id1291_a35722-1e > .kt-row-layout-overlay{opacity:0.30;}@media all and (max-width: 1024px){.kb-row-layout-id1291_a35722-1e > .kt-row-column-wrap{grid-template-columns:minmax(0, 1fr);}}@media all and (max-width: 767px){.kb-row-layout-id1291_a35722-1e > .kt-row-column-wrap{grid-template-columns:minmax(0, 1fr);}}<\/style><div class=\"kb-row-layout-wrap kb-row-layout-id1291_a35722-1e alignfull has-theme-palette9-background-color kt-row-has-bg wp-block-kadence-rowlayout\"><div class=\"kt-row-column-wrap kt-has-1-columns kt-row-layout-equal kt-tab-layout-inherit kt-mobile-layout-row kt-row-valign-top kb-theme-content-width\">\n<style>.kadence-column1291_5c22a5-99 > .kt-inside-inner-col,.kadence-column1291_5c22a5-99 > .kt-inside-inner-col:before{border-top-left-radius:0px;border-top-right-radius:0px;border-bottom-right-radius:0px;border-bottom-left-radius:0px;}.kadence-column1291_5c22a5-99 > .kt-inside-inner-col{column-gap:var(--global-kb-gap-sm, 1rem);}.kadence-column1291_5c22a5-99 > .kt-inside-inner-col{flex-direction:column;}.kadence-column1291_5c22a5-99 > .kt-inside-inner-col > .aligncenter{width:100%;}.kadence-column1291_5c22a5-99 > .kt-inside-inner-col:before{opacity:0.3;}.kadence-column1291_5c22a5-99{position:relative;}@media all and (max-width: 1024px){.kadence-column1291_5c22a5-99 > .kt-inside-inner-col{flex-direction:column;justify-content:center;}}@media all and (max-width: 767px){.kadence-column1291_5c22a5-99 > .kt-inside-inner-col{flex-direction:column;justify-content:center;}}<\/style>\n<div class=\"wp-block-kadence-column kadence-column1291_5c22a5-99 inner-column-2\" id=\"content\"><div class=\"kt-inside-inner-col\"><style>.wp-block-kadence-advancedheading.kt-adv-heading1291_85caea-0c, .wp-block-kadence-advancedheading.kt-adv-heading1291_85caea-0c[data-kb-block=\"kb-adv-heading1291_85caea-0c\"]{padding-top:0px;margin-top:0px;font-style:normal;color:#00187c;}.wp-block-kadence-advancedheading.kt-adv-heading1291_85caea-0c mark.kt-highlight, .wp-block-kadence-advancedheading.kt-adv-heading1291_85caea-0c[data-kb-block=\"kb-adv-heading1291_85caea-0c\"] mark.kt-highlight{font-style:normal;color:#f76a0c;-webkit-box-decoration-break:clone;box-decoration-break:clone;padding-top:0px;padding-right:0px;padding-bottom:0px;padding-left:0px;}.wp-block-kadence-advancedheading.kt-adv-heading1291_85caea-0c img.kb-inline-image, .wp-block-kadence-advancedheading.kt-adv-heading1291_85caea-0c[data-kb-block=\"kb-adv-heading1291_85caea-0c\"] img.kb-inline-image{width:150px;vertical-align:baseline;}<\/style>\n<h2 class=\"kt-adv-heading1291_85caea-0c wp-block-kadence-advancedheading\" data-kb-block=\"kb-adv-heading1291_85caea-0c\">MO\u017bLIWO\u015aCI BUDOWY Z KONTENER\u00d3W MORSKICH<\/h2>\n\n\n\n<p>Z po\u0142\u0105czenia pojedynczych kontener\u00f3w mo\u017cna r\u00f3wnie\u017c stworzy\u0107 wi\u0119ksze powierzchnie. Mo\u017cliwe jest wbudowanie okien, klap i dodatkowych drzwi, jak r\u00f3wnie\u017c \u015bcian dzia\u0142owych do wydzielenia pomieszcze\u0144.<\/p>\n\n\n\n<p>Specjalnie przebudowane kontenery mog\u0105 zosta\u0107 u\u017cyte np. do sk\u0142adowania opon, jako kontenery biurowe, sanitarne, warsztaty, przechowalnie sprz\u0119tu lub jako os\u0142ona dla agregat\u00f3w czy rozdzielnic.<\/p>\n\n\n\n<p>Dodatkowe elementy wyposa\u017cenia kontener\u00f3w specjalnych to m.in.: podw\u00f3jna pod\u0142oga, zbiorniki do przechowywania p\u0142yn\u00f3w, kratki wentylacyjne jak r\u00f3wnie\u017c elektryka. Na \u017cyczenie montujemy rega\u0142y i inne niezb\u0119dne wyposa\u017cenie.<\/p>\n\n\n\n<p>Nasz\u0105 specjalno\u015bci\u0105 jest przebudowa i konserwacja kontener\u00f3w ch\u0142odniczych. Je\u015bli jest taka potrzeba, ca\u0142kowicie odnawiamy technik\u0119 ch\u0142odzenia i fachowo zajmujemy si\u0119 izolacj\u0105 ciepln\u0105, r\u00f3wnie\u017c w kontenerach izotermicznych.<\/p>\n\n\n\n<p>MT Container GmbH jest wiarygodnym partnerem. Je\u015bli potrzebujesz dokona\u0107 przebudowy kontenera \u2013 niezale\u017cnie od tego, czy chodzi o kontener morski czy ch\u0142odniczy- zrobimy to dla Ciebie.<\/p>\n\n\n\n<p>Przed dokonaniem zmian musimy wiedzie\u0107, czy po przebudowie kontener nadal powinien posiada\u0107 wa\u017cn\u0105 plakietk\u0119 CSC niezb\u0119dn\u0105 do transportu l\u0105dowego i\/lub morskiego. W przypadku pyta\u0144 skontaktuj si\u0119 z naszym dzia\u0142em technicznym.<\/p>\n\n\n\n<p>Skontaktuj si\u0119 z nami za pomoc\u0105&nbsp;<a href=\"mailto:info@mt-container.de\">e-mail&nbsp;<\/a>\u2013 szczeg\u00f3\u0142owo doradzimy!<\/p>\n\n\n<style>.wp-block-kadence-advancedbtn.kb-btns1291_882c97-ed{gap:var(--global-kb-gap-xs, 0.5rem );justify-content:flex-start;align-items:center;}.kt-btns1291_882c97-ed .kt-button{font-weight:normal;font-style:normal;}.kt-btns1291_882c97-ed .kt-btn-wrap-0{margin-right:5px;}.wp-block-kadence-advancedbtn.kt-btns1291_882c97-ed .kt-btn-wrap-0 .kt-button{color:#555555;border-color:#555555;}.wp-block-kadence-advancedbtn.kt-btns1291_882c97-ed .kt-btn-wrap-0 .kt-button:hover, .wp-block-kadence-advancedbtn.kt-btns1291_882c97-ed .kt-btn-wrap-0 .kt-button:focus{color:#ffffff;border-color:#444444;}.wp-block-kadence-advancedbtn.kt-btns1291_882c97-ed .kt-btn-wrap-0 .kt-button::before{display:none;}.wp-block-kadence-advancedbtn.kt-btns1291_882c97-ed .kt-btn-wrap-0 .kt-button:hover, .wp-block-kadence-advancedbtn.kt-btns1291_882c97-ed .kt-btn-wrap-0 .kt-button:focus{background:#444444;}<\/style>\n<div class=\"wp-block-kadence-advancedbtn kb-buttons-wrap kb-btns1291_882c97-ed\"><style>ul.menu .wp-block-kadence-advancedbtn .kb-btn1291_ebc385-6e.kb-button{width:initial;}.wp-block-kadence-advancedbtn .kb-btn1291_ebc385-6e.kb-button{color:#00187c;background:#ffe783;border-top-left-radius:0px;border-top-right-radius:0px;border-bottom-right-radius:0px;border-bottom-left-radius:0px;border-top:2px solid #ffe783;border-right:2px solid #ffe783;border-bottom:2px solid #ffe783;border-left:2px solid #ffe783;}.wp-block-kadence-advancedbtn .kb-btn1291_ebc385-6e.kb-button:hover, .wp-block-kadence-advancedbtn .kb-btn1291_ebc385-6e.kb-button:focus{background:var(--global-palette9, #ffffff);border-top-left-radius:0px;border-top-right-radius:0px;border-bottom-right-radius:0px;border-bottom-left-radius:0px;border-top:2px solid var(--global-palette2, #2B6CB0);border-right:2px solid var(--global-palette2, #2B6CB0);border-bottom:2px solid var(--global-palette2, #2B6CB0);border-left:2px solid var(--global-palette2, #2B6CB0);}@media all and (max-width: 1024px){.wp-block-kadence-advancedbtn .kb-btn1291_ebc385-6e.kb-button{border-top:2px solid #ffe783;border-right:2px solid #ffe783;border-bottom:2px solid #ffe783;border-left:2px solid #ffe783;}}@media all and (max-width: 1024px){.wp-block-kadence-advancedbtn .kb-btn1291_ebc385-6e.kb-button:hover, .wp-block-kadence-advancedbtn .kb-btn1291_ebc385-6e.kb-button:focus{border-top:2px solid var(--global-palette2, #2B6CB0);border-right:2px solid var(--global-palette2, #2B6CB0);border-bottom:2px solid var(--global-palette2, #2B6CB0);border-left:2px solid var(--global-palette2, #2B6CB0);}}@media all and (max-width: 767px){.wp-block-kadence-advancedbtn .kb-btn1291_ebc385-6e.kb-button{border-top:2px solid #ffe783;border-right:2px solid #ffe783;border-bottom:2px solid #ffe783;border-left:2px solid #ffe783;}.wp-block-kadence-advancedbtn .kb-btn1291_ebc385-6e.kb-button:hover, .wp-block-kadence-advancedbtn .kb-btn1291_ebc385-6e.kb-button:focus{border-top:2px solid var(--global-palette2, #2B6CB0);border-right:2px solid var(--global-palette2, #2B6CB0);border-bottom:2px solid var(--global-palette2, #2B6CB0);border-left:2px solid var(--global-palette2, #2B6CB0);}}<\/style><a class=\"kb-button kt-button button kb-btn1291_ebc385-6e kt-btn-size-standard kt-btn-width-type-auto kb-btn-global-fill  kt-btn-has-text-true kt-btn-has-svg-true  wp-block-kadence-singlebtn\" href=\"\/contact\"><span class=\"kt-btn-inner-text\">Kontakt<\/span><span class=\"kb-svg-icon-wrap kb-svg-icon-fe_arrowRight kt-btn-icon-side-right\"><svg viewBox=\"0 0 24 24\"  fill=\"none\" stroke=\"currentColor\" stroke-width=\"2\" stroke-linecap=\"round\" stroke-linejoin=\"round\" xmlns=\"http:\/\/www.w3.org\/2000\/svg\"  aria-hidden=\"true\"><line x1=\"5\" y1=\"12\" x2=\"19\" y2=\"12\"\/><polyline points=\"12 5 19 12 12 19\"\/><\/svg><\/span><\/a><\/div>\n<\/div><\/div>\n\n<\/div><\/div>","protected":false},"excerpt":{"rendered":"<p>Domy kontenerowe Z dobrze zachowanych kontener\u00f3w u\u017cywanych mog\u0105 powsta\u0107 wygodne kontenery biurowe a z kontener\u00f3w frachtowych, mini-domy. MO\u017bLIWO\u015aCI BUDOWY Z KONTENER\u00d3W MORSKICH Z po\u0142\u0105czenia pojedynczych kontener\u00f3w mo\u017cna r\u00f3wnie\u017c stworzy\u0107 wi\u0119ksze powierzchnie. Mo\u017cliwe jest wbudowanie okien, klap i dodatkowych drzwi, jak r\u00f3wnie\u017c \u015bcian dzia\u0142owych do wydzielenia pomieszcze\u0144. Specjalnie przebudowane kontenery mog\u0105 zosta\u0107 u\u017cyte np. do sk\u0142adowania&#8230;<\/p>\n","protected":false},"author":7,"featured_media":0,"parent":1368,"menu_order":0,"comment_status":"closed","ping_status":"closed","template":"","meta":{"_acf_changed":false,"_kad_blocks_custom_css":"","_kad_blocks_head_custom_js":"","_kad_blocks_body_custom_js":"","_kad_blocks_footer_custom_js":"","_kad_post_transparent":"","_kad_post_title":"","_kad_post_layout":"","_kad_post_sidebar_id":"","_kad_post_content_style":"","_kad_post_vertical_padding":"","_kad_post_feature":"","_kad_post_feature_position":"","_kad_post_header":false,"_kad_post_footer":false,"_kad_post_classname":"","footnotes":""},"class_list":["post-1291","page","type-page","status-publish","hentry"],"acf":[],"taxonomy_info":[],"featured_image_src_large":false,"author_info":{"display_name":"marlon","author_link":"https:\/\/www.mtcontainer.com\/pl\/author\/marlon\/"},"comment_info":0,"_links":{"self":[{"href":"https:\/\/www.mtcontainer.com\/pl\/wp-json\/wp\/v2\/pages\/1291","targetHints":{"allow":["GET"]}}],"collection":[{"href":"https:\/\/www.mtcontainer.com\/pl\/wp-json\/wp\/v2\/pages"}],"about":[{"href":"https:\/\/www.mtcontainer.com\/pl\/wp-json\/wp\/v2\/types\/page"}],"author":[{"embeddable":true,"href":"https:\/\/www.mtcontainer.com\/pl\/wp-json\/wp\/v2\/users\/7"}],"replies":[{"embeddable":true,"href":"https:\/\/www.mtcontainer.com\/pl\/wp-json\/wp\/v2\/comments?post=1291"}],"version-history":[{"count":2,"href":"https:\/\/www.mtcontainer.com\/pl\/wp-json\/wp\/v2\/pages\/1291\/revisions"}],"predecessor-version":[{"id":1295,"href":"https:\/\/www.mtcontainer.com\/pl\/wp-json\/wp\/v2\/pages\/1291\/revisions\/1295"}],"up":[{"embeddable":true,"href":"https:\/\/www.mtcontainer.com\/pl\/wp-json\/wp\/v2\/pages\/1368"}],"wp:attachment":[{"href":"https:\/\/www.mtcontainer.com\/pl\/wp-json\/wp\/v2\/media?parent=1291"}],"curies":[{"name":"wp","href":"https:\/\/api.w.org\/{rel}","templated":true}]}}