{"id":1288,"date":"2024-02-29T23:37:14","date_gmt":"2024-02-29T22:37:14","guid":{"rendered":"https:\/\/www.mtcontainer.com\/pl\/?page_id=1288"},"modified":"2024-03-01T15:09:43","modified_gmt":"2024-03-01T14:09:43","slug":"kontenery-magazynowe","status":"publish","type":"page","link":"https:\/\/www.mtcontainer.com\/pl\/kontenery-magazynowe\/","title":{"rendered":"Kontenery Magazynowe"},"content":{"rendered":"<style>.kb-row-layout-id1288_ec0208-a4 > .kt-row-column-wrap{align-content:center;}:where(.kb-row-layout-id1288_ec0208-a4 > .kt-row-column-wrap) > .wp-block-kadence-column{justify-content:center;}.kb-row-layout-id1288_ec0208-a4 > .kt-row-column-wrap{column-gap:var(--global-kb-gap-md, 2rem);row-gap:var(--global-kb-gap-md, 2rem);max-width:var( --global-content-width, 1600px );padding-left:var(--global-content-edge-padding);padding-right:var(--global-content-edge-padding);padding-top:50px;padding-bottom:50px;grid-template-columns:minmax(0, calc(55% - ((var(--global-kb-gap-md, 2rem) * 1 )\/2)))minmax(0, calc(45% - ((var(--global-kb-gap-md, 2rem) * 1 )\/2)));}.kb-row-layout-id1288_ec0208-a4{background-color:#f7fafc;}.kb-row-layout-id1288_ec0208-a4 > .kt-row-layout-overlay{opacity:0.30;}@media all and (max-width: 1024px){.kb-row-layout-id1288_ec0208-a4 > .kt-row-column-wrap{padding-top:0px;grid-template-columns:minmax(0, 1fr);}}@media all and (max-width: 767px){.kb-row-layout-id1288_ec0208-a4 > .kt-row-column-wrap{padding-bottom:51px;grid-template-columns:minmax(0, 1fr);}}<\/style><div class=\"kb-row-layout-wrap kb-row-layout-id1288_ec0208-a4 alignfull kt-row-has-bg wp-block-kadence-rowlayout\" id=\"hero\"><div class=\"kt-row-column-wrap kt-has-2-columns kt-row-layout-equal kt-tab-layout-row kt-mobile-layout-row kt-row-valign-middle kb-theme-content-width\">\n<style>.kadence-column1288_f94b6e-a8 > .kt-inside-inner-col{padding-top:var(--global-kb-spacing-md, 2rem);padding-right:var(--global-kb-spacing-md, 2rem);padding-bottom:var(--global-kb-spacing-md, 2rem);padding-left:var(--global-kb-spacing-md, 2rem);}.kadence-column1288_f94b6e-a8 > .kt-inside-inner-col,.kadence-column1288_f94b6e-a8 > .kt-inside-inner-col:before{border-top-left-radius:0px;border-top-right-radius:0px;border-bottom-right-radius:0px;border-bottom-left-radius:0px;}.kadence-column1288_f94b6e-a8 > .kt-inside-inner-col{column-gap:var(--global-kb-gap-sm, 1rem);}.kadence-column1288_f94b6e-a8 > .kt-inside-inner-col{flex-direction:column;}.kadence-column1288_f94b6e-a8 > .kt-inside-inner-col > .aligncenter{width:100%;}.kadence-column1288_f94b6e-a8 > .kt-inside-inner-col:before{opacity:0.5;background-color:var(--global-palette9, #ffffff);}.kadence-column1288_f94b6e-a8{position:relative;}@media all and (max-width: 1024px){.kadence-column1288_f94b6e-a8 > .kt-inside-inner-col{flex-direction:column;justify-content:center;}}@media all and (max-width: 767px){.kadence-column1288_f94b6e-a8 > .kt-inside-inner-col{flex-direction:column;justify-content:center;}}<\/style>\n<div class=\"wp-block-kadence-column kadence-column1288_f94b6e-a8 kb-section-has-overlay inner-column-2\"><div class=\"kt-inside-inner-col\"><style>.wp-block-kadence-advancedheading.kt-adv-heading1288_fda572-5e, .wp-block-kadence-advancedheading.kt-adv-heading1288_fda572-5e[data-kb-block=\"kb-adv-heading1288_fda572-5e\"]{font-size:var(--global-kb-font-size-xl, 3rem);font-style:normal;color:#00187c;}.wp-block-kadence-advancedheading.kt-adv-heading1288_fda572-5e mark.kt-highlight, .wp-block-kadence-advancedheading.kt-adv-heading1288_fda572-5e[data-kb-block=\"kb-adv-heading1288_fda572-5e\"] mark.kt-highlight{font-style:normal;color:#f76a0c;-webkit-box-decoration-break:clone;box-decoration-break:clone;padding-top:0px;padding-right:0px;padding-bottom:0px;padding-left:0px;}.wp-block-kadence-advancedheading.kt-adv-heading1288_fda572-5e img.kb-inline-image, .wp-block-kadence-advancedheading.kt-adv-heading1288_fda572-5e[data-kb-block=\"kb-adv-heading1288_fda572-5e\"] img.kb-inline-image{width:150px;vertical-align:baseline;}@media all and (max-width: 767px){.wp-block-kadence-advancedheading.kt-adv-heading1288_fda572-5e, .wp-block-kadence-advancedheading.kt-adv-heading1288_fda572-5e[data-kb-block=\"kb-adv-heading1288_fda572-5e\"]{font-size:var(--global-kb-font-size-lg, 2rem);}}<\/style>\n<h1 class=\"kt-adv-heading1288_fda572-5e wp-block-kadence-advancedheading\" data-kb-block=\"kb-adv-heading1288_fda572-5e\">Kontenery Magazynowe<\/h1>\n\n\n\n<p>Kontenery magazynowe to przede wszystkim niskobu\u017cetowe, elastyczne rozwi\u0105zanie w przypadku kr\u00f3tko- lub d\u0142ugoterminowego zapotrzebowania na dodatkow\u0105 powierzchni\u0119 magazynow\u0105.<\/p>\n\n\n<style>.wp-block-kadence-advancedbtn.kb-btns1288_f55050-62{gap:var(--global-kb-gap-xs, 0.5rem );justify-content:flex-start;align-items:center;}.kt-btns1288_f55050-62 .kt-button{font-weight:normal;font-style:normal;}<\/style>\n<div class=\"wp-block-kadence-advancedbtn kb-buttons-wrap kb-btns1288_f55050-62\"><style>ul.menu .wp-block-kadence-advancedbtn .kb-btn1288_a3a462-82.kb-button{width:initial;}.wp-block-kadence-advancedbtn .kb-btn1288_a3a462-82.kb-button{color:#00187c;background:#ffe783;border-top-left-radius:0px;border-top-right-radius:0px;border-bottom-right-radius:0px;border-bottom-left-radius:0px;border-top:0px solid;border-right:0px solid;border-bottom:0px solid;border-left:0px solid;}@media all and (max-width: 1024px){.wp-block-kadence-advancedbtn .kb-btn1288_a3a462-82.kb-button{border-top:0px solid;border-right:0px solid;border-bottom:0px solid;border-left:0px solid;}}@media all and (max-width: 767px){.wp-block-kadence-advancedbtn .kb-btn1288_a3a462-82.kb-button{font-size:var(--global-kb-font-size-md, 1.25rem);border-top:0px solid;border-right:0px solid;border-bottom:0px solid;border-left:0px solid;}}<\/style><a class=\"kb-button kt-button button kb-btn1288_a3a462-82 kt-btn-size-standard kt-btn-width-type-auto kb-btn-global-inherit  kt-btn-has-text-true kt-btn-has-svg-false  wp-block-button__link wp-block-kadence-singlebtn\" href=\"https:\/\/www.mtcontainer.com\/containershop\/type-storage-container\/to-buy\/\"><span class=\"kt-btn-inner-text\">Kupowa\u0107 Kontenery [EN]<\/span><\/a><\/div>\n\n\n\n<p>Sklep jest w j\u0119zyku <strong>angielskim<\/strong>, ale zapraszamy do zadawania pyta\u0144 w j\u0119zyku polskim.<\/p>\n<\/div><\/div>\n\n\n<style>.kadence-column1288_afebdd-21 > .kt-inside-inner-col{display:flex;}.kadence-column1288_afebdd-21 > .kt-inside-inner-col,.kadence-column1288_afebdd-21 > .kt-inside-inner-col:before{border-top-left-radius:0px;border-top-right-radius:0px;border-bottom-right-radius:0px;border-bottom-left-radius:0px;}.kadence-column1288_afebdd-21 > .kt-inside-inner-col{column-gap:var(--global-kb-gap-sm, 1rem);}.kadence-column1288_afebdd-21 > .kt-inside-inner-col{flex-direction:column;justify-content:center;}.kadence-column1288_afebdd-21 > .kt-inside-inner-col > .aligncenter{width:100%;}.kt-row-column-wrap > .kadence-column1288_afebdd-21{align-self:center;}.kt-inner-column-height-full:not(.kt-has-1-columns) > .wp-block-kadence-column.kadence-column1288_afebdd-21{align-self:auto;}.kt-inner-column-height-full:not(.kt-has-1-columns) > .wp-block-kadence-column.kadence-column1288_afebdd-21 > .kt-inside-inner-col{flex-direction:column;justify-content:center;}.kadence-column1288_afebdd-21 > .kt-inside-inner-col:before{opacity:0.3;}.kadence-column1288_afebdd-21{position:relative;}@media all and (max-width: 1024px){.kt-row-column-wrap > .kadence-column1288_afebdd-21{align-self:center;}}@media all and (max-width: 1024px){.kt-inner-column-height-full:not(.kt-has-1-columns) > .wp-block-kadence-column.kadence-column1288_afebdd-21{align-self:auto;}}@media all and (max-width: 1024px){.kt-inner-column-height-full:not(.kt-has-1-columns) > .wp-block-kadence-column.kadence-column1288_afebdd-21 > .kt-inside-inner-col{flex-direction:column;justify-content:center;}}@media all and (max-width: 1024px){.kadence-column1288_afebdd-21 > .kt-inside-inner-col{flex-direction:column;justify-content:center;}}@media all and (max-width: 767px){.kt-row-column-wrap > .kadence-column1288_afebdd-21{align-self:center;}.kt-inner-column-height-full:not(.kt-has-1-columns) > .wp-block-kadence-column.kadence-column1288_afebdd-21{align-self:auto;}.kt-inner-column-height-full:not(.kt-has-1-columns) > .wp-block-kadence-column.kadence-column1288_afebdd-21 > .kt-inside-inner-col{flex-direction:column;justify-content:center;}.kadence-column1288_afebdd-21 > .kt-inside-inner-col{flex-direction:column;justify-content:center;}}<\/style>\n<div class=\"wp-block-kadence-column kadence-column1288_afebdd-21 inner-column-1\"><div class=\"kt-inside-inner-col\"><style>.kb-image1288_68c9c3-c9.kb-image-is-ratio-size, .kb-image1288_68c9c3-c9 .kb-image-is-ratio-size{max-width:448px;width:100%;}.wp-block-kadence-column > .kt-inside-inner-col > .kb-image1288_68c9c3-c9.kb-image-is-ratio-size, .wp-block-kadence-column > .kt-inside-inner-col > .kb-image1288_68c9c3-c9 .kb-image-is-ratio-size{align-self:unset;}.kb-image1288_68c9c3-c9 figure{max-width:448px;}.kb-image1288_68c9c3-c9 .image-is-svg, .kb-image1288_68c9c3-c9 .image-is-svg img{width:100%;}.kb-image1288_68c9c3-c9 .kb-image-has-overlay:after{opacity:0.3;}<\/style>\n<div class=\"wp-block-kadence-image kb-image1288_68c9c3-c9\"><figure class=\"aligncenter size-full\"><img decoding=\"async\" width=\"605\" height=\"448\" src=\"https:\/\/www.mtcontainer.com\/pl\/wp-content\/uploads\/sites\/12\/2024\/02\/Kontenery-Magazynowe.png\" alt=\"\" class=\"kb-img wp-image-1289 skip-lazy kb-skip-lazy\" srcset=\"https:\/\/www.mtcontainer.com\/pl\/wp-content\/uploads\/sites\/12\/2024\/02\/Kontenery-Magazynowe.png 605w, https:\/\/www.mtcontainer.com\/pl\/wp-content\/uploads\/sites\/12\/2024\/02\/Kontenery-Magazynowe-300x222.png 300w\" sizes=\"(max-width: 605px) 100vw, 605px\" \/><\/figure><\/div>\n<\/div><\/div>\n\n<\/div><\/div>\n\n<style>.kb-row-layout-wrap.wp-block-kadence-rowlayout.kb-row-layout-id1288_874277-09{margin-top:0px;}.kb-row-layout-id1288_874277-09 > .kt-row-column-wrap{align-content:start;}:where(.kb-row-layout-id1288_874277-09 > .kt-row-column-wrap) > .wp-block-kadence-column{justify-content:start;}.kb-row-layout-id1288_874277-09 > .kt-row-column-wrap{column-gap:var(--global-kb-gap-lg, 4rem);row-gap:var(--global-kb-gap-md, 2rem);max-width:var( --global-content-width, 1600px );padding-left:var(--global-content-edge-padding);padding-right:var(--global-content-edge-padding);padding-top:45px;padding-bottom:45px;grid-template-columns:minmax(0, 1fr);}.kb-row-layout-id1288_874277-09 > .kt-row-layout-overlay{opacity:0.30;}@media all and (max-width: 1024px){.kb-row-layout-id1288_874277-09 > .kt-row-column-wrap{grid-template-columns:minmax(0, 1fr);}}@media all and (max-width: 767px){.kb-row-layout-id1288_874277-09 > .kt-row-column-wrap{grid-template-columns:minmax(0, 1fr);}}<\/style><div class=\"kb-row-layout-wrap kb-row-layout-id1288_874277-09 alignfull has-theme-palette9-background-color kt-row-has-bg wp-block-kadence-rowlayout\"><div class=\"kt-row-column-wrap kt-has-1-columns kt-row-layout-equal kt-tab-layout-inherit kt-mobile-layout-row kt-row-valign-top kb-theme-content-width\">\n<style>.kadence-column1288_ee21c6-d7 > .kt-inside-inner-col,.kadence-column1288_ee21c6-d7 > .kt-inside-inner-col:before{border-top-left-radius:0px;border-top-right-radius:0px;border-bottom-right-radius:0px;border-bottom-left-radius:0px;}.kadence-column1288_ee21c6-d7 > .kt-inside-inner-col{column-gap:var(--global-kb-gap-sm, 1rem);}.kadence-column1288_ee21c6-d7 > .kt-inside-inner-col{flex-direction:column;}.kadence-column1288_ee21c6-d7 > .kt-inside-inner-col > .aligncenter{width:100%;}.kadence-column1288_ee21c6-d7 > .kt-inside-inner-col:before{opacity:0.3;}.kadence-column1288_ee21c6-d7{position:relative;}@media all and (max-width: 1024px){.kadence-column1288_ee21c6-d7 > .kt-inside-inner-col{flex-direction:column;justify-content:center;}}@media all and (max-width: 767px){.kadence-column1288_ee21c6-d7 > .kt-inside-inner-col{flex-direction:column;justify-content:center;}}<\/style>\n<div class=\"wp-block-kadence-column kadence-column1288_ee21c6-d7 inner-column-2\" id=\"content\"><div class=\"kt-inside-inner-col\"><style>.wp-block-kadence-advancedheading.kt-adv-heading1288_32ea02-dc, .wp-block-kadence-advancedheading.kt-adv-heading1288_32ea02-dc[data-kb-block=\"kb-adv-heading1288_32ea02-dc\"]{padding-top:0px;margin-top:0px;font-style:normal;color:#00187c;}.wp-block-kadence-advancedheading.kt-adv-heading1288_32ea02-dc mark.kt-highlight, .wp-block-kadence-advancedheading.kt-adv-heading1288_32ea02-dc[data-kb-block=\"kb-adv-heading1288_32ea02-dc\"] mark.kt-highlight{font-style:normal;color:#f76a0c;-webkit-box-decoration-break:clone;box-decoration-break:clone;padding-top:0px;padding-right:0px;padding-bottom:0px;padding-left:0px;}.wp-block-kadence-advancedheading.kt-adv-heading1288_32ea02-dc img.kb-inline-image, .wp-block-kadence-advancedheading.kt-adv-heading1288_32ea02-dc[data-kb-block=\"kb-adv-heading1288_32ea02-dc\"] img.kb-inline-image{width:150px;vertical-align:baseline;}<\/style>\n<h2 class=\"kt-adv-heading1288_32ea02-dc wp-block-kadence-advancedheading\" data-kb-block=\"kb-adv-heading1288_32ea02-dc\">ZALETY KONTENER\u00d3W MAGAZYNOWYCH<\/h2>\n\n\n\n<p>W kontenerach magazynowych mo\u017cna, niezale\u017cnie od warunk\u00f3w atmosferycznych, bezpiecznie sk\u0142adowa\u0107 towary, narz\u0119dzia i wszelkie inne materia\u0142y, chroni\u0105c je przed kradzie\u017c\u0105 i wandalizmem.<\/p>\n\n\n\n<p>Du\u017c\u0105 zalet\u0105 rozwi\u0105zania kontenerowego jest r\u00f3wnie\u017c jego mobilno\u015b\u0107. Kontenery magazynowe mo\u017cna wykorzysta\u0107 wsz\u0119dzie tam, gdzie s\u0105 aktuanie potrzebne \u2013 na terenie przedsi\u0119biorstwa, na budowie lub podczas imprez. Sk\u0142adowane w nich towary mog\u0105 zosta\u0107 od razu przetransportowane. U\u017cywane kontenery morskie, kt\u00f3re cz\u0119sto funkcjonuj\u0105 jako kontenery magazynowe, mog\u0105 by\u0107 dzi\u0119ki swoim standardowym wymiarom (20 st\u00f3p lub 40 st\u00f3p) transportowane r\u00f3\u017cnymi \u015brodkami lokomocji \u2013 kolej\u0105, samochodem ci\u0119\u017carowym lub drog\u0105 morsk\u0105.<\/p>\n\n\n\n<p>Kontenery magazynowe to te\u017c dobry wyb\u00f3r je\u015bli chodzi o kwesti\u0119 koszt\u00f3w, gdy\u017c redukuj\u0105 dodatkowe nak\u0142ady utrzymywania drogiej powierzchni magazynowej w budynkach. Wa\u017cne, aby w takim przypadku otrzyma\u0107 odpowiednie pozwolenia lokalnych w\u0142adz, je\u015bli s\u0105 one wymagane.<\/p>\n\n\n\n<p>Kontenery magazynowe maj\u0105 szerokie zastosowanie w obszarze przemys\u0142owym. W kontenerze do sk\u0142adowania opon mo\u017cna m.in. przechowywa\u0107 aktualnie nieu\u017cywane opony dla ca\u0142ej floty firmowej. Kontenery idealnie nadaj\u0105 si\u0119 r\u00f3wnie\u017c do sk\u0142adowania towar\u00f3w z nadprodukcji lub tych przeznaczonych do sezonowej sprzeda\u017cy (np. w Bo\u017ce Narodzenie). W sektorze prywatnym maj\u0105 r\u00f3wnie\u017c swoje zastosowanie, np. jako idealny gara\u017c dla motocykli. Podczas prac remontowych w budynkach, mo\u017cna u\u017cytkowa\u0107 kontenery magazynowe do przechowania mebli i innych przedmiot\u00f3w.<\/p>\n\n\n<style>.wp-block-kadence-spacer.kt-block-spacer-1288_f22ded-de .kt-block-spacer{height:36px;}.wp-block-kadence-spacer.kt-block-spacer-1288_f22ded-de .kt-divider{border-top-width:2px;border-top-color:#00187c;width:80%;border-top-style:solid;}<\/style>\n<div class=\"wp-block-kadence-spacer aligncenter kt-block-spacer-1288_f22ded-de\"><div class=\"kt-block-spacer kt-block-spacer-halign-center\"><hr class=\"kt-divider\"\/><\/div><\/div>\n\n\n<style>.wp-block-kadence-advancedheading.kt-adv-heading1288_dcad82-1a, .wp-block-kadence-advancedheading.kt-adv-heading1288_dcad82-1a[data-kb-block=\"kb-adv-heading1288_dcad82-1a\"]{padding-top:0px;margin-top:0px;font-style:normal;color:#00187c;}.wp-block-kadence-advancedheading.kt-adv-heading1288_dcad82-1a mark.kt-highlight, .wp-block-kadence-advancedheading.kt-adv-heading1288_dcad82-1a[data-kb-block=\"kb-adv-heading1288_dcad82-1a\"] mark.kt-highlight{font-style:normal;color:#f76a0c;-webkit-box-decoration-break:clone;box-decoration-break:clone;padding-top:0px;padding-right:0px;padding-bottom:0px;padding-left:0px;}.wp-block-kadence-advancedheading.kt-adv-heading1288_dcad82-1a img.kb-inline-image, .wp-block-kadence-advancedheading.kt-adv-heading1288_dcad82-1a[data-kb-block=\"kb-adv-heading1288_dcad82-1a\"] img.kb-inline-image{width:150px;vertical-align:baseline;}<\/style>\n<h2 class=\"kt-adv-heading1288_dcad82-1a wp-block-kadence-advancedheading\" data-kb-block=\"kb-adv-heading1288_dcad82-1a\">W\u0141A\u015aCIWO\u015aCI KONTENER\u00d3W MAGAZYNOWYCH<\/h2>\n\n\n\n<p>Kontenery magazynowe posiadaj\u0105 stalow\u0105 ram\u0119 oraz drewnian\u0105 pod\u0142og\u0119. S\u0105 wiatro- i wodoodporne przez co doskonale ochraniaj\u0105 towary. Na \u017cyczenie klienta jeste\u015bmy w stanie przemalowa\u0107 kontener na ka\u017cdy kolor znajduj\u0105cy si\u0119 w palecie RAL. Kontener magazynowy posiada pojemno\u015b\u0107 do 10 ton. Istnieje mo\u017cliwo\u015b\u0107 pod\u0142\u0105czenia o\u015bwietlenia i elektryczno\u015bci oraz rozbudowy o rygiel oraz system alarmowy.<\/p>\n\n\n<style>.wp-block-kadence-spacer.kt-block-spacer-1288_1c4892-5c .kt-block-spacer{height:36px;}.wp-block-kadence-spacer.kt-block-spacer-1288_1c4892-5c .kt-divider{border-top-width:2px;border-top-color:#00187c;width:80%;border-top-style:solid;}<\/style>\n<div class=\"wp-block-kadence-spacer aligncenter kt-block-spacer-1288_1c4892-5c\"><div class=\"kt-block-spacer kt-block-spacer-halign-center\"><hr class=\"kt-divider\"\/><\/div><\/div>\n\n\n\n<figure class=\"wp-block-table is-style-regular\"><table class=\"has-theme-palette-3-color has-theme-palette-9-background-color has-text-color has-background has-link-color\"><tbody><tr><td><strong><strong>Typ pojemnika<\/strong><\/strong><\/td><td><strong>Wymiary zewn\u0119trzne<\/strong><\/td><td><strong>Wymiary wewn\u0119trzne<\/strong><\/td><td><strong>Wymiary wewn\u0119trzne drzwi \/ otwarcie drzwi<\/strong><\/td><\/tr><tr><td><strong>10 ST\u00d3P KONTENERY MAGAZYNOWE<\/strong><\/td><td>40st\u00f3p X 8st\u00f3p X 8st\u00f3p 6cali<\/td><td>39st\u00f3p 4cali X 7st\u00f3p 7cali X 7st\u00f3p 8cali<\/td><td>7st\u00f3p 6cali X 7st\u00f3p 4cali<\/td><\/tr><tr><td><strong><strong><strong>20 ST\u00d3P KONTENERY MAGAZYNOWE<\/strong><\/strong><\/strong><\/td><td>40st\u00f3p X 8st\u00f3p X 8st\u00f3p 6cali<\/td><td>39st\u00f3p 4cali X 7st\u00f3p 7cali X 7st\u00f3p 8cali<\/td><td>7st\u00f3p 6cali X 7st\u00f3p 4cali<\/td><\/tr><tr><td><strong>20 ST\u00d3P HIGH CUBE KONTENERY MAGAZYNOWE<\/strong><\/td><td>40st\u00f3p X 8st\u00f3p X 8st\u00f3p 6cali<\/td><td>39st\u00f3p 4cali X 7st\u00f3p 7cali X 7st\u00f3p 8cali<\/td><td>7st\u00f3p 6cali X 7st\u00f3p 4cali<\/td><\/tr><tr><td><strong><strong><strong>40 ST\u00d3P KONTENERY MAGAZYNOWE<\/strong><\/strong><\/strong><\/td><td>40st\u00f3p X 8st\u00f3p X 8st\u00f3p 6cali<\/td><td>39st\u00f3p 4cali X 7st\u00f3p 7cali X 7st\u00f3p 8cali<\/td><td>7st\u00f3p 6cali X 7st\u00f3p 4cali<\/td><\/tr><tr><td><strong>45 ST\u00d3P HIGH CUBE KONTENERY MAGAZYNOWE<\/strong><\/td><td>40st\u00f3p X 8st\u00f3p X 8st\u00f3p 6cali<\/td><td>39st\u00f3p 4cali X 7st\u00f3p 7cali X 7st\u00f3p 8cali<\/td><td>7st\u00f3p 6cali X 7st\u00f3p 4cali<\/td><\/tr><tr><td><strong>40 ST\u00d3P HIGH CUBE KONTENER MAGAZYNOWY<\/strong><\/td><td>40st\u00f3p X 8st\u00f3p X 8st\u00f3p 6cali<\/td><td>39st\u00f3p 4cali X 7st\u00f3p 7cali X 7st\u00f3p 8cali<\/td><td>7st\u00f3p 6cali X 7st\u00f3p 4cali<\/td><\/tr><\/tbody><\/table><\/figure>\n\n\n<style>.wp-block-kadence-advancedbtn.kb-btns1288_6d60d9-ce{gap:var(--global-kb-gap-xs, 0.5rem );justify-content:flex-start;align-items:center;}.kt-btns1288_6d60d9-ce .kt-button{font-weight:normal;font-style:normal;}.kt-btns1288_6d60d9-ce .kt-btn-wrap-0{margin-right:5px;}.wp-block-kadence-advancedbtn.kt-btns1288_6d60d9-ce .kt-btn-wrap-0 .kt-button{color:#555555;border-color:#555555;}.wp-block-kadence-advancedbtn.kt-btns1288_6d60d9-ce .kt-btn-wrap-0 .kt-button:hover, .wp-block-kadence-advancedbtn.kt-btns1288_6d60d9-ce .kt-btn-wrap-0 .kt-button:focus{color:#ffffff;border-color:#444444;}.wp-block-kadence-advancedbtn.kt-btns1288_6d60d9-ce .kt-btn-wrap-0 .kt-button::before{display:none;}.wp-block-kadence-advancedbtn.kt-btns1288_6d60d9-ce .kt-btn-wrap-0 .kt-button:hover, .wp-block-kadence-advancedbtn.kt-btns1288_6d60d9-ce .kt-btn-wrap-0 .kt-button:focus{background:#444444;}<\/style>\n<div class=\"wp-block-kadence-advancedbtn kb-buttons-wrap kb-btns1288_6d60d9-ce\"><style>ul.menu .wp-block-kadence-advancedbtn .kb-btn1288_eb5156-18.kb-button{width:initial;}.wp-block-kadence-advancedbtn .kb-btn1288_eb5156-18.kb-button{color:#00187c;background:#ffe783;border-top-left-radius:0px;border-top-right-radius:0px;border-bottom-right-radius:0px;border-bottom-left-radius:0px;border-top:2px solid #ffe783;border-right:2px solid #ffe783;border-bottom:2px solid #ffe783;border-left:2px solid #ffe783;}.wp-block-kadence-advancedbtn .kb-btn1288_eb5156-18.kb-button:hover, .wp-block-kadence-advancedbtn .kb-btn1288_eb5156-18.kb-button:focus{background:var(--global-palette9, #ffffff);border-top-left-radius:0px;border-top-right-radius:0px;border-bottom-right-radius:0px;border-bottom-left-radius:0px;border-top:2px solid var(--global-palette2, #2B6CB0);border-right:2px solid var(--global-palette2, #2B6CB0);border-bottom:2px solid var(--global-palette2, #2B6CB0);border-left:2px solid var(--global-palette2, #2B6CB0);}@media all and (max-width: 1024px){.wp-block-kadence-advancedbtn .kb-btn1288_eb5156-18.kb-button{border-top:2px solid #ffe783;border-right:2px solid #ffe783;border-bottom:2px solid #ffe783;border-left:2px solid #ffe783;}}@media all and (max-width: 1024px){.wp-block-kadence-advancedbtn .kb-btn1288_eb5156-18.kb-button:hover, .wp-block-kadence-advancedbtn .kb-btn1288_eb5156-18.kb-button:focus{border-top:2px solid var(--global-palette2, #2B6CB0);border-right:2px solid var(--global-palette2, #2B6CB0);border-bottom:2px solid var(--global-palette2, #2B6CB0);border-left:2px solid var(--global-palette2, #2B6CB0);}}@media all and (max-width: 767px){.wp-block-kadence-advancedbtn .kb-btn1288_eb5156-18.kb-button{border-top:2px solid #ffe783;border-right:2px solid #ffe783;border-bottom:2px solid #ffe783;border-left:2px solid #ffe783;}.wp-block-kadence-advancedbtn .kb-btn1288_eb5156-18.kb-button:hover, .wp-block-kadence-advancedbtn .kb-btn1288_eb5156-18.kb-button:focus{border-top:2px solid var(--global-palette2, #2B6CB0);border-right:2px solid var(--global-palette2, #2B6CB0);border-bottom:2px solid var(--global-palette2, #2B6CB0);border-left:2px solid var(--global-palette2, #2B6CB0);}}<\/style><a class=\"kb-button kt-button button kb-btn1288_eb5156-18 kt-btn-size-standard kt-btn-width-type-auto kb-btn-global-fill  kt-btn-has-text-true kt-btn-has-svg-true  wp-block-kadence-singlebtn\" href=\"\/contact\"><span class=\"kt-btn-inner-text\">Kontakt<\/span><span class=\"kb-svg-icon-wrap kb-svg-icon-fe_arrowRight kt-btn-icon-side-right\"><svg viewBox=\"0 0 24 24\"  fill=\"none\" stroke=\"currentColor\" stroke-width=\"2\" stroke-linecap=\"round\" stroke-linejoin=\"round\" xmlns=\"http:\/\/www.w3.org\/2000\/svg\"  aria-hidden=\"true\"><line x1=\"5\" y1=\"12\" x2=\"19\" y2=\"12\"\/><polyline points=\"12 5 19 12 12 19\"\/><\/svg><\/span><\/a><\/div>\n<\/div><\/div>\n\n<\/div><\/div>","protected":false},"excerpt":{"rendered":"<p>Kontenery Magazynowe Kontenery magazynowe to przede wszystkim niskobu\u017cetowe, elastyczne rozwi\u0105zanie w przypadku kr\u00f3tko- lub d\u0142ugoterminowego zapotrzebowania na dodatkow\u0105 powierzchni\u0119 magazynow\u0105. Sklep jest w j\u0119zyku angielskim, ale zapraszamy do zadawania pyta\u0144 w j\u0119zyku polskim. ZALETY KONTENER\u00d3W MAGAZYNOWYCH W kontenerach magazynowych mo\u017cna, niezale\u017cnie od warunk\u00f3w atmosferycznych, bezpiecznie sk\u0142adowa\u0107 towary, narz\u0119dzia i wszelkie inne materia\u0142y, chroni\u0105c je przed&#8230;<\/p>\n","protected":false},"author":7,"featured_media":0,"parent":1368,"menu_order":0,"comment_status":"closed","ping_status":"closed","template":"","meta":{"_acf_changed":false,"_kad_blocks_custom_css":"","_kad_blocks_head_custom_js":"","_kad_blocks_body_custom_js":"","_kad_blocks_footer_custom_js":"","_kad_post_transparent":"","_kad_post_title":"","_kad_post_layout":"","_kad_post_sidebar_id":"","_kad_post_content_style":"","_kad_post_vertical_padding":"","_kad_post_feature":"","_kad_post_feature_position":"","_kad_post_header":false,"_kad_post_footer":false,"_kad_post_classname":"","footnotes":""},"class_list":["post-1288","page","type-page","status-publish","hentry"],"acf":[],"taxonomy_info":[],"featured_image_src_large":false,"author_info":{"display_name":"marlon","author_link":"https:\/\/www.mtcontainer.com\/pl\/author\/marlon\/"},"comment_info":0,"_links":{"self":[{"href":"https:\/\/www.mtcontainer.com\/pl\/wp-json\/wp\/v2\/pages\/1288","targetHints":{"allow":["GET"]}}],"collection":[{"href":"https:\/\/www.mtcontainer.com\/pl\/wp-json\/wp\/v2\/pages"}],"about":[{"href":"https:\/\/www.mtcontainer.com\/pl\/wp-json\/wp\/v2\/types\/page"}],"author":[{"embeddable":true,"href":"https:\/\/www.mtcontainer.com\/pl\/wp-json\/wp\/v2\/users\/7"}],"replies":[{"embeddable":true,"href":"https:\/\/www.mtcontainer.com\/pl\/wp-json\/wp\/v2\/comments?post=1288"}],"version-history":[{"count":1,"href":"https:\/\/www.mtcontainer.com\/pl\/wp-json\/wp\/v2\/pages\/1288\/revisions"}],"predecessor-version":[{"id":1290,"href":"https:\/\/www.mtcontainer.com\/pl\/wp-json\/wp\/v2\/pages\/1288\/revisions\/1290"}],"up":[{"embeddable":true,"href":"https:\/\/www.mtcontainer.com\/pl\/wp-json\/wp\/v2\/pages\/1368"}],"wp:attachment":[{"href":"https:\/\/www.mtcontainer.com\/pl\/wp-json\/wp\/v2\/media?parent=1288"}],"curies":[{"name":"wp","href":"https:\/\/api.w.org\/{rel}","templated":true}]}}