{"id":1285,"date":"2024-02-29T23:28:39","date_gmt":"2024-02-29T22:28:39","guid":{"rendered":"https:\/\/www.mtcontainer.com\/pl\/?page_id=1285"},"modified":"2024-03-01T15:12:55","modified_gmt":"2024-03-01T14:12:55","slug":"kontener-iso","status":"publish","type":"page","link":"https:\/\/www.mtcontainer.com\/pl\/kontener-iso\/","title":{"rendered":"Kontener ISO"},"content":{"rendered":"<style>.kb-row-layout-id1285_73ecd8-de > .kt-row-column-wrap{align-content:center;}:where(.kb-row-layout-id1285_73ecd8-de > .kt-row-column-wrap) > .wp-block-kadence-column{justify-content:center;}.kb-row-layout-id1285_73ecd8-de > .kt-row-column-wrap{column-gap:var(--global-kb-gap-md, 2rem);row-gap:var(--global-kb-gap-md, 2rem);max-width:var( --global-content-width, 1600px );padding-left:var(--global-content-edge-padding);padding-right:var(--global-content-edge-padding);padding-top:50px;padding-bottom:50px;grid-template-columns:minmax(0, calc(55% - ((var(--global-kb-gap-md, 2rem) * 1 )\/2)))minmax(0, calc(45% - ((var(--global-kb-gap-md, 2rem) * 1 )\/2)));}.kb-row-layout-id1285_73ecd8-de{background-color:#f7fafc;}.kb-row-layout-id1285_73ecd8-de > .kt-row-layout-overlay{opacity:0.30;}@media all and (max-width: 1024px){.kb-row-layout-id1285_73ecd8-de > .kt-row-column-wrap{padding-top:0px;grid-template-columns:minmax(0, 1fr);}}@media all and (max-width: 767px){.kb-row-layout-id1285_73ecd8-de > .kt-row-column-wrap{padding-bottom:51px;grid-template-columns:minmax(0, 1fr);}}<\/style><div class=\"kb-row-layout-wrap kb-row-layout-id1285_73ecd8-de alignfull kt-row-has-bg wp-block-kadence-rowlayout\" id=\"hero\"><div class=\"kt-row-column-wrap kt-has-2-columns kt-row-layout-equal kt-tab-layout-row kt-mobile-layout-row kt-row-valign-middle kb-theme-content-width\">\n<style>.kadence-column1285_a02001-be > .kt-inside-inner-col{padding-top:var(--global-kb-spacing-md, 2rem);padding-right:var(--global-kb-spacing-md, 2rem);padding-bottom:var(--global-kb-spacing-md, 2rem);padding-left:var(--global-kb-spacing-md, 2rem);}.kadence-column1285_a02001-be > .kt-inside-inner-col,.kadence-column1285_a02001-be > .kt-inside-inner-col:before{border-top-left-radius:0px;border-top-right-radius:0px;border-bottom-right-radius:0px;border-bottom-left-radius:0px;}.kadence-column1285_a02001-be > .kt-inside-inner-col{column-gap:var(--global-kb-gap-sm, 1rem);}.kadence-column1285_a02001-be > .kt-inside-inner-col{flex-direction:column;}.kadence-column1285_a02001-be > .kt-inside-inner-col > .aligncenter{width:100%;}.kadence-column1285_a02001-be > .kt-inside-inner-col:before{opacity:0.5;background-color:var(--global-palette9, #ffffff);}.kadence-column1285_a02001-be{position:relative;}@media all and (max-width: 1024px){.kadence-column1285_a02001-be > .kt-inside-inner-col{flex-direction:column;justify-content:center;}}@media all and (max-width: 767px){.kadence-column1285_a02001-be > .kt-inside-inner-col{flex-direction:column;justify-content:center;}}<\/style>\n<div class=\"wp-block-kadence-column kadence-column1285_a02001-be kb-section-has-overlay inner-column-2\"><div class=\"kt-inside-inner-col\"><style>.wp-block-kadence-advancedheading.kt-adv-heading1285_7fd406-53, .wp-block-kadence-advancedheading.kt-adv-heading1285_7fd406-53[data-kb-block=\"kb-adv-heading1285_7fd406-53\"]{font-size:var(--global-kb-font-size-xl, 3rem);font-style:normal;color:#00187c;}.wp-block-kadence-advancedheading.kt-adv-heading1285_7fd406-53 mark.kt-highlight, .wp-block-kadence-advancedheading.kt-adv-heading1285_7fd406-53[data-kb-block=\"kb-adv-heading1285_7fd406-53\"] mark.kt-highlight{font-style:normal;color:#f76a0c;-webkit-box-decoration-break:clone;box-decoration-break:clone;padding-top:0px;padding-right:0px;padding-bottom:0px;padding-left:0px;}.wp-block-kadence-advancedheading.kt-adv-heading1285_7fd406-53 img.kb-inline-image, .wp-block-kadence-advancedheading.kt-adv-heading1285_7fd406-53[data-kb-block=\"kb-adv-heading1285_7fd406-53\"] img.kb-inline-image{width:150px;vertical-align:baseline;}@media all and (max-width: 767px){.wp-block-kadence-advancedheading.kt-adv-heading1285_7fd406-53, .wp-block-kadence-advancedheading.kt-adv-heading1285_7fd406-53[data-kb-block=\"kb-adv-heading1285_7fd406-53\"]{font-size:var(--global-kb-font-size-lg, 2rem);}}<\/style>\n<h1 class=\"kt-adv-heading1285_7fd406-53 wp-block-kadence-advancedheading\" data-kb-block=\"kb-adv-heading1285_7fd406-53\">Kontener ISO<\/h1>\n\n\n\n<p>Kontener izotermiczny jest dobrym miejscem do sk\u0142adowania produkt\u00f3w nietrwa\u0142ych. Dzi\u0119ki idealnie izolowanej skrzyni, materia\u0142y i inne produkty nietrwa\u0142e mog\u0105 by\u0107 w niej przechowywane lub transportowane.<\/p>\n\n\n<style>.wp-block-kadence-advancedbtn.kb-btns1285_27de11-3d{gap:var(--global-kb-gap-xs, 0.5rem );justify-content:flex-start;align-items:center;}.kt-btns1285_27de11-3d .kt-button{font-weight:normal;font-style:normal;}<\/style>\n<div class=\"wp-block-kadence-advancedbtn kb-buttons-wrap kb-btns1285_27de11-3d\"><style>ul.menu .wp-block-kadence-advancedbtn .kb-btn1285_aa26f9-72.kb-button{width:initial;}.wp-block-kadence-advancedbtn .kb-btn1285_aa26f9-72.kb-button{color:#00187c;background:#ffe783;border-top-left-radius:0px;border-top-right-radius:0px;border-bottom-right-radius:0px;border-bottom-left-radius:0px;border-top:0px solid;border-right:0px solid;border-bottom:0px solid;border-left:0px solid;}@media all and (max-width: 1024px){.wp-block-kadence-advancedbtn .kb-btn1285_aa26f9-72.kb-button{border-top:0px solid;border-right:0px solid;border-bottom:0px solid;border-left:0px solid;}}@media all and (max-width: 767px){.wp-block-kadence-advancedbtn .kb-btn1285_aa26f9-72.kb-button{font-size:var(--global-kb-font-size-md, 1.25rem);border-top:0px solid;border-right:0px solid;border-bottom:0px solid;border-left:0px solid;}}<\/style><a class=\"kb-button kt-button button kb-btn1285_aa26f9-72 kt-btn-size-standard kt-btn-width-type-auto kb-btn-global-inherit  kt-btn-has-text-true kt-btn-has-svg-false  wp-block-button__link wp-block-kadence-singlebtn\" href=\"https:\/\/www.mtcontainer.com\/containershop\/type-insulated-container\/to-buy\/\"><span class=\"kt-btn-inner-text\">Kupowa\u0107 Kontenery [EN]<\/span><\/a><\/div>\n\n\n\n<p>Sklep jest w j\u0119zyku <strong>angielskim<\/strong>, ale zapraszamy do zadawania pyta\u0144 w j\u0119zyku polskim.<\/p>\n<\/div><\/div>\n\n\n<style>.kadence-column1285_bd1312-c1 > .kt-inside-inner-col{display:flex;}.kadence-column1285_bd1312-c1 > .kt-inside-inner-col,.kadence-column1285_bd1312-c1 > .kt-inside-inner-col:before{border-top-left-radius:0px;border-top-right-radius:0px;border-bottom-right-radius:0px;border-bottom-left-radius:0px;}.kadence-column1285_bd1312-c1 > .kt-inside-inner-col{column-gap:var(--global-kb-gap-sm, 1rem);}.kadence-column1285_bd1312-c1 > .kt-inside-inner-col{flex-direction:column;justify-content:center;}.kadence-column1285_bd1312-c1 > .kt-inside-inner-col > .aligncenter{width:100%;}.kt-row-column-wrap > .kadence-column1285_bd1312-c1{align-self:center;}.kt-inner-column-height-full:not(.kt-has-1-columns) > .wp-block-kadence-column.kadence-column1285_bd1312-c1{align-self:auto;}.kt-inner-column-height-full:not(.kt-has-1-columns) > .wp-block-kadence-column.kadence-column1285_bd1312-c1 > .kt-inside-inner-col{flex-direction:column;justify-content:center;}.kadence-column1285_bd1312-c1 > .kt-inside-inner-col:before{opacity:0.3;}.kadence-column1285_bd1312-c1{position:relative;}@media all and (max-width: 1024px){.kt-row-column-wrap > .kadence-column1285_bd1312-c1{align-self:center;}}@media all and (max-width: 1024px){.kt-inner-column-height-full:not(.kt-has-1-columns) > .wp-block-kadence-column.kadence-column1285_bd1312-c1{align-self:auto;}}@media all and (max-width: 1024px){.kt-inner-column-height-full:not(.kt-has-1-columns) > .wp-block-kadence-column.kadence-column1285_bd1312-c1 > .kt-inside-inner-col{flex-direction:column;justify-content:center;}}@media all and (max-width: 1024px){.kadence-column1285_bd1312-c1 > .kt-inside-inner-col{flex-direction:column;justify-content:center;}}@media all and (max-width: 767px){.kt-row-column-wrap > .kadence-column1285_bd1312-c1{align-self:center;}.kt-inner-column-height-full:not(.kt-has-1-columns) > .wp-block-kadence-column.kadence-column1285_bd1312-c1{align-self:auto;}.kt-inner-column-height-full:not(.kt-has-1-columns) > .wp-block-kadence-column.kadence-column1285_bd1312-c1 > .kt-inside-inner-col{flex-direction:column;justify-content:center;}.kadence-column1285_bd1312-c1 > .kt-inside-inner-col{flex-direction:column;justify-content:center;}}<\/style>\n<div class=\"wp-block-kadence-column kadence-column1285_bd1312-c1 inner-column-1\"><div class=\"kt-inside-inner-col\"><style>.kb-image1285_af43c9-6f.kb-image-is-ratio-size, .kb-image1285_af43c9-6f .kb-image-is-ratio-size{max-width:448px;width:100%;}.wp-block-kadence-column > .kt-inside-inner-col > .kb-image1285_af43c9-6f.kb-image-is-ratio-size, .wp-block-kadence-column > .kt-inside-inner-col > .kb-image1285_af43c9-6f .kb-image-is-ratio-size{align-self:unset;}.kb-image1285_af43c9-6f figure{max-width:448px;}.kb-image1285_af43c9-6f .image-is-svg, .kb-image1285_af43c9-6f .image-is-svg img{width:100%;}.kb-image1285_af43c9-6f .kb-image-has-overlay:after{opacity:0.3;}<\/style>\n<div class=\"wp-block-kadence-image kb-image1285_af43c9-6f\"><figure class=\"aligncenter size-full\"><img decoding=\"async\" width=\"605\" height=\"448\" src=\"https:\/\/www.mtcontainer.com\/pl\/wp-content\/uploads\/sites\/12\/2024\/02\/Iso-Container.png\" alt=\"\" class=\"kb-img wp-image-1286 skip-lazy kb-skip-lazy\" srcset=\"https:\/\/www.mtcontainer.com\/pl\/wp-content\/uploads\/sites\/12\/2024\/02\/Iso-Container.png 605w, https:\/\/www.mtcontainer.com\/pl\/wp-content\/uploads\/sites\/12\/2024\/02\/Iso-Container-300x222.png 300w\" sizes=\"(max-width: 605px) 100vw, 605px\" \/><\/figure><\/div>\n<\/div><\/div>\n\n<\/div><\/div>\n\n<style>.kb-row-layout-wrap.wp-block-kadence-rowlayout.kb-row-layout-id1285_ac3cad-65{margin-top:0px;}.kb-row-layout-id1285_ac3cad-65 > .kt-row-column-wrap{align-content:start;}:where(.kb-row-layout-id1285_ac3cad-65 > .kt-row-column-wrap) > .wp-block-kadence-column{justify-content:start;}.kb-row-layout-id1285_ac3cad-65 > .kt-row-column-wrap{column-gap:var(--global-kb-gap-lg, 4rem);row-gap:var(--global-kb-gap-md, 2rem);max-width:var( --global-content-width, 1600px );padding-left:var(--global-content-edge-padding);padding-right:var(--global-content-edge-padding);padding-top:45px;padding-bottom:45px;grid-template-columns:minmax(0, 1fr);}.kb-row-layout-id1285_ac3cad-65 > .kt-row-layout-overlay{opacity:0.30;}@media all and (max-width: 1024px){.kb-row-layout-id1285_ac3cad-65 > .kt-row-column-wrap{grid-template-columns:minmax(0, 1fr);}}@media all and (max-width: 767px){.kb-row-layout-id1285_ac3cad-65 > .kt-row-column-wrap{grid-template-columns:minmax(0, 1fr);}}<\/style><div class=\"kb-row-layout-wrap kb-row-layout-id1285_ac3cad-65 alignfull has-theme-palette9-background-color kt-row-has-bg wp-block-kadence-rowlayout\"><div class=\"kt-row-column-wrap kt-has-1-columns kt-row-layout-equal kt-tab-layout-inherit kt-mobile-layout-row kt-row-valign-top kb-theme-content-width\">\n<style>.kadence-column1285_5edb9a-31 > .kt-inside-inner-col,.kadence-column1285_5edb9a-31 > .kt-inside-inner-col:before{border-top-left-radius:0px;border-top-right-radius:0px;border-bottom-right-radius:0px;border-bottom-left-radius:0px;}.kadence-column1285_5edb9a-31 > .kt-inside-inner-col{column-gap:var(--global-kb-gap-sm, 1rem);}.kadence-column1285_5edb9a-31 > .kt-inside-inner-col{flex-direction:column;}.kadence-column1285_5edb9a-31 > .kt-inside-inner-col > .aligncenter{width:100%;}.kadence-column1285_5edb9a-31 > .kt-inside-inner-col:before{opacity:0.3;}.kadence-column1285_5edb9a-31{position:relative;}@media all and (max-width: 1024px){.kadence-column1285_5edb9a-31 > .kt-inside-inner-col{flex-direction:column;justify-content:center;}}@media all and (max-width: 767px){.kadence-column1285_5edb9a-31 > .kt-inside-inner-col{flex-direction:column;justify-content:center;}}<\/style>\n<div class=\"wp-block-kadence-column kadence-column1285_5edb9a-31 inner-column-2\" id=\"content\"><div class=\"kt-inside-inner-col\"><style>.wp-block-kadence-advancedheading.kt-adv-heading1285_c57c3c-8f, .wp-block-kadence-advancedheading.kt-adv-heading1285_c57c3c-8f[data-kb-block=\"kb-adv-heading1285_c57c3c-8f\"]{padding-top:0px;margin-top:0px;font-style:normal;color:#00187c;}.wp-block-kadence-advancedheading.kt-adv-heading1285_c57c3c-8f mark.kt-highlight, .wp-block-kadence-advancedheading.kt-adv-heading1285_c57c3c-8f[data-kb-block=\"kb-adv-heading1285_c57c3c-8f\"] mark.kt-highlight{font-style:normal;color:#f76a0c;-webkit-box-decoration-break:clone;box-decoration-break:clone;padding-top:0px;padding-right:0px;padding-bottom:0px;padding-left:0px;}.wp-block-kadence-advancedheading.kt-adv-heading1285_c57c3c-8f img.kb-inline-image, .wp-block-kadence-advancedheading.kt-adv-heading1285_c57c3c-8f[data-kb-block=\"kb-adv-heading1285_c57c3c-8f\"] img.kb-inline-image{width:150px;vertical-align:baseline;}<\/style>\n<h2 class=\"kt-adv-heading1285_c57c3c-8f wp-block-kadence-advancedheading\" data-kb-block=\"kb-adv-heading1285_c57c3c-8f\">OPIS KONTENERA ISO<\/h2>\n\n\n\n<p>Kontener izotermiczny idealnie nadaje si\u0119 do sk\u0142adowania artyku\u0142\u00f3w spo\u017cywczych, takich jak suszone owoce, napoje, czy produkty \u015bwie\u017ce. Wn\u0119trze kontenera, szczeg\u00f3lnie \u015bciany boczne, izolowane s\u0105 specjalistyczn\u0105 piank\u0105, kt\u00f3ra utrzymuje idealne normy temperatury. Izolacja nie dopuszcza kondensacji i chroni zawarto\u015b\u0107 kontenera przed dost\u0119pem wody.<\/p>\n\n\n\n<p>Ponadto, kontenery izotermiczne s\u0105 wiatro- i wodoodporne i mo\u017cna je bez obaw ustawia\u0107 na zewn\u0105trz. Promienie s\u0142oneczne, zimno i zmiany temperatury nie stanowi\u0105 dla nich problemu.<\/p>\n\n\n\n<p>Opcjonalnie mo\u017cna wyposa\u017cy\u0107 kontenery izotermiczne w ch\u0142odziarki lub systemy grzewcze, aby zapewni\u0107 konkretn\u0105 i sta\u0142\u0105 temperatur\u0119 w ich wn\u0119trzu.<\/p>\n\n\n\n<p>Kontenery ch\u0142odnicze sprawdzaj\u0105 si\u0119 jako kontenery izotermiczne, gdy\u017c posiadaj\u0105 identyczne w\u0142a\u015bciwo\u015bci. Jedyn\u0105 r\u00f3\u017cnic\u0105 jest agregat ch\u0142odniczy, kt\u00f3ry dodatkowo znajduje si\u0119 w kontenerze ch\u0142odniczym.<\/p>\n\n\n\n<p>Poprzez usuni\u0119cie agregatu z kontenera ch\u0142odniczego i zamkni\u0119cie powsta\u0142ego otworu mo\u017cna uzyska\u0107 kontener izotermiczny W ten spos\u00f3b mo\u017cna zbudowa\u0107 i przebudowa\u0107 kontener ka\u017cdego rozmiaru \u2013 10 st\u00f3p, 20 st\u00f3p lub 40 st\u00f3p. Na zam\u00f3wienie dostarczamy kontenery we wszystkich rozmiarach.<\/p>\n\n\n<style>.wp-block-kadence-spacer.kt-block-spacer-1285_dabef4-4e .kt-block-spacer{height:36px;}.wp-block-kadence-spacer.kt-block-spacer-1285_dabef4-4e .kt-divider{border-top-width:2px;border-top-color:#00187c;width:80%;border-top-style:solid;}<\/style>\n<div class=\"wp-block-kadence-spacer aligncenter kt-block-spacer-1285_dabef4-4e\"><div class=\"kt-block-spacer kt-block-spacer-halign-center\"><hr class=\"kt-divider\"\/><\/div><\/div>\n\n\n<style>.wp-block-kadence-advancedheading.kt-adv-heading1285_03e6aa-45, .wp-block-kadence-advancedheading.kt-adv-heading1285_03e6aa-45[data-kb-block=\"kb-adv-heading1285_03e6aa-45\"]{padding-top:0px;margin-top:0px;font-style:normal;color:#00187c;}.wp-block-kadence-advancedheading.kt-adv-heading1285_03e6aa-45 mark.kt-highlight, .wp-block-kadence-advancedheading.kt-adv-heading1285_03e6aa-45[data-kb-block=\"kb-adv-heading1285_03e6aa-45\"] mark.kt-highlight{font-style:normal;color:#f76a0c;-webkit-box-decoration-break:clone;box-decoration-break:clone;padding-top:0px;padding-right:0px;padding-bottom:0px;padding-left:0px;}.wp-block-kadence-advancedheading.kt-adv-heading1285_03e6aa-45 img.kb-inline-image, .wp-block-kadence-advancedheading.kt-adv-heading1285_03e6aa-45[data-kb-block=\"kb-adv-heading1285_03e6aa-45\"] img.kb-inline-image{width:150px;vertical-align:baseline;}<\/style>\n<h2 class=\"kt-adv-heading1285_03e6aa-45 wp-block-kadence-advancedheading\" data-kb-block=\"kb-adv-heading1285_03e6aa-45\">CO WYR\u00d3\u017bNIA KONTENERY ISO?<\/h2>\n\n\n\n<p>To, co wyr\u00f3\u017cnia kontenery ISO to przede wszystkim:<\/p>\n\n\n\n<ul class=\"wp-block-list\">\n<li>rama stalowa i izolacja poliuretanowa<\/li>\n\n\n\n<li>wa\u017cna plakietka CSC \/ wiatro- i wodoodporno\u015b\u0107<\/li>\n\n\n\n<li>odporno\u015b\u0107 na wysokie i niskie temperatury<\/li>\n\n\n\n<li>dost\u0119p do wn\u0119trza przy u\u017cyciu w\u00f3zka paletowego lub wid\u0142owego<\/li>\n\n\n\n<li>opcja pod\u0142\u0105czenia elektrycznego i o\u015bwietlenia LED<\/li>\n\n\n\n<li>pod\u0142oga z aluminium (kratownica T-Grating) z kana\u0142em wentylacyjnym.<\/li>\n<\/ul>\n\n\n\n<p>Kontenery izotermiczne sprawdzaj\u0105 si\u0119 jako magazyn towar\u00f3w nietrwa\u0142ych. Istnieje mo\u017cliwo\u015b\u0107 przebudowy i modyfikacji tego typu kontener\u00f3w. Dzi\u0119ki odpowiedniej izolacji nie wymagaj\u0105 kondensacji. Kontenery ISO u\u017cywane s\u0105 jako kontenery transportowe na ca\u0142ym \u015bwiecie pe\u0142ni\u0105c funkcj\u0119 ochronna przed gor\u0105cem i zimnem.<\/p>\n\n\n\n<p>W przypadku wszystkich kontener\u00f3w, zar\u00f3wno nowych, jak i u\u017cywanych, MT Container GmbH wydaje europejski certyfikat i gwarancj\u0119. Wykonujemy naprawy i renowacje wszelkich kontener\u00f3w o dowolnym stopniu z\u0142o\u017cono\u015bci. Przeszkolimy r\u00f3wnie\u017c Tw\u00f3j personel do pracy z wyposa\u017ceniem kontenerowym, a nasi technicy dost\u0119pni s\u0105 do konsultacji w kwestiach zwi\u0105zanych z procesem eksploatacji.<\/p>\n\n\n<style>.wp-block-kadence-spacer.kt-block-spacer-1285_04049a-42 .kt-block-spacer{height:36px;}.wp-block-kadence-spacer.kt-block-spacer-1285_04049a-42 .kt-divider{border-top-width:2px;border-top-color:#00187c;width:80%;border-top-style:solid;}<\/style>\n<div class=\"wp-block-kadence-spacer aligncenter kt-block-spacer-1285_04049a-42\"><div class=\"kt-block-spacer kt-block-spacer-halign-center\"><hr class=\"kt-divider\"\/><\/div><\/div>\n\n\n\n<figure class=\"wp-block-table is-style-regular\"><table class=\"has-theme-palette-3-color has-theme-palette-9-background-color has-text-color has-background has-link-color\"><tbody><tr><td><strong><strong>Typ pojemnika<\/strong><\/strong><\/td><td><strong>Wymiary zewn\u0119trzne<\/strong><\/td><td><strong>Wymiary wewn\u0119trzne<\/strong><\/td><td><strong>Wymiary wewn\u0119trzne drzwi \/ otwarcie drzwi<\/strong><\/td><td><strong>Tom<\/strong><\/td><td><strong>Waga<\/strong><\/td><\/tr><tr><td><strong>10 ST\u00d3P KONTENER ISO<\/strong><\/td><td>D\u0142ugo\u015b\u0107 3050 mm | Szeroko\u015b\u0107 2438 mm | Wysoko\u015b\u0107 2591 mm<\/td><td>D\u0142ugo\u015b\u0107 2383 mm | Szeroko\u015b\u0107 2190 mm | Wysoko\u015b\u0107 2291 mm<\/td><td>Szeroko\u015b\u0107 2291 mm | Wysoko\u015b\u0107 2259 mm<\/td><td>12 m\u00b3<\/td><td>Masa w\u0142asna 1900 kg | \u0141adowno\u015b\u0107 8260 kg | Masa ca\u0142kowita 10160 kg<br><\/td><\/tr><tr><td><strong><strong>20 ST\u00d3P KONTENER ISO<\/strong><\/strong><\/td><td>D\u0142ugo\u015b\u0107 6058 mm | Szeroko\u015b\u0107 2438 mm | Wysoko\u015b\u0107 2591 mm<\/td><td>D\u0142ugo\u015b\u0107 5456 mm | Szeroko\u015b\u0107 2294 mm | Wysoko\u015b\u0107 2263 mm<\/td><td>Szeroko\u015b\u0107 2290 mm | Wysoko\u015b\u0107 2264 mm<\/td><td>28,4 cm\u00b3<\/td><td>Masa w\u0142asna 2700 kg | \u0141adowno\u015b\u0107 27800 kg | Masa ca\u0142kowita 30480 kg<\/td><\/tr><tr><td><strong>40 ST\u00d3P HIGH CUBE KONTENER ISO<\/strong><\/td><td>D\u0142ugo\u015b\u0107 12192 mm | Szeroko\u015b\u0107 2438 mm | Wysoko\u015b\u0107 2896 mm<\/td><td>D\u0142ugo\u015b\u0107 11550 mm | Szeroko\u015b\u0107 2290 mm | Wysoko\u015b\u0107 2545 mm<\/td><td>Szeroko\u015b\u0107 2290 mm | Wysoko\u015b\u0107 2557 mm<\/td><td>67,5 m\u00b3<\/td><td>Masa w\u0142asna 4460 kg | \u0141adowno\u015b\u0107 29540 kg | Masa ca\u0142kowita 34000 kg<\/td><\/tr><\/tbody><\/table><\/figure>\n\n\n<style>.wp-block-kadence-advancedbtn.kb-btns1285_36966f-3a{gap:var(--global-kb-gap-xs, 0.5rem );justify-content:flex-start;align-items:center;}.kt-btns1285_36966f-3a .kt-button{font-weight:normal;font-style:normal;}.kt-btns1285_36966f-3a .kt-btn-wrap-0{margin-right:5px;}.wp-block-kadence-advancedbtn.kt-btns1285_36966f-3a .kt-btn-wrap-0 .kt-button{color:#555555;border-color:#555555;}.wp-block-kadence-advancedbtn.kt-btns1285_36966f-3a .kt-btn-wrap-0 .kt-button:hover, .wp-block-kadence-advancedbtn.kt-btns1285_36966f-3a .kt-btn-wrap-0 .kt-button:focus{color:#ffffff;border-color:#444444;}.wp-block-kadence-advancedbtn.kt-btns1285_36966f-3a .kt-btn-wrap-0 .kt-button::before{display:none;}.wp-block-kadence-advancedbtn.kt-btns1285_36966f-3a .kt-btn-wrap-0 .kt-button:hover, .wp-block-kadence-advancedbtn.kt-btns1285_36966f-3a .kt-btn-wrap-0 .kt-button:focus{background:#444444;}<\/style>\n<div class=\"wp-block-kadence-advancedbtn kb-buttons-wrap kb-btns1285_36966f-3a\"><style>ul.menu .wp-block-kadence-advancedbtn .kb-btn1285_860967-16.kb-button{width:initial;}.wp-block-kadence-advancedbtn .kb-btn1285_860967-16.kb-button{color:#00187c;background:#ffe783;border-top-left-radius:0px;border-top-right-radius:0px;border-bottom-right-radius:0px;border-bottom-left-radius:0px;border-top:2px solid #ffe783;border-right:2px solid #ffe783;border-bottom:2px solid #ffe783;border-left:2px solid #ffe783;}.wp-block-kadence-advancedbtn .kb-btn1285_860967-16.kb-button:hover, .wp-block-kadence-advancedbtn .kb-btn1285_860967-16.kb-button:focus{background:var(--global-palette9, #ffffff);border-top-left-radius:0px;border-top-right-radius:0px;border-bottom-right-radius:0px;border-bottom-left-radius:0px;border-top:2px solid var(--global-palette2, #2B6CB0);border-right:2px solid var(--global-palette2, #2B6CB0);border-bottom:2px solid var(--global-palette2, #2B6CB0);border-left:2px solid var(--global-palette2, #2B6CB0);}@media all and (max-width: 1024px){.wp-block-kadence-advancedbtn .kb-btn1285_860967-16.kb-button{border-top:2px solid #ffe783;border-right:2px solid #ffe783;border-bottom:2px solid #ffe783;border-left:2px solid #ffe783;}}@media all and (max-width: 1024px){.wp-block-kadence-advancedbtn .kb-btn1285_860967-16.kb-button:hover, .wp-block-kadence-advancedbtn .kb-btn1285_860967-16.kb-button:focus{border-top:2px solid var(--global-palette2, #2B6CB0);border-right:2px solid var(--global-palette2, #2B6CB0);border-bottom:2px solid var(--global-palette2, #2B6CB0);border-left:2px solid var(--global-palette2, #2B6CB0);}}@media all and (max-width: 767px){.wp-block-kadence-advancedbtn .kb-btn1285_860967-16.kb-button{border-top:2px solid #ffe783;border-right:2px solid #ffe783;border-bottom:2px solid #ffe783;border-left:2px solid #ffe783;}.wp-block-kadence-advancedbtn .kb-btn1285_860967-16.kb-button:hover, .wp-block-kadence-advancedbtn .kb-btn1285_860967-16.kb-button:focus{border-top:2px solid var(--global-palette2, #2B6CB0);border-right:2px solid var(--global-palette2, #2B6CB0);border-bottom:2px solid var(--global-palette2, #2B6CB0);border-left:2px solid var(--global-palette2, #2B6CB0);}}<\/style><a class=\"kb-button kt-button button kb-btn1285_860967-16 kt-btn-size-standard kt-btn-width-type-auto kb-btn-global-fill  kt-btn-has-text-true kt-btn-has-svg-true  wp-block-kadence-singlebtn\" href=\"\/contact\"><span class=\"kt-btn-inner-text\">Kontakt<\/span><span class=\"kb-svg-icon-wrap kb-svg-icon-fe_arrowRight kt-btn-icon-side-right\"><svg viewBox=\"0 0 24 24\"  fill=\"none\" stroke=\"currentColor\" stroke-width=\"2\" stroke-linecap=\"round\" stroke-linejoin=\"round\" xmlns=\"http:\/\/www.w3.org\/2000\/svg\"  aria-hidden=\"true\"><line x1=\"5\" y1=\"12\" x2=\"19\" y2=\"12\"\/><polyline points=\"12 5 19 12 12 19\"\/><\/svg><\/span><\/a><\/div>\n<\/div><\/div>\n\n<\/div><\/div>","protected":false},"excerpt":{"rendered":"<p>Kontener ISO Kontener izotermiczny jest dobrym miejscem do sk\u0142adowania produkt\u00f3w nietrwa\u0142ych. Dzi\u0119ki idealnie izolowanej skrzyni, materia\u0142y i inne produkty nietrwa\u0142e mog\u0105 by\u0107 w niej przechowywane lub transportowane. Sklep jest w j\u0119zyku angielskim, ale zapraszamy do zadawania pyta\u0144 w j\u0119zyku polskim. OPIS KONTENERA ISO Kontener izotermiczny idealnie nadaje si\u0119 do sk\u0142adowania artyku\u0142\u00f3w spo\u017cywczych, takich jak suszone&#8230;<\/p>\n","protected":false},"author":7,"featured_media":0,"parent":1368,"menu_order":0,"comment_status":"closed","ping_status":"closed","template":"","meta":{"_acf_changed":false,"_kad_blocks_custom_css":"","_kad_blocks_head_custom_js":"","_kad_blocks_body_custom_js":"","_kad_blocks_footer_custom_js":"","_kad_post_transparent":"","_kad_post_title":"","_kad_post_layout":"","_kad_post_sidebar_id":"","_kad_post_content_style":"","_kad_post_vertical_padding":"","_kad_post_feature":"","_kad_post_feature_position":"","_kad_post_header":false,"_kad_post_footer":false,"_kad_post_classname":"","footnotes":""},"class_list":["post-1285","page","type-page","status-publish","hentry"],"acf":[],"taxonomy_info":[],"featured_image_src_large":false,"author_info":{"display_name":"marlon","author_link":"https:\/\/www.mtcontainer.com\/pl\/author\/marlon\/"},"comment_info":0,"_links":{"self":[{"href":"https:\/\/www.mtcontainer.com\/pl\/wp-json\/wp\/v2\/pages\/1285","targetHints":{"allow":["GET"]}}],"collection":[{"href":"https:\/\/www.mtcontainer.com\/pl\/wp-json\/wp\/v2\/pages"}],"about":[{"href":"https:\/\/www.mtcontainer.com\/pl\/wp-json\/wp\/v2\/types\/page"}],"author":[{"embeddable":true,"href":"https:\/\/www.mtcontainer.com\/pl\/wp-json\/wp\/v2\/users\/7"}],"replies":[{"embeddable":true,"href":"https:\/\/www.mtcontainer.com\/pl\/wp-json\/wp\/v2\/comments?post=1285"}],"version-history":[{"count":1,"href":"https:\/\/www.mtcontainer.com\/pl\/wp-json\/wp\/v2\/pages\/1285\/revisions"}],"predecessor-version":[{"id":1287,"href":"https:\/\/www.mtcontainer.com\/pl\/wp-json\/wp\/v2\/pages\/1285\/revisions\/1287"}],"up":[{"embeddable":true,"href":"https:\/\/www.mtcontainer.com\/pl\/wp-json\/wp\/v2\/pages\/1368"}],"wp:attachment":[{"href":"https:\/\/www.mtcontainer.com\/pl\/wp-json\/wp\/v2\/media?parent=1285"}],"curies":[{"name":"wp","href":"https:\/\/api.w.org\/{rel}","templated":true}]}}