{"id":29,"date":"2023-01-30T01:58:36","date_gmt":"2023-01-30T00:58:36","guid":{"rendered":"https:\/\/www.mtcontainer.com\/es\/?page_id=29"},"modified":"2026-02-23T18:15:24","modified_gmt":"2026-02-23T17:15:24","slug":"contacto","status":"publish","type":"page","link":"https:\/\/www.mtcontainer.com\/es\/contacto\/","title":{"rendered":"Contacto"},"content":{"rendered":"<style>.kb-row-layout-id29_f7b512-fe > .kt-row-column-wrap{align-content:start;}:where(.kb-row-layout-id29_f7b512-fe > .kt-row-column-wrap) > .wp-block-kadence-column{justify-content:start;}.kb-row-layout-id29_f7b512-fe > .kt-row-column-wrap{column-gap:var(--global-kb-gap-none, 0rem );row-gap:var(--global-kb-gap-md, 2rem);max-width:var( --global-content-width, 1600px );padding-left:var(--global-content-edge-padding);padding-right:var(--global-content-edge-padding);padding-top:0px;padding-bottom:0px;grid-template-columns:repeat(2, minmax(0, 1fr));}.kb-row-layout-id29_f7b512-fe > .kt-row-layout-overlay{opacity:0.30;}@media all and (max-width: 1024px){.kb-row-layout-id29_f7b512-fe > .kt-row-column-wrap{grid-template-columns:minmax(0, 1fr);}}@media all and (max-width: 767px){.kb-row-layout-id29_f7b512-fe > .kt-row-column-wrap{grid-template-columns:minmax(0, 1fr);}}<\/style><div class=\"kb-row-layout-wrap kb-row-layout-id29_f7b512-fe alignwide wp-block-kadence-rowlayout\" id=\"intro\"><div class=\"kt-row-column-wrap kt-has-2-columns kt-row-layout-equal kt-tab-layout-row kt-mobile-layout-row kt-row-valign-top kb-theme-content-width\">\n<style>.kadence-column29_6523cb-fc > .kt-inside-inner-col{padding-top:55px;}.kadence-column29_6523cb-fc > .kt-inside-inner-col,.kadence-column29_6523cb-fc > .kt-inside-inner-col:before{border-top-left-radius:0px;border-top-right-radius:0px;border-bottom-right-radius:0px;border-bottom-left-radius:0px;}.kadence-column29_6523cb-fc > .kt-inside-inner-col{column-gap:var(--global-kb-gap-sm, 1rem);}.kadence-column29_6523cb-fc > .kt-inside-inner-col{flex-direction:column;}.kadence-column29_6523cb-fc > .kt-inside-inner-col > .aligncenter{width:100%;}.kadence-column29_6523cb-fc > .kt-inside-inner-col:before{opacity:0.3;}.kadence-column29_6523cb-fc{position:relative;}@media all and (max-width: 1024px){.kadence-column29_6523cb-fc > .kt-inside-inner-col{flex-direction:column;justify-content:center;}}@media all and (max-width: 767px){.kadence-column29_6523cb-fc > .kt-inside-inner-col{flex-direction:column;justify-content:center;}}<\/style>\n<div class=\"wp-block-kadence-column kadence-column29_6523cb-fc inner-column-1\"><div class=\"kt-inside-inner-col\"><style>.wp-block-kadence-advancedheading.kt-adv-heading29_d34e6c-67, .wp-block-kadence-advancedheading.kt-adv-heading29_d34e6c-67[data-kb-block=\"kb-adv-heading29_d34e6c-67\"]{font-size:var(--global-kb-font-size-xxl, 4rem);font-style:normal;}.wp-block-kadence-advancedheading.kt-adv-heading29_d34e6c-67 mark.kt-highlight, .wp-block-kadence-advancedheading.kt-adv-heading29_d34e6c-67[data-kb-block=\"kb-adv-heading29_d34e6c-67\"] mark.kt-highlight{font-style:normal;color:#f76a0c;-webkit-box-decoration-break:clone;box-decoration-break:clone;padding-top:0px;padding-right:0px;padding-bottom:0px;padding-left:0px;}.wp-block-kadence-advancedheading.kt-adv-heading29_d34e6c-67 img.kb-inline-image, .wp-block-kadence-advancedheading.kt-adv-heading29_d34e6c-67[data-kb-block=\"kb-adv-heading29_d34e6c-67\"] img.kb-inline-image{width:150px;vertical-align:baseline;}<\/style>\n<h1 class=\"kt-adv-heading29_d34e6c-67 wp-block-kadence-advancedheading\" data-kb-block=\"kb-adv-heading29_d34e6c-67\">Cont\u00e1ctenos<\/h1>\n<\/div><\/div>\n\n\n<style>.kadence-column29_1c0a47-00 > .kt-inside-inner-col{padding-top:70px;padding-right:30px;padding-bottom:70px;padding-left:30px;}.kadence-column29_1c0a47-00 > .kt-inside-inner-col,.kadence-column29_1c0a47-00 > .kt-inside-inner-col:before{border-top-left-radius:0px;border-top-right-radius:0px;border-bottom-right-radius:0px;border-bottom-left-radius:0px;}.kadence-column29_1c0a47-00 > .kt-inside-inner-col{column-gap:var(--global-kb-gap-sm, 1rem);}.kadence-column29_1c0a47-00 > .kt-inside-inner-col{flex-direction:column;}.kadence-column29_1c0a47-00 > .kt-inside-inner-col > .aligncenter{width:100%;}.kadence-column29_1c0a47-00 > .kt-inside-inner-col{background-color:var(--global-palette7, #EDF2F7);}.kadence-column29_1c0a47-00 > .kt-inside-inner-col:before{opacity:0.3;}.kadence-column29_1c0a47-00{position:relative;}@media all and (max-width: 1024px){.kadence-column29_1c0a47-00 > .kt-inside-inner-col{flex-direction:column;justify-content:center;}}@media all and (max-width: 767px){.kadence-column29_1c0a47-00 > .kt-inside-inner-col{flex-direction:column;justify-content:center;}}<\/style>\n<div class=\"wp-block-kadence-column kadence-column29_1c0a47-00 inner-column-2\"><div class=\"kt-inside-inner-col\"><style>.wp-block-kadence-advancedheading.kt-adv-heading29_a7fdb5-25, .wp-block-kadence-advancedheading.kt-adv-heading29_a7fdb5-25[data-kb-block=\"kb-adv-heading29_a7fdb5-25\"]{font-size:35px;font-style:normal;font-family:'Maison Neue Extended', Helvetica, sans-serif;}.wp-block-kadence-advancedheading.kt-adv-heading29_a7fdb5-25 mark.kt-highlight, .wp-block-kadence-advancedheading.kt-adv-heading29_a7fdb5-25[data-kb-block=\"kb-adv-heading29_a7fdb5-25\"] mark.kt-highlight{font-style:normal;color:#f76a0c;-webkit-box-decoration-break:clone;box-decoration-break:clone;padding-top:0px;padding-right:0px;padding-bottom:0px;padding-left:0px;}.wp-block-kadence-advancedheading.kt-adv-heading29_a7fdb5-25 img.kb-inline-image, .wp-block-kadence-advancedheading.kt-adv-heading29_a7fdb5-25[data-kb-block=\"kb-adv-heading29_a7fdb5-25\"] img.kb-inline-image{width:150px;vertical-align:baseline;}<\/style>\n<p class=\"kt-adv-heading29_a7fdb5-25 wp-block-kadence-advancedheading\" data-kb-block=\"kb-adv-heading29_a7fdb5-25\"><strong>M\u00e1s informaci\u00f3n<\/strong><\/p>\n\n\n<style>.wp-block-kadence-advancedheading.kt-adv-heading29_82f9ba-84, .wp-block-kadence-advancedheading.kt-adv-heading29_82f9ba-84[data-kb-block=\"kb-adv-heading29_82f9ba-84\"]{font-style:normal;}.wp-block-kadence-advancedheading.kt-adv-heading29_82f9ba-84 mark.kt-highlight, .wp-block-kadence-advancedheading.kt-adv-heading29_82f9ba-84[data-kb-block=\"kb-adv-heading29_82f9ba-84\"] mark.kt-highlight{font-style:normal;color:#f76a0c;-webkit-box-decoration-break:clone;box-decoration-break:clone;padding-top:0px;padding-right:0px;padding-bottom:0px;padding-left:0px;}.wp-block-kadence-advancedheading.kt-adv-heading29_82f9ba-84 img.kb-inline-image, .wp-block-kadence-advancedheading.kt-adv-heading29_82f9ba-84[data-kb-block=\"kb-adv-heading29_82f9ba-84\"] img.kb-inline-image{width:150px;vertical-align:baseline;}<\/style>\n<p class=\"kt-adv-heading29_82f9ba-84 wp-block-kadence-advancedheading\" data-kb-block=\"kb-adv-heading29_82f9ba-84\">Env\u00edenos su consulta a trav\u00e9s del formulario de contacto.<\/p>\n<\/div><\/div>\n\n<\/div><\/div>\n\n<style>.kb-row-layout-wrap.wp-block-kadence-rowlayout.kb-row-layout-id29_34a2ca-7a{margin-bottom:0px;}.kb-row-layout-id29_34a2ca-7a > .kt-row-column-wrap{align-content:start;}:where(.kb-row-layout-id29_34a2ca-7a > .kt-row-column-wrap) > .wp-block-kadence-column{justify-content:start;}.kb-row-layout-id29_34a2ca-7a > .kt-row-column-wrap{column-gap:var(--global-kb-gap-none, 0rem );row-gap:var(--global-kb-gap-md, 2rem);max-width:var( --global-content-width, 1600px );padding-left:var(--global-content-edge-padding);padding-right:var(--global-content-edge-padding);padding-top:0px;padding-bottom:0px;grid-template-columns:repeat(2, minmax(0, 1fr));}.kb-row-layout-id29_34a2ca-7a{background-color:#f8f8fb;}.kb-row-layout-id29_34a2ca-7a > .kt-row-layout-overlay{opacity:0.30;}@media all and (max-width: 1024px){.kb-row-layout-id29_34a2ca-7a > .kt-row-column-wrap{grid-template-columns:minmax(0, 1fr);}}@media all and (max-width: 767px){.kb-row-layout-id29_34a2ca-7a > .kt-row-column-wrap{grid-template-columns:minmax(0, 1fr);}}<\/style><div class=\"kb-row-layout-wrap kb-row-layout-id29_34a2ca-7a alignfull kt-row-has-bg wp-block-kadence-rowlayout\" id=\"contact-form\"><div class=\"kt-row-column-wrap kt-has-2-columns kt-row-layout-equal kt-tab-layout-row kt-mobile-layout-row kt-row-valign-top kt-inner-column-height-full kb-theme-content-width\">\n<style>.kadence-column29_2625f8-af > .kt-inside-inner-col{padding-top:30px;padding-right:30px;padding-bottom:30px;padding-left:0px;}.kadence-column29_2625f8-af > .kt-inside-inner-col,.kadence-column29_2625f8-af > .kt-inside-inner-col:before{border-top-left-radius:0px;border-top-right-radius:0px;border-bottom-right-radius:0px;border-bottom-left-radius:0px;}.kadence-column29_2625f8-af > .kt-inside-inner-col{column-gap:var(--global-kb-gap-sm, 1rem);}.kadence-column29_2625f8-af > .kt-inside-inner-col{flex-direction:column;}.kadence-column29_2625f8-af > .kt-inside-inner-col > .aligncenter{width:100%;}.kadence-column29_2625f8-af > .kt-inside-inner-col{background-color:#f8f8fb;}.kadence-column29_2625f8-af > .kt-inside-inner-col:before{opacity:0.3;}.kadence-column29_2625f8-af{position:relative;}@media all and (max-width: 1024px){.kadence-column29_2625f8-af > .kt-inside-inner-col{flex-direction:column;justify-content:center;}}@media all and (max-width: 767px){.kadence-column29_2625f8-af > .kt-inside-inner-col{flex-direction:column;justify-content:center;}}<\/style>\n<div class=\"wp-block-kadence-column kadence-column29_2625f8-af inner-column-1\"><div class=\"kt-inside-inner-col\"><style>.kadence-form-29_21a468-8d .kb-form .kadence-blocks-form-field .kb-text-style-field, .kadence-form-29_21a468-8d .kb-form .kadence-blocks-form-field .kb-select-style-field{color:var(--global-palette3, #1A202C);border-width:0px 0px 1px 0px;background:rgba(0, 0, 0, 0);}.kadence-form-29_21a468-8d .kb-form .kadence-blocks-form-field > label{color:var(--global-palette6, #718096);font-size:var(--global-kb-font-size-sm, 0.9rem);letter-spacing:1px;}.kb-form input.kadence-blocks-field.verify{opacity:0.0;position:absolute;top:0.0;left:0.0;width:0.0;height:0.0;z-index:-1;}<\/style>\n<div class=\"wp-block-kadence-form kadence-form-29_21a468-8d kb-form-wrap\" id=\"contact-page-form\"><form class=\"kb-form\" action=\"\" method=\"post\" data-error-message=\"Please fix issues to continue.\"><div class=\"kadence-blocks-form-field kb-field-desk-width-50 kb-input-size-standard\"><label for=\"kb_field_29_21a468-8d_0\">NOMBRE<span class=\"required\">*<\/span><\/label><input name=\"kb_field_0\" id=\"kb_field_29_21a468-8d_0\" data-label=\"NOMBRE\" type=\"text\" placeholder=\"\" value=\"\" data-type=\"text\" class=\"kb-field kb-text-style-field kb-text-field kb-field-0\" data-required=\"yes\"\/><\/div><div class=\"kadence-blocks-form-field kb-form-field-1 kb-field-desk-width-50 kb-input-size-standard\"><label for=\"kb_field_29_21a468-8d_1\">EMPRESA<\/label><input name=\"kb_field_1\" id=\"kb_field_29_21a468-8d_1\" data-label=\"EMPRESA\" type=\"text\" placeholder=\"\" value=\"\" data-type=\"text\" class=\"kb-field kb-text-style-field kb-text-field kb-field-1\"\/><\/div><div class=\"kadence-blocks-form-field kb-form-field-2 kb-field-desk-width-50 kb-input-size-standard\"><label for=\"kb_field_29_21a468-8d_2\">CORREO ELECTR\u00d3NICO<span class=\"required\">*<\/span><\/label><input name=\"kb_field_2\" id=\"kb_field_29_21a468-8d_2\" data-label=\"CORREO ELECTR\u00d3NICO\" type=\"email\" placeholder=\"\" value=\"\" data-type=\"email\" class=\"kb-field kb-text-style-field kb-email-field kb-field-2\" data-required=\"yes\"\/><\/div><div class=\"kadence-blocks-form-field kb-form-field-3 kb-field-desk-width-50 kb-input-size-standard\"><label for=\"kb_field_29_21a468-8d_3\">TEL\u00c9FONO<\/label><input name=\"kb_field_3\" id=\"kb_field_29_21a468-8d_3\" data-label=\"TEL\u00c9FONO\" type=\"text\" placeholder=\"\" value=\"\" data-type=\"text\" class=\"kb-field kb-text-style-field kb-text-field kb-field-3\"\/><\/div><div class=\"kadence-blocks-form-field kb-form-field-4 kb-field-desk-width-100 kb-input-size-standard\"><label for=\"kb_field_29_21a468-8d_4\">MENSAJE<span class=\"required\">*<\/span><\/label><textarea name=\"kb_field_4\" id=\"kb_field_29_21a468-8d_4\" data-label=\"MENSAJE\" type=\"textarea\" placeholder=\"\" data-type=\"textarea\" class=\"kb-field kb-text-style-field kb-textarea-field kb-field-4\" rows=\"4\" data-required=\"yes\"><\/textarea><\/div><input type=\"hidden\" name=\"_kb_form_id\" value=\"29_21a468-8d\"\/><input type=\"hidden\" name=\"_kb_form_post_id\" value=\"29\"\/><input type=\"hidden\" name=\"action\" value=\"kb_process_ajax_submit\"\/><label class=\"kadence-verify-label\">Email<input class=\"kadence-blocks-field verify\" type=\"text\" name=\"_kb_verify_email\" autocomplete=\"new-password\" aria-hidden=\"true\" placeholder=\"Email\" tabindex=\"-1\" data-1p-ignore=\"true\" data-lpignore=\"true\" \/><\/label><div class=\"kadence-blocks-form-field kb-submit-field kb-field-desk-width-100\"><button class=\"kb-forms-submit button kb-button-size-standard kb-button-width-full\">Enviar<\/button><\/div><\/form><\/div>\n<noscript><div class=\"kadence-blocks-form-message kadence-blocks-form-warning\">Activar JavaScript en tu navegador para enviar el formulario<\/div><style>.kadence-form-29_21a468-8d .kadence-blocks-form-field.kb-submit-field { display: none; }<\/style><\/noscript>\n\n<style>.wp-block-kadence-advancedheading.kt-adv-heading29_409a27-c5, .wp-block-kadence-advancedheading.kt-adv-heading29_409a27-c5[data-kb-block=\"kb-adv-heading29_409a27-c5\"]{margin-top:-1em;margin-left:0.5em;font-size:var(--global-kb-font-size-sm, 0.9rem);font-style:normal;}.wp-block-kadence-advancedheading.kt-adv-heading29_409a27-c5 mark.kt-highlight, .wp-block-kadence-advancedheading.kt-adv-heading29_409a27-c5[data-kb-block=\"kb-adv-heading29_409a27-c5\"] mark.kt-highlight{font-style:normal;color:#f76a0c;-webkit-box-decoration-break:clone;box-decoration-break:clone;padding-top:0px;padding-right:0px;padding-bottom:0px;padding-left:0px;}.wp-block-kadence-advancedheading.kt-adv-heading29_409a27-c5 img.kb-inline-image, .wp-block-kadence-advancedheading.kt-adv-heading29_409a27-c5[data-kb-block=\"kb-adv-heading29_409a27-c5\"] img.kb-inline-image{width:150px;vertical-align:baseline;}<\/style>\n<p class=\"kt-adv-heading29_409a27-c5 wp-block-kadence-advancedheading has-theme-palette-6-color has-text-color\" data-kb-block=\"kb-adv-heading29_409a27-c5\">Sus datos de contacto se almacenar\u00e1n y solo se utilizar\u00e1n para responder adecuadamente a su consulta y seg\u00fan lo exija la ley. Consulte nuestra <a href=\"https:\/\/www.mtcontainer.com\/es\/politica-de-privacidad-y-proteccion-de-datos\/\" data-type=\"page\" data-id=\"222447\">pol\u00edtica de privacidad.<\/a><\/p>\n<\/div><\/div>\n\n\n<style>.kadence-column29_3c9366-ab > .kt-inside-inner-col{padding-top:40px;padding-right:30px;padding-bottom:120px;padding-left:30px;}.kadence-column29_3c9366-ab > .kt-inside-inner-col,.kadence-column29_3c9366-ab > .kt-inside-inner-col:before{border-top-left-radius:0px;border-top-right-radius:0px;border-bottom-right-radius:0px;border-bottom-left-radius:0px;}.kadence-column29_3c9366-ab > .kt-inside-inner-col{column-gap:var(--global-kb-gap-sm, 1rem);}.kadence-column29_3c9366-ab > .kt-inside-inner-col{flex-direction:column;}.kadence-column29_3c9366-ab > .kt-inside-inner-col > .aligncenter{width:100%;}.kadence-column29_3c9366-ab > .kt-inside-inner-col{background-color:var(--global-palette7, #EDF2F7);}.kadence-column29_3c9366-ab > .kt-inside-inner-col:before{opacity:0.3;}.kadence-column29_3c9366-ab{position:relative;}.kadence-column29_3c9366-ab, .kt-inside-inner-col > .kadence-column29_3c9366-ab:not(.specificity){margin-bottom:0px;}@media all and (max-width: 1024px){.kadence-column29_3c9366-ab > .kt-inside-inner-col{flex-direction:column;justify-content:center;}}@media all and (max-width: 767px){.kadence-column29_3c9366-ab > .kt-inside-inner-col{flex-direction:column;justify-content:center;}}<\/style>\n<div class=\"wp-block-kadence-column kadence-column29_3c9366-ab inner-column-2\"><div class=\"kt-inside-inner-col\"><style>.wp-block-kadence-advancedheading.kt-adv-heading29_fdf7ee-85, .wp-block-kadence-advancedheading.kt-adv-heading29_fdf7ee-85[data-kb-block=\"kb-adv-heading29_fdf7ee-85\"]{font-size:35px;font-style:normal;font-family:'Maison Neue Extended', Helvetica, sans-serif;}.wp-block-kadence-advancedheading.kt-adv-heading29_fdf7ee-85 mark.kt-highlight, .wp-block-kadence-advancedheading.kt-adv-heading29_fdf7ee-85[data-kb-block=\"kb-adv-heading29_fdf7ee-85\"] mark.kt-highlight{font-style:normal;color:#f76a0c;-webkit-box-decoration-break:clone;box-decoration-break:clone;padding-top:0px;padding-right:0px;padding-bottom:0px;padding-left:0px;}.wp-block-kadence-advancedheading.kt-adv-heading29_fdf7ee-85 img.kb-inline-image, .wp-block-kadence-advancedheading.kt-adv-heading29_fdf7ee-85[data-kb-block=\"kb-adv-heading29_fdf7ee-85\"] img.kb-inline-image{width:150px;vertical-align:baseline;}<\/style>\n<p class=\"kt-adv-heading29_fdf7ee-85 wp-block-kadence-advancedheading\" data-kb-block=\"kb-adv-heading29_fdf7ee-85\"><strong>Direcci\u00f3n<\/strong><\/p>\n\n\n<style>.kb-row-layout-id29_819d9b-76 > .kt-row-column-wrap{align-content:start;}:where(.kb-row-layout-id29_819d9b-76 > .kt-row-column-wrap) > .wp-block-kadence-column{justify-content:start;}.kb-row-layout-id29_819d9b-76 > .kt-row-column-wrap{column-gap:var(--global-kb-gap-md, 2rem);row-gap:var(--global-kb-gap-md, 2rem);padding-top:var(--global-kb-spacing-sm, 1.5rem);padding-bottom:var(--global-kb-spacing-sm, 1.5rem);grid-template-columns:repeat(2, minmax(0, 1fr));}.kb-row-layout-id29_819d9b-76 > .kt-row-layout-overlay{opacity:0.30;}@media all and (max-width: 1024px){.kb-row-layout-id29_819d9b-76 > .kt-row-column-wrap{grid-template-columns:repeat(2, minmax(0, 1fr));}}@media all and (max-width: 767px){.kb-row-layout-id29_819d9b-76 > .kt-row-column-wrap{grid-template-columns:minmax(0, 1fr);}}<\/style><div class=\"kb-row-layout-wrap kb-row-layout-id29_819d9b-76 alignnone wp-block-kadence-rowlayout\"><div class=\"kt-row-column-wrap kt-has-2-columns kt-row-layout-equal kt-tab-layout-inherit kt-mobile-layout-row kt-row-valign-top\">\n<style>.kadence-column29_5caf0a-9f > .kt-inside-inner-col,.kadence-column29_5caf0a-9f > .kt-inside-inner-col:before{border-top-left-radius:0px;border-top-right-radius:0px;border-bottom-right-radius:0px;border-bottom-left-radius:0px;}.kadence-column29_5caf0a-9f > .kt-inside-inner-col{column-gap:var(--global-kb-gap-sm, 1rem);}.kadence-column29_5caf0a-9f > .kt-inside-inner-col{flex-direction:column;}.kadence-column29_5caf0a-9f > .kt-inside-inner-col > .aligncenter{width:100%;}.kadence-column29_5caf0a-9f > .kt-inside-inner-col:before{opacity:0.3;}.kadence-column29_5caf0a-9f{position:relative;}@media all and (max-width: 1024px){.kadence-column29_5caf0a-9f > .kt-inside-inner-col{flex-direction:column;justify-content:center;}}@media all and (max-width: 767px){.kadence-column29_5caf0a-9f > .kt-inside-inner-col{flex-direction:column;justify-content:center;}}<\/style>\n<div class=\"wp-block-kadence-column kadence-column29_5caf0a-9f inner-column-1\"><div class=\"kt-inside-inner-col\"><style>.wp-block-kadence-advancedheading.kt-adv-heading29_1ac035-d1, .wp-block-kadence-advancedheading.kt-adv-heading29_1ac035-d1[data-kb-block=\"kb-adv-heading29_1ac035-d1\"]{font-size:18px;font-style:normal;}.wp-block-kadence-advancedheading.kt-adv-heading29_1ac035-d1 mark.kt-highlight, .wp-block-kadence-advancedheading.kt-adv-heading29_1ac035-d1[data-kb-block=\"kb-adv-heading29_1ac035-d1\"] mark.kt-highlight{font-style:normal;color:#f76a0c;-webkit-box-decoration-break:clone;box-decoration-break:clone;padding-top:0px;padding-right:0px;padding-bottom:0px;padding-left:0px;}.wp-block-kadence-advancedheading.kt-adv-heading29_1ac035-d1 img.kb-inline-image, .wp-block-kadence-advancedheading.kt-adv-heading29_1ac035-d1[data-kb-block=\"kb-adv-heading29_1ac035-d1\"] img.kb-inline-image{width:150px;vertical-align:baseline;}<\/style>\n<p class=\"kt-adv-heading29_1ac035-d1 wp-block-kadence-advancedheading\" data-kb-block=\"kb-adv-heading29_1ac035-d1\"><em>Phone<\/em><br><strong><a href=\"tel:+494027160909\">+49 40 271 609 09<\/a><\/strong><\/p>\n\n\n<style>.wp-block-kadence-advancedheading.kt-adv-heading29_eaa1da-90, .wp-block-kadence-advancedheading.kt-adv-heading29_eaa1da-90[data-kb-block=\"kb-adv-heading29_eaa1da-90\"]{font-style:normal;}.wp-block-kadence-advancedheading.kt-adv-heading29_eaa1da-90 mark.kt-highlight, .wp-block-kadence-advancedheading.kt-adv-heading29_eaa1da-90[data-kb-block=\"kb-adv-heading29_eaa1da-90\"] mark.kt-highlight{font-style:normal;color:#f76a0c;-webkit-box-decoration-break:clone;box-decoration-break:clone;padding-top:0px;padding-right:0px;padding-bottom:0px;padding-left:0px;}.wp-block-kadence-advancedheading.kt-adv-heading29_eaa1da-90 img.kb-inline-image, .wp-block-kadence-advancedheading.kt-adv-heading29_eaa1da-90[data-kb-block=\"kb-adv-heading29_eaa1da-90\"] img.kb-inline-image{width:150px;vertical-align:baseline;}<\/style>\n<p class=\"kt-adv-heading29_eaa1da-90 wp-block-kadence-advancedheading\" data-kb-block=\"kb-adv-heading29_eaa1da-90\"><em>Email<\/em><br><strong>info@mtcontainer.com<\/strong><\/p>\n\n\n<style>.wp-block-kadence-advancedheading.kt-adv-heading29_f1f60d-fe, .wp-block-kadence-advancedheading.kt-adv-heading29_f1f60d-fe[data-kb-block=\"kb-adv-heading29_f1f60d-fe\"]{font-style:normal;}.wp-block-kadence-advancedheading.kt-adv-heading29_f1f60d-fe mark.kt-highlight, .wp-block-kadence-advancedheading.kt-adv-heading29_f1f60d-fe[data-kb-block=\"kb-adv-heading29_f1f60d-fe\"] mark.kt-highlight{font-style:normal;color:#f76a0c;-webkit-box-decoration-break:clone;box-decoration-break:clone;padding-top:0px;padding-right:0px;padding-bottom:0px;padding-left:0px;}.wp-block-kadence-advancedheading.kt-adv-heading29_f1f60d-fe img.kb-inline-image, .wp-block-kadence-advancedheading.kt-adv-heading29_f1f60d-fe[data-kb-block=\"kb-adv-heading29_f1f60d-fe\"] img.kb-inline-image{width:150px;vertical-align:baseline;}<\/style>\n<p class=\"kt-adv-heading29_f1f60d-fe wp-block-kadence-advancedheading\" data-kb-block=\"kb-adv-heading29_f1f60d-fe\"><em>Address<\/em><br><strong>MT Container GmbH<br>Passeig de Gr\u00e0cia 229<br>08008 <\/strong><br><strong>Barcelona, Spain<\/strong><\/p>\n<\/div><\/div>\n\n\n<style>.kadence-column29_8236e0-ed > .kt-inside-inner-col,.kadence-column29_8236e0-ed > .kt-inside-inner-col:before{border-top-left-radius:0px;border-top-right-radius:0px;border-bottom-right-radius:0px;border-bottom-left-radius:0px;}.kadence-column29_8236e0-ed > .kt-inside-inner-col{column-gap:var(--global-kb-gap-sm, 1rem);}.kadence-column29_8236e0-ed > .kt-inside-inner-col{flex-direction:column;}.kadence-column29_8236e0-ed > .kt-inside-inner-col > .aligncenter{width:100%;}.kadence-column29_8236e0-ed > .kt-inside-inner-col:before{opacity:0.3;}.kadence-column29_8236e0-ed{position:relative;}@media all and (max-width: 1024px){.kadence-column29_8236e0-ed > .kt-inside-inner-col{flex-direction:column;justify-content:center;}}@media all and (max-width: 767px){.kadence-column29_8236e0-ed > .kt-inside-inner-col{flex-direction:column;justify-content:center;}}<\/style>\n<div class=\"wp-block-kadence-column kadence-column29_8236e0-ed inner-column-2\"><div class=\"kt-inside-inner-col\"><style>.wp-block-kadence-advancedheading.kt-adv-heading29_a70138-05, .wp-block-kadence-advancedheading.kt-adv-heading29_a70138-05[data-kb-block=\"kb-adv-heading29_a70138-05\"]{font-style:normal;}.wp-block-kadence-advancedheading.kt-adv-heading29_a70138-05 mark.kt-highlight, .wp-block-kadence-advancedheading.kt-adv-heading29_a70138-05[data-kb-block=\"kb-adv-heading29_a70138-05\"] mark.kt-highlight{font-style:normal;color:#f76a0c;-webkit-box-decoration-break:clone;box-decoration-break:clone;padding-top:0px;padding-right:0px;padding-bottom:0px;padding-left:0px;}.wp-block-kadence-advancedheading.kt-adv-heading29_a70138-05 img.kb-inline-image, .wp-block-kadence-advancedheading.kt-adv-heading29_a70138-05[data-kb-block=\"kb-adv-heading29_a70138-05\"] img.kb-inline-image{width:150px;vertical-align:baseline;}<\/style>\n<p class=\"kt-adv-heading29_a70138-05 wp-block-kadence-advancedheading\" data-kb-block=\"kb-adv-heading29_a70138-05\">Horario de apertura<br><strong>De lunes a viernes<br>De 7:00 a 17:00<\/strong><\/p>\n<\/div><\/div>\n\n<\/div><\/div><\/div><\/div>\n\n<\/div><\/div>","protected":false},"excerpt":{"rendered":"<p>Cont\u00e1ctenos M\u00e1s informaci\u00f3n Env\u00edenos su consulta a trav\u00e9s del formulario de contacto. Sus datos de contacto se almacenar\u00e1n y solo se utilizar\u00e1n para responder adecuadamente a su consulta y seg\u00fan lo exija la ley. Consulte nuestra pol\u00edtica de privacidad. Direcci\u00f3n Phone+49 40 271 609 09 Emailinfo@mtcontainer.com AddressMT Container GmbHPasseig de Gr\u00e0cia 22908008 Barcelona, Spain Horario&#8230;<\/p>\n","protected":false},"author":1,"featured_media":0,"parent":0,"menu_order":0,"comment_status":"closed","ping_status":"closed","template":"","meta":{"_acf_changed":false,"_kad_blocks_custom_css":".kb-form .kadence-blocks-form-field .kb-text-style-field {\n  padding: 10px 12px 10px 0 !important;\n}\n@media (min-width:1025px) {\n\t#intro {\n\t\tbackground: linear-gradient(90deg, rgb(255, 255, 255) 0%, rgb(255, 255, 255) 60%, rgb(242, 243, 248) 60.001%, rgb(242, 243, 248) 200%);\n\t}\n\t#contact-form {\n\t\tbackground: linear-gradient(90deg, rgb(248, 248, 251) 0%, rgb(248, 248, 251) 60%, rgb(242, 243, 248) 60.001%, rgb(242, 243, 248) 200%);\n\t}\n}","_kad_blocks_head_custom_js":"","_kad_blocks_body_custom_js":"","_kad_blocks_footer_custom_js":"","_kad_post_transparent":"","_kad_post_title":"hide","_kad_post_layout":"fullwidth","_kad_post_sidebar_id":"","_kad_post_content_style":"","_kad_post_vertical_padding":"bottom","_kad_post_feature":"","_kad_post_feature_position":"","_kad_post_header":false,"_kad_post_footer":false,"_kad_post_classname":"","footnotes":""},"class_list":["post-29","page","type-page","status-publish","hentry"],"acf":[],"taxonomy_info":[],"featured_image_src_large":false,"author_info":{"display_name":"Frank","author_link":"https:\/\/www.mtcontainer.com\/es\/author\/frank\/"},"comment_info":0,"_links":{"self":[{"href":"https:\/\/www.mtcontainer.com\/es\/wp-json\/wp\/v2\/pages\/29","targetHints":{"allow":["GET"]}}],"collection":[{"href":"https:\/\/www.mtcontainer.com\/es\/wp-json\/wp\/v2\/pages"}],"about":[{"href":"https:\/\/www.mtcontainer.com\/es\/wp-json\/wp\/v2\/types\/page"}],"author":[{"embeddable":true,"href":"https:\/\/www.mtcontainer.com\/es\/wp-json\/wp\/v2\/users\/1"}],"replies":[{"embeddable":true,"href":"https:\/\/www.mtcontainer.com\/es\/wp-json\/wp\/v2\/comments?post=29"}],"version-history":[{"count":10,"href":"https:\/\/www.mtcontainer.com\/es\/wp-json\/wp\/v2\/pages\/29\/revisions"}],"predecessor-version":[{"id":224455,"href":"https:\/\/www.mtcontainer.com\/es\/wp-json\/wp\/v2\/pages\/29\/revisions\/224455"}],"wp:attachment":[{"href":"https:\/\/www.mtcontainer.com\/es\/wp-json\/wp\/v2\/media?parent=29"}],"curies":[{"name":"wp","href":"https:\/\/api.w.org\/{rel}","templated":true}]}}