{"id":222449,"date":"2023-04-22T19:32:16","date_gmt":"2023-04-22T17:32:16","guid":{"rendered":"https:\/\/www.mtcontainer.com\/es\/?page_id=222449"},"modified":"2026-02-23T18:07:30","modified_gmt":"2026-02-23T17:07:30","slug":"aviso-legal","status":"publish","type":"page","link":"https:\/\/www.mtcontainer.com\/es\/aviso-legal\/","title":{"rendered":"Aviso Legal"},"content":{"rendered":"<style>.kb-row-layout-id222449_0829d2-34 > .kt-row-column-wrap{align-content:start;}:where(.kb-row-layout-id222449_0829d2-34 > .kt-row-column-wrap) > .wp-block-kadence-column{justify-content:start;}.kb-row-layout-id222449_0829d2-34 > .kt-row-column-wrap{column-gap:var(--global-kb-gap-md, 2rem);row-gap:var(--global-kb-gap-md, 2rem);max-width:var( --global-content-width, 1600px );padding-left:var(--global-content-edge-padding);padding-right:var(--global-content-edge-padding);padding-top:250px;padding-bottom:0px;grid-template-columns:minmax(0, 1fr);}.kb-row-layout-id222449_0829d2-34{background-image:url('https:\/\/www.mtcontainer.com\/es\/wp-content\/uploads\/sites\/6\/Scaled-containers.jpg');background-size:cover;background-position:51% 51%;background-attachment:scroll;background-repeat:no-repeat;}.kb-row-layout-id222449_0829d2-34 > .kt-row-layout-overlay{opacity:0.30;}@media all and (max-width: 1024px){.kb-row-layout-id222449_0829d2-34 > .kt-row-column-wrap{grid-template-columns:minmax(0, 1fr);}}@media all and (max-width: 767px){.kb-row-layout-id222449_0829d2-34 > .kt-row-column-wrap{padding-top:120px;grid-template-columns:minmax(0, 1fr);}}<\/style><div class=\"kb-row-layout-wrap kb-row-layout-id222449_0829d2-34 alignfull kt-row-has-bg wp-block-kadence-rowlayout\"><div class=\"kt-row-column-wrap kt-has-1-columns kt-row-layout-equal kt-tab-layout-inherit kt-mobile-layout-row kt-row-valign-top kb-theme-content-width\">\n<style>.kadence-column222449_5e6f48-e4 > .kt-inside-inner-col,.kadence-column222449_5e6f48-e4 > .kt-inside-inner-col:before{border-top-left-radius:0px;border-top-right-radius:0px;border-bottom-right-radius:0px;border-bottom-left-radius:0px;}.kadence-column222449_5e6f48-e4 > .kt-inside-inner-col{column-gap:var(--global-kb-gap-sm, 1rem);}.kadence-column222449_5e6f48-e4 > .kt-inside-inner-col{flex-direction:column;}.kadence-column222449_5e6f48-e4 > .kt-inside-inner-col > .aligncenter{width:100%;}.kadence-column222449_5e6f48-e4 > .kt-inside-inner-col{background-color:var(--global-palette9, #ffffff);}.kadence-column222449_5e6f48-e4 > .kt-inside-inner-col:before{opacity:0.3;}.kadence-column222449_5e6f48-e4{position:relative;}.kadence-column222449_5e6f48-e4, .kt-inside-inner-col > .kadence-column222449_5e6f48-e4:not(.specificity){margin-right:0px;margin-left:0px;}@media all and (max-width: 1024px){.kadence-column222449_5e6f48-e4 > .kt-inside-inner-col{flex-direction:column;justify-content:center;}}@media all and (max-width: 767px){.kadence-column222449_5e6f48-e4 > .kt-inside-inner-col{flex-direction:column;justify-content:center;}}<\/style>\n<div class=\"wp-block-kadence-column kadence-column222449_5e6f48-e4 inner-column-1\"><div class=\"kt-inside-inner-col\"><style>.wp-block-kadence-advancedheading.kt-adv-heading222449_def787-e9, .wp-block-kadence-advancedheading.kt-adv-heading222449_def787-e9[data-kb-block=\"kb-adv-heading222449_def787-e9\"]{padding-top:5px;padding-left:10px;font-size:30px;font-style:normal;color:#006c95;}.wp-block-kadence-advancedheading.kt-adv-heading222449_def787-e9 mark.kt-highlight, .wp-block-kadence-advancedheading.kt-adv-heading222449_def787-e9[data-kb-block=\"kb-adv-heading222449_def787-e9\"] mark.kt-highlight{font-style:normal;color:#f76a0c;-webkit-box-decoration-break:clone;box-decoration-break:clone;padding-top:0px;padding-right:0px;padding-bottom:0px;padding-left:0px;}.wp-block-kadence-advancedheading.kt-adv-heading222449_def787-e9 img.kb-inline-image, .wp-block-kadence-advancedheading.kt-adv-heading222449_def787-e9[data-kb-block=\"kb-adv-heading222449_def787-e9\"] img.kb-inline-image{width:150px;vertical-align:baseline;}<\/style>\n<h1 class=\"kt-adv-heading222449_def787-e9 wp-block-kadence-advancedheading\" data-kb-block=\"kb-adv-heading222449_def787-e9\">Aviso Legal<\/h1>\n<\/div><\/div>\n\n<\/div><\/div>\n\n<style>.kb-row-layout-id222449_dbdffd-0b > .kt-row-column-wrap{align-content:start;}:where(.kb-row-layout-id222449_dbdffd-0b > .kt-row-column-wrap) > .wp-block-kadence-column{justify-content:start;}.kb-row-layout-id222449_dbdffd-0b > .kt-row-column-wrap{column-gap:var(--global-kb-gap-md, 2rem);row-gap:var(--global-kb-gap-md, 2rem);max-width:var( --global-content-width, 1600px );padding-left:var(--global-content-edge-padding);padding-right:var(--global-content-edge-padding);padding-top:var(--global-kb-spacing-xl, 4rem);padding-bottom:var(--global-kb-spacing-sm, 1.5rem);grid-template-columns:minmax(0, calc(60% - ((var(--global-kb-gap-md, 2rem) * 1 )\/2)))minmax(0, calc(40% - ((var(--global-kb-gap-md, 2rem) * 1 )\/2)));}.kb-row-layout-id222449_dbdffd-0b > .kt-row-layout-overlay{opacity:0.30;}@media all and (max-width: 1024px){.kb-row-layout-id222449_dbdffd-0b > .kt-row-column-wrap{grid-template-columns:repeat(2, minmax(0, 1fr));}}@media all and (max-width: 767px){.kb-row-layout-id222449_dbdffd-0b > .kt-row-column-wrap{grid-template-columns:minmax(0, 1fr);}}<\/style><div class=\"kb-row-layout-wrap kb-row-layout-id222449_dbdffd-0b alignfull wp-block-kadence-rowlayout\"><div class=\"kt-row-column-wrap kt-has-2-columns kt-row-layout-equal kt-tab-layout-inherit kt-mobile-layout-row kt-row-valign-top kb-theme-content-width\">\n<style>.kadence-column222449_e97eed-49 > .kt-inside-inner-col{padding-left:var(--global-kb-spacing-xxs, 0.5rem);}.kadence-column222449_e97eed-49 > .kt-inside-inner-col,.kadence-column222449_e97eed-49 > .kt-inside-inner-col:before{border-top-left-radius:0px;border-top-right-radius:0px;border-bottom-right-radius:0px;border-bottom-left-radius:0px;}.kadence-column222449_e97eed-49 > .kt-inside-inner-col{column-gap:var(--global-kb-gap-sm, 1rem);}.kadence-column222449_e97eed-49 > .kt-inside-inner-col{flex-direction:column;}.kadence-column222449_e97eed-49 > .kt-inside-inner-col > .aligncenter{width:100%;}.kadence-column222449_e97eed-49 > .kt-inside-inner-col:before{opacity:0.3;}.kadence-column222449_e97eed-49{position:relative;}@media all and (max-width: 1024px){.kadence-column222449_e97eed-49 > .kt-inside-inner-col{flex-direction:column;justify-content:center;}}@media all and (max-width: 767px){.kadence-column222449_e97eed-49 > .kt-inside-inner-col{flex-direction:column;justify-content:center;}}<\/style>\n<div class=\"wp-block-kadence-column kadence-column222449_e97eed-49\"><div class=\"kt-inside-inner-col\">\n<h2 class=\"wp-block-heading\"><strong>Aviso legal<\/strong><\/h2>\n\n\n\n<h3 class=\"wp-block-heading\"><strong>Proveedor<\/strong><\/h3>\n\n\n\n<p><strong>MT Container GmbH<\/strong><br>Reiherstiegdeich 55<br>21107 Hamburgo<br>Alemania<\/p>\n\n\n\n<hr class=\"wp-block-separator has-alpha-channel-opacity\"\/>\n\n\n\n<h3 class=\"wp-block-heading\"><strong>Opciones de contacto<\/strong><\/h3>\n\n\n\n<p><strong>Correo electr\u00f3nico:<\/strong> privacy[at]mtcontainer.de<br><strong>Tel\u00e9fono:<\/strong> +49 (0) 40 271 609 \u2013 09<br><strong>Fax:<\/strong> +49 (0) 40 271 609 \u2013 14<\/p>\n\n\n\n<hr class=\"wp-block-separator has-alpha-channel-opacity\"\/>\n\n\n\n<h3 class=\"wp-block-heading\"><strong>Datos de la empresa<\/strong><\/h3>\n\n\n\n<p><strong>N\u00famero de identificaci\u00f3n a efectos del IVA:<\/strong> DE301605006<\/p>\n\n\n\n<hr class=\"wp-block-separator has-alpha-channel-opacity\"\/>\n\n\n\n<h3 class=\"wp-block-heading\"><strong>Registro, tipo de registro y n\u00famero de registro<\/strong><\/h3>\n\n\n\n<p><strong>Registro Mercantil.<\/strong><\/p>\n\n\n\n<p>El registro est\u00e1 gestionado por: <strong>Amtsgericht Hamburg<\/strong><br>N\u00famero de registro: <strong>HRB 137791<\/strong><\/p>\n\n\n\n<hr class=\"wp-block-separator has-alpha-channel-opacity\"\/>\n\n\n\n<h3 class=\"wp-block-heading\"><strong>Cuentas de redes sociales y otros perfiles en l\u00ednea<\/strong><\/h3>\n\n\n\n<p>Este aviso legal tambi\u00e9n se aplica a las siguientes cuentas de redes sociales y perfiles en l\u00ednea:<\/p>\n\n\n\n<figure class=\"wp-block-embed\"><div class=\"wp-block-embed__wrapper\">\nhttps:\/\/www.instagram.com\/mtcontainer\n<\/div><\/figure>\n\n\n\n<hr class=\"wp-block-separator has-alpha-channel-opacity\"\/>\n\n\n\n<h2 class=\"wp-block-heading\"><strong>Informaci\u00f3n sobre responsabilidad y derechos de propiedad intelectual<\/strong><\/h2>\n\n\n\n<h3 class=\"wp-block-heading\"><strong>Exenci\u00f3n de responsabilidad<\/strong><\/h3>\n\n\n\n<p>Aunque el contenido de este sitio web ha sido elaborado con gran cuidado y refleja nuestro conocimiento actual, se proporciona \u00fanicamente con fines informativos y sin car\u00e1cter jur\u00eddicamente vinculante, salvo cuando la divulgaci\u00f3n de dicha informaci\u00f3n sea exigida por ley (por ejemplo, el aviso legal), la pol\u00edtica de privacidad, los t\u00e9rminos y condiciones o instrucciones obligatorias para consumidores. Nos reservamos el derecho de modificar o eliminar el contenido, total o parcialmente, siempre que ello no afecte a nuestras obligaciones contractuales existentes. Todo el contenido del sitio web est\u00e1 sujeto a cambios y no es vinculante.<\/p>\n\n\n\n<h3 class=\"wp-block-heading\"><strong>Exenci\u00f3n de responsabilidad sobre enlaces<\/strong><\/h3>\n\n\n\n<p>No aceptamos ninguna responsabilidad por el contenido de sitios web externos a los que enlazamos, directa o indirectamente, ni respaldamos dicho contenido. Los proveedores de los sitios web enlazados son los \u00fanicos responsables de todos los contenidos presentados en sus sitios web y, en particular, de cualquier da\u00f1o derivado del uso de la informaci\u00f3n ofrecida en sus sitios web.<\/p>\n\n\n\n<h3 class=\"wp-block-heading\"><strong>Derechos de autor y marcas<\/strong><\/h3>\n\n\n\n<p>Todos los contenidos presentados en este sitio web, como textos, fotograf\u00edas, gr\u00e1ficos, marcas y nombres comerciales, est\u00e1n protegidos por los respectivos derechos de propiedad intelectual (derechos de autor, derechos de marca). Su uso, reproducci\u00f3n, etc. est\u00e1 sujeto a nuestros derechos o a los derechos de los respectivos autores o titulares de los derechos.<\/p>\n\n\n\n<h3 class=\"wp-block-heading\"><strong>Informaci\u00f3n sobre infracciones legales<\/strong><\/h3>\n\n\n\n<p>Por favor, notif\u00edquenos si detecta cualquier infracci\u00f3n de derechos en nuestro sitio web. Una vez recibida la notificaci\u00f3n, eliminaremos de inmediato cualquier contenido o enlace ilegal.<\/p>\n\n\n\n<hr class=\"wp-block-separator has-alpha-channel-opacity\"\/>\n\n\n\n<h2 class=\"wp-block-heading\"><strong>Dise\u00f1o e implementaci\u00f3n del sitio web<\/strong><\/h2>\n\n\n\n<p>Horizzons<\/p>\n\n\n\n<hr class=\"wp-block-separator has-alpha-channel-opacity\"\/>\n\n\n\n<h2 class=\"wp-block-heading\"><strong>Cr\u00e9ditos de im\u00e1genes<\/strong><\/h2>\n\n\n\n<p><strong>Fuentes de im\u00e1genes y avisos de derechos de autor:<\/strong><br>Shutterstock.com<\/p>\n<\/div><\/div>\n\n\n<style>.kadence-column222449_d9836b-0b > .kt-inside-inner-col,.kadence-column222449_d9836b-0b > .kt-inside-inner-col:before{border-top-left-radius:0px;border-top-right-radius:0px;border-bottom-right-radius:0px;border-bottom-left-radius:0px;}.kadence-column222449_d9836b-0b > .kt-inside-inner-col{column-gap:var(--global-kb-gap-sm, 1rem);}.kadence-column222449_d9836b-0b > .kt-inside-inner-col{flex-direction:column;}.kadence-column222449_d9836b-0b > .kt-inside-inner-col > .aligncenter{width:100%;}.kadence-column222449_d9836b-0b > .kt-inside-inner-col:before{opacity:0.3;}.kadence-column222449_d9836b-0b{position:relative;}@media all and (max-width: 1024px){.kadence-column222449_d9836b-0b > .kt-inside-inner-col{flex-direction:column;justify-content:center;}}@media all and (max-width: 767px){.kadence-column222449_d9836b-0b > .kt-inside-inner-col{flex-direction:column;justify-content:center;}}<\/style>\n<div class=\"wp-block-kadence-column kadence-column222449_d9836b-0b\"><div class=\"kt-inside-inner-col\"><\/div><\/div>\n\n<\/div><\/div>","protected":false},"excerpt":{"rendered":"<p>Aviso Legal Aviso legal Proveedor MT Container GmbHReiherstiegdeich 5521107 HamburgoAlemania Opciones de contacto Correo electr\u00f3nico: privacy[at]mtcontainer.deTel\u00e9fono: +49 (0) 40 271 609 \u2013 09Fax: +49 (0) 40 271 609 \u2013 14 Datos de la empresa N\u00famero de identificaci\u00f3n a efectos del IVA: DE301605006 Registro, tipo de registro y n\u00famero de registro Registro Mercantil. El registro est\u00e1&#8230;<\/p>\n","protected":false},"author":1,"featured_media":120842,"parent":0,"menu_order":0,"comment_status":"closed","ping_status":"closed","template":"","meta":{"_acf_changed":false,"_kad_blocks_custom_css":"","_kad_blocks_head_custom_js":"","_kad_blocks_body_custom_js":"","_kad_blocks_footer_custom_js":"","_kad_post_transparent":"","_kad_post_title":"hide","_kad_post_layout":"","_kad_post_sidebar_id":"","_kad_post_content_style":"","_kad_post_vertical_padding":"","_kad_post_feature":"","_kad_post_feature_position":"","_kad_post_header":false,"_kad_post_footer":false,"_kad_post_classname":"","footnotes":""},"class_list":["post-222449","page","type-page","status-publish","has-post-thumbnail","hentry"],"acf":[],"taxonomy_info":[],"featured_image_src_large":["https:\/\/www.mtcontainer.com\/es\/wp-content\/uploads\/sites\/6\/Scaled-containers-1024x682.jpg",1024,682,true],"author_info":{"display_name":"Frank","author_link":"https:\/\/www.mtcontainer.com\/es\/author\/frank\/"},"comment_info":0,"_links":{"self":[{"href":"https:\/\/www.mtcontainer.com\/es\/wp-json\/wp\/v2\/pages\/222449","targetHints":{"allow":["GET"]}}],"collection":[{"href":"https:\/\/www.mtcontainer.com\/es\/wp-json\/wp\/v2\/pages"}],"about":[{"href":"https:\/\/www.mtcontainer.com\/es\/wp-json\/wp\/v2\/types\/page"}],"author":[{"embeddable":true,"href":"https:\/\/www.mtcontainer.com\/es\/wp-json\/wp\/v2\/users\/1"}],"replies":[{"embeddable":true,"href":"https:\/\/www.mtcontainer.com\/es\/wp-json\/wp\/v2\/comments?post=222449"}],"version-history":[{"count":4,"href":"https:\/\/www.mtcontainer.com\/es\/wp-json\/wp\/v2\/pages\/222449\/revisions"}],"predecessor-version":[{"id":224411,"href":"https:\/\/www.mtcontainer.com\/es\/wp-json\/wp\/v2\/pages\/222449\/revisions\/224411"}],"wp:featuredmedia":[{"embeddable":true,"href":"https:\/\/www.mtcontainer.com\/es\/wp-json\/wp\/v2\/media\/120842"}],"wp:attachment":[{"href":"https:\/\/www.mtcontainer.com\/es\/wp-json\/wp\/v2\/media?parent=222449"}],"curies":[{"name":"wp","href":"https:\/\/api.w.org\/{rel}","templated":true}]}}