{"id":21,"date":"2023-01-30T01:40:44","date_gmt":"2023-01-30T00:40:44","guid":{"rendered":"https:\/\/www.mtcontainer.com\/es\/?page_id=21"},"modified":"2026-03-27T10:26:09","modified_gmt":"2026-03-27T09:26:09","slug":"blog","status":"publish","type":"page","link":"https:\/\/www.mtcontainer.com\/es\/blog\/","title":{"rendered":"Blog"},"content":{"rendered":"<style>.kb-row-layout-id21_04259b-ef > .kt-row-column-wrap{align-content:start;}:where(.kb-row-layout-id21_04259b-ef > .kt-row-column-wrap) > .wp-block-kadence-column{justify-content:start;}.kb-row-layout-id21_04259b-ef > .kt-row-column-wrap{column-gap:var(--global-kb-gap-md, 2rem);row-gap:var(--global-kb-gap-md, 2rem);max-width:var( --global-content-width, 1600px );padding-left:var(--global-content-edge-padding);padding-right:var(--global-content-edge-padding);padding-top:30px;padding-right:35px;padding-bottom:0px;padding-left:35px;grid-template-columns:minmax(0, 1fr);}.kb-row-layout-id21_04259b-ef > .kt-row-layout-overlay{opacity:1;background-color:var(--global-palette7, #EDF2F7);}@media all and (max-width: 1024px){.kb-row-layout-id21_04259b-ef > .kt-row-column-wrap{grid-template-columns:minmax(0, 1fr);}}@media all and (max-width: 767px){.kb-row-layout-id21_04259b-ef > .kt-row-column-wrap{grid-template-columns:minmax(0, 1fr);}}@media screen and (min-width: 1025px) {\t.has-left-sidebar #primary .content-container {\t\tgrid-template-columns: 2fr 8fr;\t}}.wp-block-kadence-posts .entry-footer {  position: absolute;  bottom: -18px;  padding: 0.3em 0.7em 0.3em 0.5em;  background: var(--global-palette2);  color: #fff;}.wp-block-kadence-posts a.post-more-link:hover {  color: #fff !important;  }.wp-block-kadence-posts .entry-content-wrap {  height: 405px;}<\/style><div class=\"kb-row-layout-wrap kb-row-layout-id21_04259b-ef alignfull kt-row-has-bg wp-block-kadence-rowlayout\"><div class=\"kt-row-layout-overlay kt-row-overlay-normal\"><\/div><div class=\"kt-row-column-wrap kt-has-1-columns kt-row-layout-equal kt-tab-layout-inherit kt-mobile-layout-row kt-row-valign-top kb-theme-content-width\">\n<style>.kadence-column21_67189b-12 > .kt-inside-inner-col,.kadence-column21_67189b-12 > .kt-inside-inner-col:before{border-top-left-radius:0px;border-top-right-radius:0px;border-bottom-right-radius:0px;border-bottom-left-radius:0px;}.kadence-column21_67189b-12 > .kt-inside-inner-col{column-gap:var(--global-kb-gap-sm, 1rem);}.kadence-column21_67189b-12 > .kt-inside-inner-col{flex-direction:column;}.kadence-column21_67189b-12 > .kt-inside-inner-col > .aligncenter{width:100%;}.kadence-column21_67189b-12 > .kt-inside-inner-col:before{opacity:0.3;}.kadence-column21_67189b-12{position:relative;}@media all and (max-width: 1024px){.kadence-column21_67189b-12 > .kt-inside-inner-col{flex-direction:column;justify-content:center;}}@media all and (max-width: 767px){.kadence-column21_67189b-12 > .kt-inside-inner-col{flex-direction:column;justify-content:center;}}<\/style>\n<div class=\"wp-block-kadence-column kadence-column21_67189b-12 inner-column-1\"><div class=\"kt-inside-inner-col\"><style>.wp-block-kadence-advancedheading.kt-adv-heading21_183e36-2e, .wp-block-kadence-advancedheading.kt-adv-heading21_183e36-2e[data-kb-block=\"kb-adv-heading21_183e36-2e\"]{margin-bottom:0.9em;font-size:37px;font-style:normal;}.wp-block-kadence-advancedheading.kt-adv-heading21_183e36-2e mark.kt-highlight, .wp-block-kadence-advancedheading.kt-adv-heading21_183e36-2e[data-kb-block=\"kb-adv-heading21_183e36-2e\"] mark.kt-highlight{font-style:normal;color:#f76a0c;-webkit-box-decoration-break:clone;box-decoration-break:clone;padding-top:0px;padding-right:0px;padding-bottom:0px;padding-left:0px;}.wp-block-kadence-advancedheading.kt-adv-heading21_183e36-2e img.kb-inline-image, .wp-block-kadence-advancedheading.kt-adv-heading21_183e36-2e[data-kb-block=\"kb-adv-heading21_183e36-2e\"] img.kb-inline-image{width:150px;vertical-align:baseline;}<\/style>\n<h1 class=\"kt-adv-heading21_183e36-2e wp-block-kadence-advancedheading\" data-kb-block=\"kb-adv-heading21_183e36-2e\">MT Container Blog<\/h1>\n\n\n<style>.kb-row-layout-id21_567d82-fa > .kt-row-column-wrap{align-content:start;}:where(.kb-row-layout-id21_567d82-fa > .kt-row-column-wrap) > .wp-block-kadence-column{justify-content:start;}.kb-row-layout-id21_567d82-fa > .kt-row-column-wrap{column-gap:var(--global-kb-gap-md, 2rem);row-gap:var(--global-kb-gap-md, 2rem);max-width:var( --global-content-width, 1600px );padding-left:var(--global-content-edge-padding);padding-right:var(--global-content-edge-padding);padding-top:0px;padding-right:0px;padding-bottom:80px;padding-left:0px;grid-template-columns:minmax(0, 1fr);}.kb-row-layout-id21_567d82-fa > .kt-row-layout-overlay{opacity:0.30;}@media all and (max-width: 1024px){.kb-row-layout-id21_567d82-fa > .kt-row-column-wrap{grid-template-columns:minmax(0, 1fr);}}@media all and (max-width: 767px){.kb-row-layout-id21_567d82-fa > .kt-row-column-wrap{grid-template-columns:minmax(0, 1fr);}}<\/style><div class=\"kb-row-layout-wrap kb-row-layout-id21_567d82-fa alignnone wp-block-kadence-rowlayout\"><div class=\"kt-row-column-wrap kt-has-1-columns kt-row-layout-equal kt-tab-layout-inherit kt-mobile-layout-row kt-row-valign-top kb-theme-content-width\">\n<style>.kadence-column21_47eebe-69 > .kt-inside-inner-col,.kadence-column21_47eebe-69 > .kt-inside-inner-col:before{border-top-left-radius:0px;border-top-right-radius:0px;border-bottom-right-radius:0px;border-bottom-left-radius:0px;}.kadence-column21_47eebe-69 > .kt-inside-inner-col{column-gap:var(--global-kb-gap-sm, 1rem);}.kadence-column21_47eebe-69 > .kt-inside-inner-col{flex-direction:column;}.kadence-column21_47eebe-69 > .kt-inside-inner-col > .aligncenter{width:100%;}.kadence-column21_47eebe-69 > .kt-inside-inner-col:before{opacity:0.3;}.kadence-column21_47eebe-69{position:relative;}@media all and (max-width: 1024px){.kadence-column21_47eebe-69 > .kt-inside-inner-col{flex-direction:column;justify-content:center;}}@media all and (max-width: 767px){.kadence-column21_47eebe-69 > .kt-inside-inner-col{flex-direction:column;justify-content:center;}}.kadence-column21_47eebe-69 .kadence-post-image-intrisic {  height: 100%;}@media screen and (min-width: 1025px) and (max-width:1500px) {\t.kadence-column21_47eebe-69 .grid-lg-col-3 {\t\tgrid-template-columns: repeat(2, minmax(0, 1fr));\t}}.kadence-column21_47eebe-69 .wp-block-kadence-posts .entry-content-wrap {  height: unset !important;}.kadence-column21_47eebe-69 article {    position: relative;}<\/style>\n<div class=\"wp-block-kadence-column kadence-column21_47eebe-69 inner-column-1\"><div class=\"kt-inside-inner-col\"><style>.kt-post-loop21_2bd630-23 .kadence-post-image{padding-top:0px;padding-right:30px;padding-bottom:0px;padding-left:0px;}.kt-post-loop21_2bd630-23 .kt-feat-image-align-left{grid-template-columns:50% auto;}.kt-post-loop21_2bd630-23 .kt-post-grid-wrap{gap:30px 30px;}.kt-post-loop21_2bd630-23 .kt-blocks-post-grid-item{border-top-left-radius:0px;border-top-right-radius:0px;border-bottom-right-radius:0px;border-bottom-left-radius:0px;background-color:var(--global-palette9, #ffffff);overflow:hidden;}.kt-post-loop21_2bd630-23 .kt-blocks-post-grid-item .kt-blocks-post-grid-item-inner{padding-top:30px;padding-right:31px;padding-bottom:20px;padding-left:20px;}.kt-post-loop21_2bd630-23 .kt-blocks-post-grid-item .kt-blocks-post-grid-item-inner{text-align:left;}.kt-post-loop21_2bd630-23 .kt-blocks-post-grid-item header{padding-top:0px;padding-right:0px;padding-bottom:10px;padding-left:0px;margin-top:0px;margin-right:0px;margin-bottom:0px;margin-left:0px;}.kt-post-loop21_2bd630-23 .kt-blocks-post-grid-item .kt-blocks-above-categories{font-size:13px;line-height:20px;text-transform:uppercase;}.kt-post-loop21_2bd630-23 .kt-blocks-post-grid-item .entry-title{padding-top:5px;padding-right:0px;padding-bottom:0px;padding-left:0px;margin-top:0px;margin-right:0px;margin-bottom:0px;margin-left:0px;font-size:24px;line-height:30px;}.kt-post-loop21_2bd630-23 .entry-content{padding-top:0px;padding-right:0px;padding-bottom:0px;padding-left:0px;margin-top:0px;margin-right:0px;margin-bottom:0px;margin-left:0px;font-size:16px;line-height:25px;}.kt-post-loop21_2bd630-23 .kt-blocks-post-footer{border-top-width:0px;border-right-width:0px;border-bottom-width:0px;border-left-width:0px;padding-top:0px;padding-right:0px;padding-bottom:0px;padding-left:0px;margin-top:0px;margin-right:0px;margin-bottom:0px;margin-left:0px;font-size:12px;line-height:20px;text-transform:uppercase;}.kt-post-loop21_2bd630-23 .entry-content:after{height:0px;}.kt-post-loop21_2bd630-23 .entry-content .kt-blocks-post-readmore{background-color:var(--global-palette2, #2B6CB0);border-color:var(--global-palette2, #2B6CB0);color:#ffffff;padding-top:7px;padding-right:14px;padding-bottom:7px;padding-left:14px;margin-top:15px;margin-right:0px;margin-bottom:0px;margin-left:0px;}.kt-post-loop21_2bd630-23 .entry-content .kt-blocks-post-readmore:hover{color:#ffffff;border-color:var(--global-palette2, #2B6CB0);background-color:var(--global-palette2, #2B6CB0);}.kt-post-loop21_2bd630-23 .kb-filter-item{border-top-width:0px;border-right-width:0px;border-bottom-width:2px;border-left-width:0px;padding-top:5px;padding-right:8px;padding-bottom:5px;padding-left:8px;margin-top:0px;margin-right:10px;margin-bottom:0px;margin-left:0px;}@media all and (max-width: 1024px){.kt-post-loop21_2bd630-23 .kadence-post-image{padding-right:0px;}}<\/style><div class=\"wp-block-kadence-postgrid kt-blocks-post-loop-block alignnone kt-post-loop21_2bd630-23 kt-post-grid-layout-grid \"><div class=\"kt-post-grid-layout-grid-wrap kt-post-grid-wrap\" data-columns-xxl=\"1\" data-columns-xl=\"1\" data-columns-md=\"1\" data-columns-sm=\"1\" data-columns-xs=\"1\" data-columns-ss=\"1\"data-item-selector=\".kt-post-masonry-item\" aria-label=\"Post Carousel\"><article class=\"kt-blocks-post-grid-item post-224540 post type-post status-publish format-standard has-post-thumbnail hentry category-success-stories\"><div class=\"kt-blocks-post-grid-item-inner-wrap kt-feat-image-align-left kt-feat-image-mobile-align-top\"><div class=\"kadence-post-image\"><div class=\"kadence-post-image-intrisic kt-image-ratio-66-67\" style=\"padding-bottom:66.67%;\"><div class=\"kadence-post-image-inner-intrisic\"><a aria-hidden=\"true\" tabindex=\"-1\" role=\"presentation\" href=\"https:\/\/www.mtcontainer.com\/es\/blog\/como-los-clubes-deportivos-pueden-optimizar-su-almacenamiento-con-soluciones-flexibles-y-eficientes\/\" aria-label=\"C\u00f3mo los clubes deportivos pueden optimizar su almacenamiento con soluciones flexibles y eficientes\" class=\"kadence-post-image-inner-wrap\"><img loading=\"lazy\" decoding=\"async\" width=\"1024\" height=\"576\" src=\"https:\/\/www.mtcontainer.com\/es\/wp-content\/uploads\/sites\/6\/Container_Sportvereine-1024x576.jpg\" class=\"attachment-large size-large wp-post-image\" alt=\"Contenedor almacen\" srcset=\"https:\/\/www.mtcontainer.com\/es\/wp-content\/uploads\/sites\/6\/Container_Sportvereine-1024x576.jpg 1024w, https:\/\/www.mtcontainer.com\/es\/wp-content\/uploads\/sites\/6\/Container_Sportvereine-300x169.jpg 300w, https:\/\/www.mtcontainer.com\/es\/wp-content\/uploads\/sites\/6\/Container_Sportvereine-768x432.jpg 768w, https:\/\/www.mtcontainer.com\/es\/wp-content\/uploads\/sites\/6\/Container_Sportvereine-1536x864.jpg 1536w, https:\/\/www.mtcontainer.com\/es\/wp-content\/uploads\/sites\/6\/Container_Sportvereine.jpg 1920w\" sizes=\"auto, (max-width: 1024px) 100vw, 1024px\" \/><\/a><\/div><\/div><\/div><div class=\"kt-blocks-post-grid-item-inner\"><header><h2 class=\"entry-title\"><a href=\"https:\/\/www.mtcontainer.com\/es\/blog\/como-los-clubes-deportivos-pueden-optimizar-su-almacenamiento-con-soluciones-flexibles-y-eficientes\/\">C\u00f3mo los clubes deportivos pueden optimizar su almacenamiento con soluciones flexibles y eficientes<\/a><\/h2><div class=\"kt-blocks-post-top-meta\"><\/div><\/header><div class=\"entry-content\">El club TuS Dassendorf enfrentaba una problem\u00e1tica com\u00fan entre las asociaciones deportivas: la ausencia de un almac\u00e9n centralizado, lo que provocaba que el material deportivo estuviera disperso y dificultaba la organizaci\u00f3n, especialmente bajo las restricciones impuestas por la pandemia de COVID-19. Para resolver esta situaci\u00f3n, se implement\u00f3 un contenedor de&#8230;<div class=\"kt-blocks-post-readmore-wrap\"><a class=\"kt-blocks-post-readmore\" href=\"https:\/\/www.mtcontainer.com\/es\/blog\/como-los-clubes-deportivos-pueden-optimizar-su-almacenamiento-con-soluciones-flexibles-y-eficientes\/\">Read More<span class=\"screen-reader-text\"> C\u00f3mo los clubes deportivos pueden optimizar su almacenamiento con soluciones flexibles y eficientes<\/span><\/a><\/div><\/div><footer class=\"kt-blocks-post-footer\"><div class=\"kt-blocks-post-footer-left\"><\/div><div class=\"kt-blocks-post-footer-right\"><\/div><\/footer><\/div><\/div><\/article><\/div><\/div><!-- .wp-block-kadence-postgrid -->\n\n<style>.wp-block-kadence-spacer.kt-block-spacer-21_32f1d7-6c .kt-block-spacer{height:40px;}.wp-block-kadence-spacer.kt-block-spacer-21_32f1d7-6c .kt-divider{border-top-width:1px;height:1px;border-top-color:#eee;width:80%;border-top-style:solid;}<\/style>\n<div class=\"wp-block-kadence-spacer aligncenter kt-block-spacer-21_32f1d7-6c\"><div class=\"kt-block-spacer kt-block-spacer-halign-center\"><\/div><\/div>\n\n\n<style>.kb-posts-id-21_296599-65 .entry.loop-entry .entry-header .entry-title{font-size:24px;}.kb-posts-id-21_296599-65 .kb-post-list-item{display:grid;}<\/style><ul class=\"wp-block-kadence-posts kb-posts kadence-posts-list kb-posts-id-21_296599-65 content-wrap grid-cols kb-posts-style-boxed grid-sm-col-2 grid-lg-col-3 item-image-style-above\"><li class=\"kb-post-list-item\">\n\t<article class=\"entry content-bg loop-entry post-545 post type-post status-publish format-standard has-post-thumbnail hentry category-success-stories\">\n\t\t\t\t<a aria-hidden=\"true\" tabindex=\"-1\" role=\"presentation\" class=\"post-thumbnail kadence-thumbnail-ratio-2-3\" href=\"https:\/\/www.mtcontainer.com\/es\/blog\/analog-steel-container-becomes-digital-pop-up-beer-garden\/\" aria-label=\"C\u00f3mo transformar un contenedor en un bar: soluciones modulares para proyectos innovadores\">\n\t\t\t<div class=\"post-thumbnail-inner\">\n\t\t\t\t<img loading=\"lazy\" decoding=\"async\" width=\"768\" height=\"512\" src=\"https:\/\/www.mtcontainer.com\/es\/wp-content\/uploads\/sites\/6\/tobit-biergarten-header-768x512.jpg\" class=\"attachment-medium_large size-medium_large wp-post-image\" alt=\"C\u00f3mo transformar un contenedor en un bar: soluciones modulares para proyectos innovadores\" srcset=\"https:\/\/www.mtcontainer.com\/es\/wp-content\/uploads\/sites\/6\/tobit-biergarten-header-768x512.jpg 768w, https:\/\/www.mtcontainer.com\/es\/wp-content\/uploads\/sites\/6\/tobit-biergarten-header-300x200.jpg 300w, https:\/\/www.mtcontainer.com\/es\/wp-content\/uploads\/sites\/6\/tobit-biergarten-header-1024x683.jpg 1024w, https:\/\/www.mtcontainer.com\/es\/wp-content\/uploads\/sites\/6\/tobit-biergarten-header-1536x1024.jpg 1536w, https:\/\/www.mtcontainer.com\/es\/wp-content\/uploads\/sites\/6\/tobit-biergarten-header-600x400.jpg 600w, https:\/\/www.mtcontainer.com\/es\/wp-content\/uploads\/sites\/6\/tobit-biergarten-header.jpg 1920w\" sizes=\"auto, (max-width: 768px) 100vw, 768px\" \/>\t\t\t<\/div>\n\t\t<\/a><!-- .post-thumbnail -->\n\t\t\t\t<div class=\"entry-content-wrap\">\n\t\t\t<header class=\"entry-header\">\n\t<h2 class=\"entry-title\"><a href=\"https:\/\/www.mtcontainer.com\/es\/blog\/analog-steel-container-becomes-digital-pop-up-beer-garden\/\" rel=\"bookmark\">C\u00f3mo transformar un contenedor en un bar: soluciones modulares para proyectos innovadores<\/a><\/h2><\/header><!-- .entry-header -->\n\t<div class=\"entry-summary\">\n\t\t<p>Los contenedores de acero ofrecen una soluci\u00f3n vers\u00e1til y eficiente para crear espacios funcionales como&#8230;<\/p>\n\t<\/div><!-- .entry-summary -->\n\t<footer class=\"entry-footer\">\n\t\t\t<div class=\"entry-actions\">\n\t\t\t<p class=\"more-link-wrap\">\n\t\t\t\t<a href=\"https:\/\/www.mtcontainer.com\/es\/blog\/analog-steel-container-becomes-digital-pop-up-beer-garden\/\" class=\"post-more-link\">\n\t\t\t\t\t <span class=\"screen-reader-text\"> C\u00f3mo transformar un contenedor en un bar: soluciones modulares para proyectos innovadores<\/span><span class=\"kadence-svg-iconset svg-baseline\"><svg aria-hidden=\"true\" class=\"kadence-svg-icon kadence-arrow-right-alt-svg\" fill=\"currentColor\" version=\"1.1\" xmlns=\"http:\/\/www.w3.org\/2000\/svg\" width=\"27\" height=\"28\" viewBox=\"0 0 27 28\"><title>Continuar<\/title><path d=\"M27 13.953c0 0.141-0.063 0.281-0.156 0.375l-6 5.531c-0.156 0.141-0.359 0.172-0.547 0.094-0.172-0.078-0.297-0.25-0.297-0.453v-3.5h-19.5c-0.281 0-0.5-0.219-0.5-0.5v-3c0-0.281 0.219-0.5 0.5-0.5h19.5v-3.5c0-0.203 0.109-0.375 0.297-0.453s0.391-0.047 0.547 0.078l6 5.469c0.094 0.094 0.156 0.219 0.156 0.359v0z\"><\/path>\n\t\t\t<\/svg><\/span>\t\t\t\t<\/a>\n\t\t\t<\/p>\n\t\t<\/div><!-- .entry-actions -->\n\t\t<\/footer><!-- .entry-footer -->\t\t<\/div>\n\t<\/article>\n<\/li>\n<\/ul><\/div><\/div>\n\n<\/div><\/div><\/div><\/div>\n\n<\/div><\/div>\n\n<style>.kb-row-layout-id21_ffb9c9-e1 > .kt-row-column-wrap{align-content:start;}:where(.kb-row-layout-id21_ffb9c9-e1 > .kt-row-column-wrap) > .wp-block-kadence-column{justify-content:start;}.kb-row-layout-id21_ffb9c9-e1 > .kt-row-column-wrap{column-gap:var(--global-kb-gap-md, 2rem);row-gap:var(--global-kb-gap-md, 2rem);max-width:var( --global-content-width, 1600px );padding-left:var(--global-content-edge-padding);padding-right:var(--global-content-edge-padding);padding-top:80px;padding-bottom:80px;grid-template-columns:minmax(0, calc(40% - ((var(--global-kb-gap-md, 2rem) * 1 )\/2)))minmax(0, calc(60% - ((var(--global-kb-gap-md, 2rem) * 1 )\/2)));}.kb-row-layout-id21_ffb9c9-e1 > .kt-row-layout-overlay{opacity:0.30;}@media all and (max-width: 1024px){.kb-row-layout-id21_ffb9c9-e1 > .kt-row-column-wrap{grid-template-columns:minmax(0, 1fr) minmax(0, 2fr);}}@media all and (max-width: 767px){.kb-row-layout-id21_ffb9c9-e1 > .kt-row-column-wrap{grid-template-columns:minmax(0, 1fr);}}<\/style><div class=\"kb-row-layout-wrap kb-row-layout-id21_ffb9c9-e1 alignfull wp-block-kadence-rowlayout\"><div class=\"kt-row-column-wrap kt-has-2-columns kt-row-layout-right-golden kt-tab-layout-inherit kt-mobile-layout-row kt-row-valign-top kb-theme-content-width\">\n<style>.kadence-column21_d1aea3-d0 > .kt-inside-inner-col,.kadence-column21_d1aea3-d0 > .kt-inside-inner-col:before{border-top-left-radius:0px;border-top-right-radius:0px;border-bottom-right-radius:0px;border-bottom-left-radius:0px;}.kadence-column21_d1aea3-d0 > .kt-inside-inner-col{column-gap:var(--global-kb-gap-sm, 1rem);}.kadence-column21_d1aea3-d0 > .kt-inside-inner-col{flex-direction:column;}.kadence-column21_d1aea3-d0 > .kt-inside-inner-col > .aligncenter{width:100%;}.kadence-column21_d1aea3-d0 > .kt-inside-inner-col:before{opacity:0.3;}.kadence-column21_d1aea3-d0{position:relative;}@media all and (max-width: 1024px){.kadence-column21_d1aea3-d0 > .kt-inside-inner-col{flex-direction:column;justify-content:center;}}@media all and (max-width: 767px){.kadence-column21_d1aea3-d0 > .kt-inside-inner-col{flex-direction:column;justify-content:center;}}<\/style>\n<div class=\"wp-block-kadence-column kadence-column21_d1aea3-d0 inner-column-1\"><div class=\"kt-inside-inner-col\"><style>.kb-image21_ecfaa0-fb .kb-image-has-overlay:after{opacity:0.3;}<\/style>\n<figure class=\"wp-block-kadence-image kb-image21_ecfaa0-fb size-large\"><img loading=\"lazy\" decoding=\"async\" width=\"1024\" height=\"542\" src=\"https:\/\/www.mtcontainer.com\/es\/wp-content\/uploads\/sites\/6\/Blog_MT-Container-1024x542.jpg\" alt=\"\" class=\"kb-img wp-image-566\" srcset=\"https:\/\/www.mtcontainer.com\/es\/wp-content\/uploads\/sites\/6\/Blog_MT-Container-1024x542.jpg 1024w, https:\/\/www.mtcontainer.com\/es\/wp-content\/uploads\/sites\/6\/Blog_MT-Container-300x159.jpg 300w, https:\/\/www.mtcontainer.com\/es\/wp-content\/uploads\/sites\/6\/Blog_MT-Container-768x406.jpg 768w, https:\/\/www.mtcontainer.com\/es\/wp-content\/uploads\/sites\/6\/Blog_MT-Container-1536x813.jpg 1536w, https:\/\/www.mtcontainer.com\/es\/wp-content\/uploads\/sites\/6\/Blog_MT-Container-600x317.jpg 600w, https:\/\/www.mtcontainer.com\/es\/wp-content\/uploads\/sites\/6\/Blog_MT-Container.jpg 1578w\" sizes=\"auto, (max-width: 1024px) 100vw, 1024px\" \/><\/figure>\n<\/div><\/div>\n\n\n<style>.kadence-column21_b2f0ac-21 > .kt-inside-inner-col,.kadence-column21_b2f0ac-21 > .kt-inside-inner-col:before{border-top-left-radius:0px;border-top-right-radius:0px;border-bottom-right-radius:0px;border-bottom-left-radius:0px;}.kadence-column21_b2f0ac-21 > .kt-inside-inner-col{column-gap:var(--global-kb-gap-sm, 1rem);}.kadence-column21_b2f0ac-21 > .kt-inside-inner-col{flex-direction:column;}.kadence-column21_b2f0ac-21 > .kt-inside-inner-col > .aligncenter{width:100%;}.kadence-column21_b2f0ac-21 > .kt-inside-inner-col:before{opacity:0.3;}.kadence-column21_b2f0ac-21{position:relative;}@media all and (max-width: 1024px){.kadence-column21_b2f0ac-21 > .kt-inside-inner-col{flex-direction:column;justify-content:center;}}@media all and (max-width: 767px){.kadence-column21_b2f0ac-21 > .kt-inside-inner-col{flex-direction:column;justify-content:center;}}<\/style>\n<div class=\"wp-block-kadence-column kadence-column21_b2f0ac-21 inner-column-2\"><div class=\"kt-inside-inner-col\"><style>.wp-block-kadence-advancedheading.kt-adv-heading21_6ae206-8f, .wp-block-kadence-advancedheading.kt-adv-heading21_6ae206-8f[data-kb-block=\"kb-adv-heading21_6ae206-8f\"]{font-size:24px;font-style:normal;}.wp-block-kadence-advancedheading.kt-adv-heading21_6ae206-8f mark.kt-highlight, .wp-block-kadence-advancedheading.kt-adv-heading21_6ae206-8f[data-kb-block=\"kb-adv-heading21_6ae206-8f\"] mark.kt-highlight{font-style:normal;color:#f76a0c;-webkit-box-decoration-break:clone;box-decoration-break:clone;padding-top:0px;padding-right:0px;padding-bottom:0px;padding-left:0px;}.wp-block-kadence-advancedheading.kt-adv-heading21_6ae206-8f img.kb-inline-image, .wp-block-kadence-advancedheading.kt-adv-heading21_6ae206-8f[data-kb-block=\"kb-adv-heading21_6ae206-8f\"] img.kb-inline-image{width:150px;vertical-align:baseline;}<\/style>\n<p class=\"kt-adv-heading21_6ae206-8f wp-block-kadence-advancedheading\" data-kb-block=\"kb-adv-heading21_6ae206-8f\"><strong>Whether general cargo, bulky goods, refrigerated goods or liquid: we have the perfect solution for your cargo.<\/strong><\/p>\n\n\n<style>.wp-block-kadence-advancedheading.kt-adv-heading21_984b56-3d, .wp-block-kadence-advancedheading.kt-adv-heading21_984b56-3d[data-kb-block=\"kb-adv-heading21_984b56-3d\"]{font-style:normal;}.wp-block-kadence-advancedheading.kt-adv-heading21_984b56-3d mark.kt-highlight, .wp-block-kadence-advancedheading.kt-adv-heading21_984b56-3d[data-kb-block=\"kb-adv-heading21_984b56-3d\"] mark.kt-highlight{font-style:normal;color:#f76a0c;-webkit-box-decoration-break:clone;box-decoration-break:clone;padding-top:0px;padding-right:0px;padding-bottom:0px;padding-left:0px;}.wp-block-kadence-advancedheading.kt-adv-heading21_984b56-3d img.kb-inline-image, .wp-block-kadence-advancedheading.kt-adv-heading21_984b56-3d[data-kb-block=\"kb-adv-heading21_984b56-3d\"] img.kb-inline-image{width:150px;vertical-align:baseline;}<\/style>\n<p class=\"kt-adv-heading21_984b56-3d wp-block-kadence-advancedheading\" data-kb-block=\"kb-adv-heading21_984b56-3d\">Visit our online store<\/p>\n\n\n<style>.wp-block-kadence-advancedbtn.kb-btns21_42de17-29{gap:var(--global-kb-gap-xs, 0.5rem );justify-content:flex-start;align-items:center;}.kt-btns21_42de17-29 .kt-button{font-weight:normal;font-style:normal;}<\/style>\n<div class=\"wp-block-kadence-advancedbtn kb-buttons-wrap kb-btns21_42de17-29\"><style>ul.menu .wp-block-kadence-advancedbtn .kb-btn21_c58d15-c8.kb-button{width:initial;}.kb-btn21_c58d15-c8.kb-button .kt-btn-inner-text{display:none;}<\/style><a class=\"kb-button kt-button button kb-btn21_c58d15-c8 kt-btn-size-standard kt-btn-width-type-auto kb-btn-global-inherit  kt-btn-has-text-false kt-btn-has-svg-true  wp-block-button__link wp-block-kadence-singlebtn\" href=\"\/m-a-s-t-e-r-with-s-h-o-p\/contenedor\/\"><span class=\"kb-svg-icon-wrap kb-svg-icon-fe_arrowRight kt-btn-icon-side-right\"><svg viewBox=\"0 0 24 24\"  fill=\"none\" stroke=\"currentColor\" stroke-width=\"2\" stroke-linecap=\"round\" stroke-linejoin=\"round\" xmlns=\"http:\/\/www.w3.org\/2000\/svg\"  aria-hidden=\"true\"><line x1=\"5\" y1=\"12\" x2=\"19\" y2=\"12\"\/><polyline points=\"12 5 19 12 12 19\"\/><\/svg><\/span><\/a><\/div>\n<\/div><\/div>\n\n<\/div><\/div>","protected":false},"excerpt":{"rendered":"<p>MT Container Blog Whether general cargo, bulky goods, refrigerated goods or liquid: we have the&#8230;<\/p>\n","protected":false},"author":1,"featured_media":0,"parent":0,"menu_order":0,"comment_status":"closed","ping_status":"closed","template":"","meta":{"_acf_changed":false,"_kad_blocks_custom_css":"","_kad_blocks_head_custom_js":"","_kad_blocks_body_custom_js":"","_kad_blocks_footer_custom_js":"","_kad_post_transparent":"","_kad_post_title":"hide","_kad_post_layout":"left","_kad_post_sidebar_id":"","_kad_post_content_style":"","_kad_post_vertical_padding":"hide","_kad_post_feature":"","_kad_post_feature_position":"","_kad_post_header":false,"_kad_post_footer":false,"_kad_post_classname":"","footnotes":""},"class_list":["post-21","page","type-page","status-publish","hentry"],"acf":[],"taxonomy_info":[],"featured_image_src_large":false,"author_info":{"display_name":"Frank","author_link":"https:\/\/www.mtcontainer.com\/es\/author\/frank\/"},"comment_info":0,"_links":{"self":[{"href":"https:\/\/www.mtcontainer.com\/es\/wp-json\/wp\/v2\/pages\/21","targetHints":{"allow":["GET"]}}],"collection":[{"href":"https:\/\/www.mtcontainer.com\/es\/wp-json\/wp\/v2\/pages"}],"about":[{"href":"https:\/\/www.mtcontainer.com\/es\/wp-json\/wp\/v2\/types\/page"}],"author":[{"embeddable":true,"href":"https:\/\/www.mtcontainer.com\/es\/wp-json\/wp\/v2\/users\/1"}],"replies":[{"embeddable":true,"href":"https:\/\/www.mtcontainer.com\/es\/wp-json\/wp\/v2\/comments?post=21"}],"version-history":[{"count":2,"href":"https:\/\/www.mtcontainer.com\/es\/wp-json\/wp\/v2\/pages\/21\/revisions"}],"predecessor-version":[{"id":224534,"href":"https:\/\/www.mtcontainer.com\/es\/wp-json\/wp\/v2\/pages\/21\/revisions\/224534"}],"wp:attachment":[{"href":"https:\/\/www.mtcontainer.com\/es\/wp-json\/wp\/v2\/media?parent=21"}],"curies":[{"name":"wp","href":"https:\/\/api.w.org\/{rel}","templated":true}]}}